{"id":185,"date":"2016-05-08T17:35:26","date_gmt":"2016-05-08T15:35:26","guid":{"rendered":"http:\/\/www.sv-sf.be\/SFXL\/?page_id=185"},"modified":"2025-09-02T11:02:29","modified_gmt":"2025-09-02T09:02:29","slug":"reglement-des-etudes","status":"publish","type":"page","link":"http:\/\/www.sv-sf.be\/SFXL\/?page_id=185","title":{"rendered":"R\u00c8GLEMENT DES \u00c9TUDES"},"content":{"rendered":"<p>[et_pb_section fb_built=\u00a0\u00bb1&Prime; custom_padding_last_edited=\u00a0\u00bbon|desktop\u00a0\u00bb admin_label=\u00a0\u00bbsection\u00a0\u00bb _builder_version=\u00a0\u00bb4.16&Prime; background_color=\u00a0\u00bb#004080&Prime; background_image=\u00a0\u00bbhttp:\/\/www.sv-sf.be\/SFXL\/wp-content\/uploads\/2016\/05\/fond_menu_vert.jpg\u00a0\u00bb custom_padding_tablet=\u00a0\u00bb50px|0|50px|0&Prime; custom_padding_phone=\u00a0\u00bb\u00a0\u00bb transparent_background=\u00a0\u00bboff\u00a0\u00bb padding_mobile=\u00a0\u00bboff\u00a0\u00bb make_fullwidth=\u00a0\u00bboff\u00a0\u00bb use_custom_width=\u00a0\u00bboff\u00a0\u00bb width_unit=\u00a0\u00bbon\u00a0\u00bb global_colors_info=\u00a0\u00bb{}\u00a0\u00bb][et_pb_row padding_mobile=\u00a0\u00bboff\u00a0\u00bb column_padding_mobile=\u00a0\u00bbon\u00a0\u00bb admin_label=\u00a0\u00bbrow\u00a0\u00bb _builder_version=\u00a0\u00bb4.16&Prime; background_color=\u00a0\u00bbrgba(255,255,255,0)\u00a0\u00bb background_size=\u00a0\u00bbinitial\u00a0\u00bb background_position=\u00a0\u00bbtop_left\u00a0\u00bb background_repeat=\u00a0\u00bbrepeat\u00a0\u00bb make_fullwidth=\u00a0\u00bboff\u00a0\u00bb use_custom_width=\u00a0\u00bboff\u00a0\u00bb width_unit=\u00a0\u00bbon\u00a0\u00bb global_colors_info=\u00a0\u00bb{}\u00a0\u00bb][et_pb_column type=\u00a0\u00bb4_4&Prime; _builder_version=\u00a0\u00bb4.16&Prime; background_color=\u00a0\u00bbrgba(255,255,255,0)\u00a0\u00bb custom_padding=\u00a0\u00bb|||\u00a0\u00bb global_colors_info=\u00a0\u00bb{}\u00a0\u00bb custom_padding__hover=\u00a0\u00bb|||\u00a0\u00bb][et_pb_text admin_label=\u00a0\u00bbR\u00c8GLEMENT DES \u00c9TUDES\u00a0\u00bb _builder_version=\u00a0\u00bb4.16&Prime; text_font=\u00a0\u00bbCuprum|on|||\u00a0\u00bb text_text_color=\u00a0\u00bb#ffffff\u00a0\u00bb text_font_size=\u00a0\u00bb28&Prime; text_line_height=\u00a0\u00bb1.8em\u00a0\u00bb background_size=\u00a0\u00bbinitial\u00a0\u00bb background_position=\u00a0\u00bbtop_left\u00a0\u00bb background_repeat=\u00a0\u00bbrepeat\u00a0\u00bb text_orientation=\u00a0\u00bbcenter\u00a0\u00bb module_alignment=\u00a0\u00bbcenter\u00a0\u00bb custom_margin=\u00a0\u00bb0px||0px|\u00a0\u00bb custom_padding=\u00a0\u00bb0px||0px|\u00a0\u00bb text_font_size_last_edited=\u00a0\u00bboff|phone\u00a0\u00bb use_border_color=\u00a0\u00bboff\u00a0\u00bb border_color=\u00a0\u00bb#000000&Prime; border_style=\u00a0\u00bbsolid\u00a0\u00bb global_colors_info=\u00a0\u00bb{}\u00a0\u00bb] R\u00c8GLEMENT DES \u00c9TUDES [\/et_pb_text][\/et_pb_column][\/et_pb_row][\/et_pb_section][et_pb_section fb_built=\u00a0\u00bb1&Prime; custom_padding_last_edited=\u00a0\u00bbon|desktop\u00a0\u00bb admin_label=\u00a0\u00bbSection\u00a0\u00bb _builder_version=\u00a0\u00bb4.16&Prime; background_color=\u00a0\u00bb#e5f7e5&Prime; custom_padding_tablet=\u00a0\u00bb50px|0|50px|0&Prime; custom_padding_phone=\u00a0\u00bb\u00a0\u00bb transparent_background=\u00a0\u00bboff\u00a0\u00bb padding_mobile=\u00a0\u00bboff\u00a0\u00bb make_fullwidth=\u00a0\u00bboff\u00a0\u00bb use_custom_width=\u00a0\u00bboff\u00a0\u00bb width_unit=\u00a0\u00bbon\u00a0\u00bb global_colors_info=\u00a0\u00bb{}\u00a0\u00bb][et_pb_row column_structure=\u00a0\u00bb1_3,2_3&Prime; admin_label=\u00a0\u00bbLigne\u00a0\u00bb _builder_version=\u00a0\u00bb4.16&Prime; background_size=\u00a0\u00bbinitial\u00a0\u00bb background_position=\u00a0\u00bbtop_left\u00a0\u00bb background_repeat=\u00a0\u00bbrepeat\u00a0\u00bb global_colors_info=\u00a0\u00bb{}\u00a0\u00bb][et_pb_column type=\u00a0\u00bb1_3&Prime; _builder_version=\u00a0\u00bb4.16&Prime; custom_padding=\u00a0\u00bb|||\u00a0\u00bb global_colors_info=\u00a0\u00bb{}\u00a0\u00bb custom_padding__hover=\u00a0\u00bb|||\u00a0\u00bb][et_pb_image src=\u00a0\u00bbhttp:\/\/www.sv-sf.be\/SVXL\/wp-content\/uploads\/2016\/04\/reglement_illustration.jpg\u00a0\u00bb align_tablet=\u00a0\u00bbcenter\u00a0\u00bb align_phone=\u00a0\u00bb\u00a0\u00bb align_last_edited=\u00a0\u00bbon|desktop\u00a0\u00bb admin_label=\u00a0\u00bbPHOTO\u00a0\u00bb _builder_version=\u00a0\u00bb4.16&Prime; animation_style=\u00a0\u00bbslide\u00a0\u00bb animation_direction=\u00a0\u00bbleft\u00a0\u00bb animation_duration=\u00a0\u00bb500ms\u00a0\u00bb animation_intensity_slide=\u00a0\u00bb10%\u00a0\u00bb border_width_all=\u00a0\u00bb1px\u00a0\u00bb border_color_all=\u00a0\u00bb#008000&Prime; border_style_all=\u00a0\u00bbsolid\u00a0\u00bb use_border_color=\u00a0\u00bbon\u00a0\u00bb border_color=\u00a0\u00bb#008000&Prime; border_style=\u00a0\u00bbsolid\u00a0\u00bb animation=\u00a0\u00bbleft\u00a0\u00bb sticky=\u00a0\u00bboff\u00a0\u00bb always_center_on_mobile=\u00a0\u00bbon\u00a0\u00bb global_colors_info=\u00a0\u00bb{}\u00a0\u00bb] [\/et_pb_image][\/et_pb_column][et_pb_column type=\u00a0\u00bb2_3&Prime; _builder_version=\u00a0\u00bb4.16&Prime; custom_padding=\u00a0\u00bb|||\u00a0\u00bb global_colors_info=\u00a0\u00bb{}\u00a0\u00bb custom_padding__hover=\u00a0\u00bb|||\u00a0\u00bb][et_pb_text admin_label=\u00a0\u00bbTexte\u00a0\u00bb _builder_version=\u00a0\u00bb4.16&Prime; text_text_color=\u00a0\u00bb#000000&Prime; text_font_size=\u00a0\u00bb15&Prime; background_size=\u00a0\u00bbinitial\u00a0\u00bb background_position=\u00a0\u00bbtop_left\u00a0\u00bb background_repeat=\u00a0\u00bbrepeat\u00a0\u00bb text_orientation=\u00a0\u00bbjustified\u00a0\u00bb custom_margin=\u00a0\u00bb0px||0px|\u00a0\u00bb custom_padding=\u00a0\u00bb0px||0px|\u00a0\u00bb text_font_size_tablet=\u00a0\u00bb\u00a0\u00bb text_font_size_phone=\u00a0\u00bb17&Prime; text_font_size_last_edited=\u00a0\u00bbon|phone\u00a0\u00bb use_border_color=\u00a0\u00bboff\u00a0\u00bb border_color=\u00a0\u00bb#ffffff\u00a0\u00bb border_style=\u00a0\u00bbsolid\u00a0\u00bb global_colors_info=\u00a0\u00bb{}\u00a0\u00bb]<\/p>\n<p>Le\u00a0<strong>R\u00c8GLEMENT DES \u00c9TUDES<\/strong> s\u2019adresse \u00e0 tous les \u00e9l\u00e8ves, y compris les \u00e9l\u00e8ves majeurs, et \u00e0 leurs parents. Il a pour but de les informer sur les modalit\u00e9s d\u2019organisation des \u00e9tudes. R\u00e9dig\u00e9 par l\u2019\u00e9quipe \u00e9ducative et approuv\u00e9 par le Pouvoir Organisateur, il est \u00e0 lire \u00e0 la lumi\u00e8re de la CHARTE du Coll\u00e8ge\u00a0Saint Fran\u00e7ois et doit \u00eatre compl\u00e9t\u00e9 par le <strong><a href=\"http:\/\/www.sv-sf.be\/SFXL\/?page_id=187\">R\u00c8GLEMENT D&rsquo;ORDRE INT\u00c9RIEUR<\/a><\/strong>.<\/p>\n<p>Le r\u00e8glement est r\u00e9dig\u00e9 en conformit\u00e9 avec le d\u00e9cret Missions de l\u2019enseignement du 24 juillet 1997 (notamment l\u2019article 78 qui d\u00e9finit le contenu d\u2019un r\u00e8glement des \u00e9tudes). En outre, tous les textes l\u00e9gaux auxquels le Pouvoir Organisateur est soumis sont d\u2019application au Coll\u00e8ge\u00a0Saint Fran\u00e7ois.<\/p>\n<p>Le r\u00e8glement ne peut dispenser les \u00e9l\u00e8ves, y compris les \u00e9l\u00e8ves majeurs, et leurs parents de se conformer aux modifications l\u00e9gales qui interviennent en cours d\u2019ann\u00e9e scolaire ou \u00e0 toute autre communication \u00e9manant de la Direction.<\/p>\n<p>La signature du\u00a0<strong>R\u00c8GLEMENT DES \u00c9TUDES<\/strong> par l\u2019\u00e9l\u00e8ve et ses parents ou par l\u2019\u00e9l\u00e8ve majeur est une des conditions d\u2019inscription au Coll\u00e8ge Saint Vincent \u2013 Saint Fran\u00e7ois.<\/p>\n<p>Le <strong>R\u00c8GLEMENT DES \u00c9TUDES<\/strong> dans sa forme compl\u00e8te est disponible en t\u00e9l\u00e9chargement au format PDF.<\/p>\n<p>&nbsp;<\/p>\n<p>[\/et_pb_text][et_pb_toggle title=\u00a0\u00bbDOCUMENTS DISPONIBLES\u00a0\u00bb open=\u00a0\u00bbon\u00a0\u00bb admin_label=\u00a0\u00bbPDF\u00a0\u00bb _builder_version=\u00a0\u00bb4.27.4&Prime; title_text_color=\u00a0\u00bb#008000&Prime; title_font=\u00a0\u00bb|on||on|\u00a0\u00bb body_font=\u00a0\u00bb|on||on|\u00a0\u00bb body_font_size=\u00a0\u00bb16&Prime; background_size=\u00a0\u00bbinitial\u00a0\u00bb background_position=\u00a0\u00bbtop_left\u00a0\u00bb background_repeat=\u00a0\u00bbrepeat\u00a0\u00bb hover_enabled=\u00a0\u00bb0&Prime; title_font_size_tablet=\u00a0\u00bb\u00a0\u00bb title_font_size_phone=\u00a0\u00bb18&Prime; title_font_size_last_edited=\u00a0\u00bbon|phone\u00a0\u00bb body_font_size_tablet=\u00a0\u00bb\u00a0\u00bb body_font_size_phone=\u00a0\u00bb18&Prime; body_font_size_last_edited=\u00a0\u00bbon|phone\u00a0\u00bb use_border_color=\u00a0\u00bboff\u00a0\u00bb border_color=\u00a0\u00bb#ffffff\u00a0\u00bb border_style=\u00a0\u00bbsolid\u00a0\u00bb saved_tabs=\u00a0\u00bball\u00a0\u00bb global_colors_info=\u00a0\u00bb{}\u00a0\u00bb sticky_enabled=\u00a0\u00bb0&Prime;]<\/p>\n<ul>\n<li><a href=\"http:\/\/www.sv-sf.be\/SFXL\/wp-content\/uploads\/2025\/09\/reglement_des_etudes.pdf\" target=\"_blank\" rel=\"noopener noreferrer\">R\u00e8glement des \u00e9tudes [PDF]<\/a><\/li>\n<li><a href=\"http:\/\/www.sv-sf.be\/SFXL\/wp-content\/uploads\/2020\/05\/reglement-des-etudes-amendements-et-abrogations-coronavirus.pdf\" target=\"_blank\" rel=\"attachment noopener wp-att-3045 noreferrer\">R\u00c8GLEMENT DES ETUDES &#8211; AMENDEMENTS ET ABROGATIONS CORONAVIRUS [PDF]<\/a><\/li>\n<\/ul>\n<p>[\/et_pb_toggle][\/et_pb_column][\/et_pb_row][\/et_pb_section]<\/p>\n","protected":false},"excerpt":{"rendered":"<p>R\u00c8GLEMENT DES \u00c9TUDES Le\u00a0R\u00c8GLEMENT DES \u00c9TUDES s\u2019adresse \u00e0 tous les \u00e9l\u00e8ves, y compris les \u00e9l\u00e8ves majeurs, et \u00e0 leurs parents. Il a pour but de les informer sur les modalit\u00e9s d\u2019organisation des \u00e9tudes. R\u00e9dig\u00e9 par l\u2019\u00e9quipe \u00e9ducative et approuv\u00e9 par le Pouvoir Organisateur, il est \u00e0 lire \u00e0 la lumi\u00e8re de la CHARTE du Coll\u00e8ge\u00a0Saint [&hellip;]<\/p>\n","protected":false},"author":1,"featured_media":0,"parent":0,"menu_order":0,"comment_status":"closed","ping_status":"closed","template":"","meta":{"_et_pb_use_builder":"on","_et_pb_old_content":"","_et_gb_content_width":"","footnotes":""},"class_list":["post-185","page","type-page","status-publish","hentry"],"_links":{"self":[{"href":"http:\/\/www.sv-sf.be\/SFXL\/index.php?rest_route=\/wp\/v2\/pages\/185","targetHints":{"allow":["GET"]}}],"collection":[{"href":"http:\/\/www.sv-sf.be\/SFXL\/index.php?rest_route=\/wp\/v2\/pages"}],"about":[{"href":"http:\/\/www.sv-sf.be\/SFXL\/index.php?rest_route=\/wp\/v2\/types\/page"}],"author":[{"embeddable":true,"href":"http:\/\/www.sv-sf.be\/SFXL\/index.php?rest_route=\/wp\/v2\/users\/1"}],"replies":[{"embeddable":true,"href":"http:\/\/www.sv-sf.be\/SFXL\/index.php?rest_route=%2Fwp%2Fv2%2Fcomments&post=185"}],"version-history":[{"count":5,"href":"http:\/\/www.sv-sf.be\/SFXL\/index.php?rest_route=\/wp\/v2\/pages\/185\/revisions"}],"predecessor-version":[{"id":4273,"href":"http:\/\/www.sv-sf.be\/SFXL\/index.php?rest_route=\/wp\/v2\/pages\/185\/revisions\/4273"}],"wp:attachment":[{"href":"http:\/\/www.sv-sf.be\/SFXL\/index.php?rest_route=%2Fwp%2Fv2%2Fmedia&parent=185"}],"curies":[{"name":"wp","href":"https:\/\/api.w.org\/{rel}","templated":true}]}}