{"id":256,"date":"2016-05-08T22:36:52","date_gmt":"2016-05-08T20:36:52","guid":{"rendered":"http:\/\/www.sv-sf.be\/SFXL\/?page_id=256"},"modified":"2023-04-04T12:12:39","modified_gmt":"2023-04-04T10:12:39","slug":"les-activites","status":"publish","type":"page","link":"http:\/\/www.sv-sf.be\/SFXL\/?page_id=256","title":{"rendered":"LES ACTIVIT\u00c9S"},"content":{"rendered":"<p>[et_pb_section fb_built=\u00a0\u00bb1&Prime; custom_padding_last_edited=\u00a0\u00bbon|desktop\u00a0\u00bb admin_label=\u00a0\u00bbsection\u00a0\u00bb _builder_version=\u00a0\u00bb3.22&Prime; background_color=\u00a0\u00bb#004080&Prime; background_image=\u00a0\u00bbhttp:\/\/www.sv-sf.be\/SFXL\/wp-content\/uploads\/2016\/05\/fond_menu_vert.jpg\u00a0\u00bb custom_padding_tablet=\u00a0\u00bb50px|0|50px|0&Prime; custom_padding_phone=\u00a0\u00bb\u00a0\u00bb transparent_background=\u00a0\u00bboff\u00a0\u00bb padding_mobile=\u00a0\u00bboff\u00a0\u00bb make_fullwidth=\u00a0\u00bboff\u00a0\u00bb use_custom_width=\u00a0\u00bboff\u00a0\u00bb width_unit=\u00a0\u00bbon\u00a0\u00bb global_colors_info=\u00a0\u00bb{}\u00a0\u00bb][et_pb_row padding_mobile=\u00a0\u00bboff\u00a0\u00bb column_padding_mobile=\u00a0\u00bbon\u00a0\u00bb admin_label=\u00a0\u00bbrow\u00a0\u00bb _builder_version=\u00a0\u00bb3.25&Prime; background_color=\u00a0\u00bbrgba(255,255,255,0)\u00a0\u00bb background_size=\u00a0\u00bbinitial\u00a0\u00bb background_position=\u00a0\u00bbtop_left\u00a0\u00bb background_repeat=\u00a0\u00bbrepeat\u00a0\u00bb make_fullwidth=\u00a0\u00bboff\u00a0\u00bb use_custom_width=\u00a0\u00bboff\u00a0\u00bb width_unit=\u00a0\u00bbon\u00a0\u00bb global_colors_info=\u00a0\u00bb{}\u00a0\u00bb][et_pb_column type=\u00a0\u00bb4_4&Prime; _builder_version=\u00a0\u00bb3.25&Prime; background_color=\u00a0\u00bbrgba(255,255,255,0)\u00a0\u00bb custom_padding=\u00a0\u00bb|||\u00a0\u00bb global_colors_info=\u00a0\u00bb{}\u00a0\u00bb custom_padding__hover=\u00a0\u00bb|||\u00a0\u00bb][et_pb_text admin_label=\u00a0\u00bbPHOTOS &#8211; ACTIVIT\u00c9S\u00a0\u00bb _builder_version=\u00a0\u00bb3.27.4&Prime; text_font=\u00a0\u00bbCuprum|on|||\u00a0\u00bb text_text_color=\u00a0\u00bb#ffffff\u00a0\u00bb text_font_size=\u00a0\u00bb28&Prime; text_line_height=\u00a0\u00bb1.8em\u00a0\u00bb background_color=\u00a0\u00bbrgba(255,255,255,0)\u00a0\u00bb background_size=\u00a0\u00bbinitial\u00a0\u00bb background_position=\u00a0\u00bbtop_left\u00a0\u00bb background_repeat=\u00a0\u00bbrepeat\u00a0\u00bb text_orientation=\u00a0\u00bbcenter\u00a0\u00bb module_alignment=\u00a0\u00bbcenter\u00a0\u00bb custom_margin=\u00a0\u00bb0px||0px|\u00a0\u00bb custom_margin_last_edited=\u00a0\u00bboff|desktop\u00a0\u00bb custom_padding=\u00a0\u00bb0px||0px|\u00a0\u00bb text_font_size_tablet=\u00a0\u00bb\u00a0\u00bb text_font_size_phone=\u00a0\u00bb\u00a0\u00bb text_font_size_last_edited=\u00a0\u00bbon|phone\u00a0\u00bb use_border_color=\u00a0\u00bboff\u00a0\u00bb border_color=\u00a0\u00bb#000000&Prime; border_style=\u00a0\u00bbsolid\u00a0\u00bb global_colors_info=\u00a0\u00bb{}\u00a0\u00bb]<\/p>\n<p>\nPHOTOS &#8211; ACTIVIT\u00c9S<\/p>\n<p>[\/et_pb_text][\/et_pb_column][\/et_pb_row][\/et_pb_section][et_pb_section fb_built=\u00a0\u00bb1&Prime; custom_padding_last_edited=\u00a0\u00bbon|desktop\u00a0\u00bb _builder_version=\u00a0\u00bb3.22&Prime; background_color=\u00a0\u00bb#ffffff\u00a0\u00bb custom_padding_tablet=\u00a0\u00bb50px|0|50px|0&Prime; custom_padding_phone=\u00a0\u00bb\u00a0\u00bb transparent_background=\u00a0\u00bboff\u00a0\u00bb global_colors_info=\u00a0\u00bb{}\u00a0\u00bb][et_pb_row column_structure=\u00a0\u00bb1_3,2_3&Prime; _builder_version=\u00a0\u00bb3.25&Prime; background_size=\u00a0\u00bbinitial\u00a0\u00bb background_position=\u00a0\u00bbtop_left\u00a0\u00bb background_repeat=\u00a0\u00bbrepeat\u00a0\u00bb global_colors_info=\u00a0\u00bb{}\u00a0\u00bb][et_pb_column type=\u00a0\u00bb1_3&Prime; _builder_version=\u00a0\u00bb3.25&Prime; custom_padding=\u00a0\u00bb|||\u00a0\u00bb global_colors_info=\u00a0\u00bb{}\u00a0\u00bb custom_padding__hover=\u00a0\u00bb|||\u00a0\u00bb][et_pb_toggle title=\u00a0\u00bbCHARTE DU DROIT D&rsquo;IMAGE\u00a0\u00bb open=\u00a0\u00bbon\u00a0\u00bb closed_toggle_background_color=\u00a0\u00bb#ffffff\u00a0\u00bb admin_label=\u00a0\u00bbPDF\u00a0\u00bb _builder_version=\u00a0\u00bb3.2.2&Prime; title_text_color=\u00a0\u00bb#008000&Prime; title_font=\u00a0\u00bb|on||on|\u00a0\u00bb body_font=\u00a0\u00bb|on||on|\u00a0\u00bb body_font_size=\u00a0\u00bb16&Prime; background_size=\u00a0\u00bbinitial\u00a0\u00bb background_position=\u00a0\u00bbtop_left\u00a0\u00bb background_repeat=\u00a0\u00bbrepeat\u00a0\u00bb title_font_size_tablet=\u00a0\u00bb\u00a0\u00bb title_font_size_phone=\u00a0\u00bb18&Prime; title_font_size_last_edited=\u00a0\u00bbon|phone\u00a0\u00bb body_font_size_tablet=\u00a0\u00bb\u00a0\u00bb body_font_size_phone=\u00a0\u00bb18&Prime; body_font_size_last_edited=\u00a0\u00bbon|phone\u00a0\u00bb use_border_color=\u00a0\u00bboff\u00a0\u00bb saved_tabs=\u00a0\u00bball\u00a0\u00bb global_colors_info=\u00a0\u00bb{}\u00a0\u00bb]<\/p>\n<ul>\n<li><a href=\"http:\/\/www.sv-sf.be\/SFXL\/wp-content\/uploads\/2016\/06\/CHARTE_DROIT_IMAGE.pdf\" target=\"_blank\" rel=\"noopener noreferrer\">CHARTE DU DROIT D&rsquo;IMAGE [PDF]<\/a><\/li>\n<\/ul>\n<p>[\/et_pb_toggle][\/et_pb_column][et_pb_column type=\u00a0\u00bb2_3&Prime; _builder_version=\u00a0\u00bb3.25&Prime; custom_padding=\u00a0\u00bb|||\u00a0\u00bb global_colors_info=\u00a0\u00bb{}\u00a0\u00bb custom_padding__hover=\u00a0\u00bb|||\u00a0\u00bb][et_pb_text _builder_version=\u00a0\u00bb4.4.3&Prime; text_font=\u00a0\u00bbCuprum|on|on||\u00a0\u00bb text_text_color=\u00a0\u00bb#c00000&Prime; text_font_size=\u00a0\u00bb15&Prime; background_size=\u00a0\u00bbinitial\u00a0\u00bb background_position=\u00a0\u00bbtop_left\u00a0\u00bb background_repeat=\u00a0\u00bbrepeat\u00a0\u00bb text_orientation=\u00a0\u00bbjustified\u00a0\u00bb custom_margin=\u00a0\u00bb0px|||\u00a0\u00bb text_font_size_tablet=\u00a0\u00bb\u00a0\u00bb text_font_size_phone=\u00a0\u00bb17&Prime; text_font_size_last_edited=\u00a0\u00bbon|phone\u00a0\u00bb use_border_color=\u00a0\u00bboff\u00a0\u00bb border_color=\u00a0\u00bb#ffffff\u00a0\u00bb border_style=\u00a0\u00bbsolid\u00a0\u00bb global_colors_info=\u00a0\u00bb{}\u00a0\u00bb]<\/p>\n<h6>LES PHOTOGRAPHIES PR\u00c9SENTES SUR CE SITE INTERNET NE PEUVENT PAS \u00caTRE MODIFI\u00c9ES \u00c0 DES FINS COMMERCIALES OU PUBLICITAIRES, NI COPI\u00c9ES OU REPRODUITES SOUS QUELQUE FORME QUE CE SOIT SANS L&rsquo;AUTORISATION DU PHOTOGRAPHE ET DE L\u2019\u00c9COLE.<br \/>TOUTE REPRODUCTION OU REPR\u00c9SENTATION D\u2019UNE PHOTOGRAPHIE PAR QUELQUE MOYEN QUE CE SOIT, IMPRIM\u00c9 OU NUM\u00c9RIQUE, \u00c0 TITRE GRATUIT OU PAYANT, EST SUBORDONN\u00c9E \u00c0 L\u2019AUTORISATION DU PHOTOGRAPHE OU DE SES AYANTS DROITS. LE NON-RESPECT DE CETTE R\u00c8GLE CONSTITUE UN D\u00c9LIT DE CONTREFA\u00c7ON.<\/h6>\n<p>[\/et_pb_text][\/et_pb_column][\/et_pb_row][\/et_pb_section][et_pb_section fb_built=\u00a0\u00bb1&Prime; custom_padding_last_edited=\u00a0\u00bbon|desktop\u00a0\u00bb _builder_version=\u00a0\u00bb3.22&Prime; background_color=\u00a0\u00bb#e5f7e5&Prime; custom_padding_tablet=\u00a0\u00bb50px|0|50px|0&Prime; custom_padding_phone=\u00a0\u00bb\u00a0\u00bb transparent_background=\u00a0\u00bboff\u00a0\u00bb padding_mobile=\u00a0\u00bboff\u00a0\u00bb make_fullwidth=\u00a0\u00bboff\u00a0\u00bb use_custom_width=\u00a0\u00bboff\u00a0\u00bb width_unit=\u00a0\u00bbon\u00a0\u00bb global_colors_info=\u00a0\u00bb{}\u00a0\u00bb][et_pb_row column_structure=\u00a0\u00bb1_3,1_3,1_3&Prime; _builder_version=\u00a0\u00bb3.25&Prime; background_size=\u00a0\u00bbinitial\u00a0\u00bb background_position=\u00a0\u00bbtop_left\u00a0\u00bb background_repeat=\u00a0\u00bbrepeat\u00a0\u00bb global_colors_info=\u00a0\u00bb{}\u00a0\u00bb][et_pb_column type=\u00a0\u00bb1_3&Prime; _builder_version=\u00a0\u00bb3.25&Prime; custom_padding=\u00a0\u00bb|||\u00a0\u00bb global_colors_info=\u00a0\u00bb{}\u00a0\u00bb custom_padding__hover=\u00a0\u00bb|||\u00a0\u00bb][et_pb_gallery gallery_ids=\u00a0\u00bb610,612,611,609,608,607,606,605,604,603,602,601&Prime; posts_number=\u00a0\u00bb1&Prime; show_pagination=\u00a0\u00bboff\u00a0\u00bb admin_label=\u00a0\u00bbBROCANTE 2010&Prime; _builder_version=\u00a0\u00bb3.0.87&Prime; title_font=\u00a0\u00bbCuprum|on|||\u00a0\u00bb title_text_color=\u00a0\u00bb#0c71c3&Prime; caption_line_height=\u00a0\u00bb14px\u00a0\u00bb caption_line_height_tablet=\u00a0\u00bb\u00a0\u00bb caption_line_height_phone=\u00a0\u00bb\u00a0\u00bb caption_line_height_last_edited=\u00a0\u00bbon|phone\u00a0\u00bb use_border_color=\u00a0\u00bboff\u00a0\u00bb border_color=\u00a0\u00bb#ffffff\u00a0\u00bb border_style=\u00a0\u00bbsolid\u00a0\u00bb global_colors_info=\u00a0\u00bb{}\u00a0\u00bb][\/et_pb_gallery][et_pb_gallery gallery_ids=\u00a0\u00bb694,705,704,703,702,701,700,699,698,697,696,695,693,692,691,690,689,688&Prime; posts_number=\u00a0\u00bb1&Prime; show_pagination=\u00a0\u00bboff\u00a0\u00bb zoom_icon_color=\u00a0\u00bb#008000&Prime; admin_label=\u00a0\u00bbINCROYABLE TALENT &rsquo;16\u00a0\u00bb _builder_version=\u00a0\u00bb3.17.6&Prime; title_font=\u00a0\u00bbCuprum|on|||\u00a0\u00bb title_text_color=\u00a0\u00bb#0c71c3&Prime; caption_line_height=\u00a0\u00bb14px\u00a0\u00bb caption_line_height_tablet=\u00a0\u00bb\u00a0\u00bb caption_line_height_phone=\u00a0\u00bb\u00a0\u00bb caption_line_height_last_edited=\u00a0\u00bbon|phone\u00a0\u00bb use_border_color=\u00a0\u00bboff\u00a0\u00bb global_colors_info=\u00a0\u00bb{}\u00a0\u00bb][\/et_pb_gallery][et_pb_gallery gallery_ids=\u00a0\u00bb780,779,778,777,776,775,774,773,772,771,770,769,768,767&Prime; posts_number=\u00a0\u00bb1&Prime; show_pagination=\u00a0\u00bboff\u00a0\u00bb admin_label=\u00a0\u00bbMATINEE DES MIGRANTS\u00a0\u00bb _builder_version=\u00a0\u00bb3.0.87&Prime; title_font=\u00a0\u00bbCuprum|on|||\u00a0\u00bb title_text_color=\u00a0\u00bb#0c71c3&Prime; caption_line_height=\u00a0\u00bb14px\u00a0\u00bb caption_line_height_tablet=\u00a0\u00bb\u00a0\u00bb caption_line_height_phone=\u00a0\u00bb\u00a0\u00bb caption_line_height_last_edited=\u00a0\u00bbon|phone\u00a0\u00bb use_border_color=\u00a0\u00bboff\u00a0\u00bb border_color=\u00a0\u00bb#ffffff\u00a0\u00bb border_style=\u00a0\u00bbsolid\u00a0\u00bb global_colors_info=\u00a0\u00bb{}\u00a0\u00bb][\/et_pb_gallery][et_pb_gallery gallery_ids=\u00a0\u00bb1057,1066,1065,1064,1063,1061,1060,1059,1056,1055,1046,1053,1052,1050,1048,1039,1024,1026,1025,1035,1067,1045,1044,1043,1042,1041,1040&Prime; posts_number=\u00a0\u00bb1&Prime; show_pagination=\u00a0\u00bboff\u00a0\u00bb admin_label=\u00a0\u00bbVISITE VAN DORMAEL\u00a0\u00bb _builder_version=\u00a0\u00bb3.0.87&Prime; title_font=\u00a0\u00bbCuprum|on|||\u00a0\u00bb title_text_color=\u00a0\u00bb#0c71c3&Prime; caption_line_height=\u00a0\u00bb14px\u00a0\u00bb caption_line_height_tablet=\u00a0\u00bb\u00a0\u00bb caption_line_height_phone=\u00a0\u00bb\u00a0\u00bb caption_line_height_last_edited=\u00a0\u00bbon|phone\u00a0\u00bb use_border_color=\u00a0\u00bboff\u00a0\u00bb border_color=\u00a0\u00bb#ffffff\u00a0\u00bb border_style=\u00a0\u00bbsolid\u00a0\u00bb global_colors_info=\u00a0\u00bb{}\u00a0\u00bb][\/et_pb_gallery][et_pb_gallery gallery_ids=\u00a0\u00bb978,977,979,980,981,982,983,984,985,986,987,988,989,990,991,992,993,994,995,996,997,998,999,1000,1001,1002,1003,1004,1005,1006,1007,1008,1009,1010&Prime; posts_number=\u00a0\u00bb1&Prime; show_pagination=\u00a0\u00bboff\u00a0\u00bb admin_label=\u00a0\u00bbSPECTACLE CLAIRIERE\u00a0\u00bb _builder_version=\u00a0\u00bb3.0.87&Prime; title_font=\u00a0\u00bbCuprum|on|||\u00a0\u00bb title_text_color=\u00a0\u00bb#0c71c3&Prime; caption_line_height=\u00a0\u00bb14px\u00a0\u00bb caption_line_height_tablet=\u00a0\u00bb\u00a0\u00bb caption_line_height_phone=\u00a0\u00bb\u00a0\u00bb caption_line_height_last_edited=\u00a0\u00bbon|phone\u00a0\u00bb use_border_color=\u00a0\u00bboff\u00a0\u00bb border_color=\u00a0\u00bb#ffffff\u00a0\u00bb border_style=\u00a0\u00bbsolid\u00a0\u00bb global_colors_info=\u00a0\u00bb{}\u00a0\u00bb][\/et_pb_gallery][et_pb_gallery gallery_ids=\u00a0\u00bb1964,1965,1966,1967,1968&Prime; posts_number=\u00a0\u00bb1&Prime; show_pagination=\u00a0\u00bboff\u00a0\u00bb zoom_icon_color=\u00a0\u00bb#008000&Prime; admin_label=\u00a0\u00bbPALOGNE 2018 1C\u00a0\u00bb _builder_version=\u00a0\u00bb4.7.1&Prime; title_font=\u00a0\u00bbCuprum|on|||\u00a0\u00bb title_text_color=\u00a0\u00bb#0c71c3&Prime; caption_line_height=\u00a0\u00bb14px\u00a0\u00bb caption_line_height_tablet=\u00a0\u00bb\u00a0\u00bb caption_line_height_phone=\u00a0\u00bb\u00a0\u00bb caption_line_height_last_edited=\u00a0\u00bbon|phone\u00a0\u00bb use_border_color=\u00a0\u00bboff\u00a0\u00bb border_color=\u00a0\u00bb#ffffff\u00a0\u00bb border_style=\u00a0\u00bbsolid\u00a0\u00bb global_colors_info=\u00a0\u00bb{}\u00a0\u00bb][\/et_pb_gallery][et_pb_gallery gallery_ids=\u00a0\u00bb2517,2518&Prime; posts_number=\u00a0\u00bb1&Prime; show_pagination=\u00a0\u00bboff\u00a0\u00bb zoom_icon_color=\u00a0\u00bb#008000&Prime; admin_label=\u00a0\u00bbVISITE COMMUNAUT\u00c9 FRAN\u00c7AISE 2019&Prime; _builder_version=\u00a0\u00bb4.7.1&Prime; title_font=\u00a0\u00bbCuprum|on|||\u00a0\u00bb title_text_color=\u00a0\u00bb#0c71c3&Prime; caption_line_height=\u00a0\u00bb14px\u00a0\u00bb caption_line_height_tablet=\u00a0\u00bb\u00a0\u00bb caption_line_height_phone=\u00a0\u00bb\u00a0\u00bb caption_line_height_last_edited=\u00a0\u00bbon|phone\u00a0\u00bb use_border_color=\u00a0\u00bboff\u00a0\u00bb border_color=\u00a0\u00bb#ffffff\u00a0\u00bb border_style=\u00a0\u00bbsolid\u00a0\u00bb global_colors_info=\u00a0\u00bb{}\u00a0\u00bb][\/et_pb_gallery][\/et_pb_column][et_pb_column type=\u00a0\u00bb1_3&Prime; _builder_version=\u00a0\u00bb3.25&Prime; custom_padding=\u00a0\u00bb|||\u00a0\u00bb global_colors_info=\u00a0\u00bb{}\u00a0\u00bb custom_padding__hover=\u00a0\u00bb|||\u00a0\u00bb][et_pb_gallery gallery_ids=\u00a0\u00bb651,654,653,652,650,649,648,647,646,645,644,643,642,641,640,639,638,637,636,635,634,633,632,631,630&Prime; posts_number=\u00a0\u00bb1&Prime; show_pagination=\u00a0\u00bboff\u00a0\u00bb admin_label=\u00a0\u00bbFRESQUES 2010&Prime; _builder_version=\u00a0\u00bb3.0.87&Prime; title_font=\u00a0\u00bbCuprum|on|||\u00a0\u00bb title_text_color=\u00a0\u00bb#0c71c3&Prime; caption_line_height=\u00a0\u00bb14px\u00a0\u00bb caption_line_height_tablet=\u00a0\u00bb\u00a0\u00bb caption_line_height_phone=\u00a0\u00bb\u00a0\u00bb caption_line_height_last_edited=\u00a0\u00bbon|phone\u00a0\u00bb use_border_color=\u00a0\u00bboff\u00a0\u00bb border_color=\u00a0\u00bb#ffffff\u00a0\u00bb border_style=\u00a0\u00bbsolid\u00a0\u00bb global_colors_info=\u00a0\u00bb{}\u00a0\u00bb][\/et_pb_gallery][et_pb_gallery gallery_ids=\u00a0\u00bb764,763,762,761&Prime; posts_number=\u00a0\u00bb1&Prime; show_pagination=\u00a0\u00bboff\u00a0\u00bb admin_label=\u00a0\u00bbLABO ULB 2015&Prime; _builder_version=\u00a0\u00bb3.0.87&Prime; title_font=\u00a0\u00bbCuprum|on|||\u00a0\u00bb title_text_color=\u00a0\u00bb#0c71c3&Prime; caption_line_height=\u00a0\u00bb14px\u00a0\u00bb caption_line_height_tablet=\u00a0\u00bb\u00a0\u00bb caption_line_height_phone=\u00a0\u00bb\u00a0\u00bb caption_line_height_last_edited=\u00a0\u00bbon|phone\u00a0\u00bb use_border_color=\u00a0\u00bboff\u00a0\u00bb border_color=\u00a0\u00bb#ffffff\u00a0\u00bb border_style=\u00a0\u00bbsolid\u00a0\u00bb global_colors_info=\u00a0\u00bb{}\u00a0\u00bb][\/et_pb_gallery][et_pb_gallery gallery_ids=\u00a0\u00bb707,723,722,721,720,719,718,717,716,715,714,713,712,711,710,709,708&Prime; posts_number=\u00a0\u00bb1&Prime; show_pagination=\u00a0\u00bboff\u00a0\u00bb admin_label=\u00a0\u00bbJOURNEE SPORTIVE 2014&Prime; _builder_version=\u00a0\u00bb3.0.87&Prime; title_font=\u00a0\u00bbCuprum|on|||\u00a0\u00bb title_text_color=\u00a0\u00bb#0c71c3&Prime; caption_line_height=\u00a0\u00bb14px\u00a0\u00bb caption_line_height_tablet=\u00a0\u00bb\u00a0\u00bb caption_line_height_phone=\u00a0\u00bb\u00a0\u00bb caption_line_height_last_edited=\u00a0\u00bbon|phone\u00a0\u00bb use_border_color=\u00a0\u00bboff\u00a0\u00bb border_color=\u00a0\u00bb#ffffff\u00a0\u00bb border_style=\u00a0\u00bbsolid\u00a0\u00bb global_colors_info=\u00a0\u00bb{}\u00a0\u00bb][\/et_pb_gallery][et_pb_gallery gallery_ids=\u00a0\u00bb1080,1077,1079,1078,1076,1075,1074,1073,1072,1071,1070&Prime; posts_number=\u00a0\u00bb1&Prime; show_pagination=\u00a0\u00bboff\u00a0\u00bb admin_label=\u00a0\u00bbVISITE TIM GUENARD\u00a0\u00bb _builder_version=\u00a0\u00bb3.0.87&Prime; title_font=\u00a0\u00bbCuprum|on|||\u00a0\u00bb title_text_color=\u00a0\u00bb#0c71c3&Prime; caption_line_height=\u00a0\u00bb14px\u00a0\u00bb caption_line_height_tablet=\u00a0\u00bb\u00a0\u00bb caption_line_height_phone=\u00a0\u00bb\u00a0\u00bb caption_line_height_last_edited=\u00a0\u00bbon|phone\u00a0\u00bb use_border_color=\u00a0\u00bboff\u00a0\u00bb border_color=\u00a0\u00bb#ffffff\u00a0\u00bb border_style=\u00a0\u00bbsolid\u00a0\u00bb global_colors_info=\u00a0\u00bb{}\u00a0\u00bb][\/et_pb_gallery][et_pb_gallery gallery_ids=\u00a0\u00bb1011,1012,1013&Prime; posts_number=\u00a0\u00bb1&Prime; show_pagination=\u00a0\u00bboff\u00a0\u00bb zoom_icon_color=\u00a0\u00bb#008000&Prime; admin_label=\u00a0\u00bbSPECTACLE DIFFERENCE\u00a0\u00bb _builder_version=\u00a0\u00bb3.17.6&Prime; title_font=\u00a0\u00bbCuprum|on|||\u00a0\u00bb title_text_color=\u00a0\u00bb#0c71c3&Prime; caption_line_height=\u00a0\u00bb14px\u00a0\u00bb caption_line_height_tablet=\u00a0\u00bb\u00a0\u00bb caption_line_height_phone=\u00a0\u00bb\u00a0\u00bb caption_line_height_last_edited=\u00a0\u00bbon|phone\u00a0\u00bb use_border_color=\u00a0\u00bboff\u00a0\u00bb global_colors_info=\u00a0\u00bb{}\u00a0\u00bb][\/et_pb_gallery][et_pb_gallery gallery_ids=\u00a0\u00bb2235,2236,2237,2238,2239,2240,2241,2242&Prime; posts_number=\u00a0\u00bb1&Prime; show_pagination=\u00a0\u00bboff\u00a0\u00bb zoom_icon_color=\u00a0\u00bb#008000&Prime; admin_label=\u00a0\u00bbVOYAGE DE RHETO \/ 2019 \/ GRECE\u00a0\u00bb _builder_version=\u00a0\u00bb4.7.1&Prime; title_font=\u00a0\u00bbCuprum|on|||\u00a0\u00bb title_text_color=\u00a0\u00bb#0c71c3&Prime; caption_line_height=\u00a0\u00bb14px\u00a0\u00bb caption_line_height_tablet=\u00a0\u00bb\u00a0\u00bb caption_line_height_phone=\u00a0\u00bb\u00a0\u00bb caption_line_height_last_edited=\u00a0\u00bbon|phone\u00a0\u00bb use_border_color=\u00a0\u00bboff\u00a0\u00bb border_color=\u00a0\u00bb#ffffff\u00a0\u00bb border_style=\u00a0\u00bbsolid\u00a0\u00bb global_colors_info=\u00a0\u00bb{}\u00a0\u00bb][\/et_pb_gallery][et_pb_video src=\u00a0\u00bbhttp:\/\/www.sv-sf.be\/SFXL\/wp-content\/uploads\/2022\/05\/visite-parlement-5e-6e-eco.mp4&Prime; admin_label=\u00a0\u00bbVISITE PARLEMENT FEDERAL\u00a0\u00bb _builder_version=\u00a0\u00bb4.14.2&Prime; _module_preset=\u00a0\u00bbdefault\u00a0\u00bb hover_enabled=\u00a0\u00bb0&Prime; global_colors_info=\u00a0\u00bb{}\u00a0\u00bb sticky_enabled=\u00a0\u00bb0&Prime;][\/et_pb_video][et_pb_text _builder_version=\u00a0\u00bb4.14.2&Prime; _module_preset=\u00a0\u00bbdefault\u00a0\u00bb hover_enabled=\u00a0\u00bb0&Prime; global_colors_info=\u00a0\u00bb{}\u00a0\u00bb sticky_enabled=\u00a0\u00bb0&Prime;]<\/p>\n<p style=\"text-align: center;\">Visite du Parlement F\u00e9d\u00e9ral de nos \u00e9l\u00e8ves de 5e et 6e en sciences \u00e9conomiques<\/p>\n<div id=\"ConnectiveDocSignExtentionInstalled\" data-extension-version=\"1.0.4\">\u00a0<\/div>\n<p>[\/et_pb_text][\/et_pb_column][et_pb_column type=\u00a0\u00bb1_3&Prime; _builder_version=\u00a0\u00bb3.25&Prime; custom_padding=\u00a0\u00bb|||\u00a0\u00bb global_colors_info=\u00a0\u00bb{}\u00a0\u00bb custom_padding__hover=\u00a0\u00bb|||\u00a0\u00bb][et_pb_gallery gallery_ids=\u00a0\u00bb672,673,671,670,669,668,667,666,665,664,663,662,661,660,659,658,657&Prime; posts_number=\u00a0\u00bb1&Prime; show_pagination=\u00a0\u00bboff\u00a0\u00bb admin_label=\u00a0\u00bbFRESQUES 2011&Prime; _builder_version=\u00a0\u00bb3.0.87&Prime; title_font=\u00a0\u00bbCuprum|on|||\u00a0\u00bb title_text_color=\u00a0\u00bb#0c71c3&Prime; caption_line_height=\u00a0\u00bb14px\u00a0\u00bb caption_line_height_tablet=\u00a0\u00bb\u00a0\u00bb caption_line_height_phone=\u00a0\u00bb\u00a0\u00bb caption_line_height_last_edited=\u00a0\u00bbon|phone\u00a0\u00bb use_border_color=\u00a0\u00bboff\u00a0\u00bb border_color=\u00a0\u00bb#ffffff\u00a0\u00bb border_style=\u00a0\u00bbsolid\u00a0\u00bb global_colors_info=\u00a0\u00bb{}\u00a0\u00bb][\/et_pb_gallery][et_pb_gallery gallery_ids=\u00a0\u00bb758,759,757,756,755,754,753,752,751,750,749,748,747,746,745,744,743,742,741,740,739,738,737,736,735,734,733,732,731,730,729,728,727,726,725&Prime; posts_number=\u00a0\u00bb1&Prime; show_pagination=\u00a0\u00bboff\u00a0\u00bb admin_label=\u00a0\u00bbJOURNEE SPORTIVE 2009&Prime; _builder_version=\u00a0\u00bb3.0.87&Prime; title_font=\u00a0\u00bbCuprum|on|||\u00a0\u00bb title_text_color=\u00a0\u00bb#0c71c3&Prime; caption_line_height=\u00a0\u00bb14px\u00a0\u00bb caption_line_height_tablet=\u00a0\u00bb\u00a0\u00bb caption_line_height_phone=\u00a0\u00bb\u00a0\u00bb caption_line_height_last_edited=\u00a0\u00bbon|phone\u00a0\u00bb use_border_color=\u00a0\u00bboff\u00a0\u00bb border_color=\u00a0\u00bb#ffffff\u00a0\u00bb border_style=\u00a0\u00bbsolid\u00a0\u00bb global_colors_info=\u00a0\u00bb{}\u00a0\u00bb][\/et_pb_gallery][et_pb_gallery gallery_ids=\u00a0\u00bb678,683,682,680,679,677,676,675,684&Prime; posts_number=\u00a0\u00bb1&Prime; show_pagination=\u00a0\u00bboff\u00a0\u00bb admin_label=\u00a0\u00bbIBGE SEPTEMBRE 2011&Prime; _builder_version=\u00a0\u00bb3.0.87&Prime; title_font=\u00a0\u00bbCuprum|on|||\u00a0\u00bb title_text_color=\u00a0\u00bb#0c71c3&Prime; caption_line_height=\u00a0\u00bb14px\u00a0\u00bb caption_line_height_tablet=\u00a0\u00bb\u00a0\u00bb caption_line_height_phone=\u00a0\u00bb\u00a0\u00bb caption_line_height_last_edited=\u00a0\u00bbon|phone\u00a0\u00bb use_border_color=\u00a0\u00bboff\u00a0\u00bb border_color=\u00a0\u00bb#ffffff\u00a0\u00bb border_style=\u00a0\u00bbsolid\u00a0\u00bb global_colors_info=\u00a0\u00bb{}\u00a0\u00bb][\/et_pb_gallery][et_pb_gallery gallery_ids=\u00a0\u00bb1018,1019,1021,1020,1017&Prime; posts_number=\u00a0\u00bb1&Prime; show_pagination=\u00a0\u00bboff\u00a0\u00bb admin_label=\u00a0\u00bbVISITE TAVERNIER\u00a0\u00bb _builder_version=\u00a0\u00bb3.0.87&Prime; title_font=\u00a0\u00bbCuprum|on|||\u00a0\u00bb title_text_color=\u00a0\u00bb#0c71c3&Prime; caption_line_height=\u00a0\u00bb14px\u00a0\u00bb caption_line_height_tablet=\u00a0\u00bb\u00a0\u00bb caption_line_height_phone=\u00a0\u00bb\u00a0\u00bb caption_line_height_last_edited=\u00a0\u00bbon|phone\u00a0\u00bb use_border_color=\u00a0\u00bboff\u00a0\u00bb border_color=\u00a0\u00bb#ffffff\u00a0\u00bb border_style=\u00a0\u00bbsolid\u00a0\u00bb global_colors_info=\u00a0\u00bb{}\u00a0\u00bb][\/et_pb_gallery][et_pb_gallery gallery_ids=\u00a0\u00bb1320,1305,1306,1307,1308,1309,1310,1311,1312,1313,1314,1315,1316,1317,1318,1319&Prime; posts_number=\u00a0\u00bb1&Prime; show_pagination=\u00a0\u00bboff\u00a0\u00bb admin_label=\u00a0\u00bbSOIREE ANCIENS 2017&Prime; _builder_version=\u00a0\u00bb3.17.6&Prime; title_font=\u00a0\u00bbCuprum|on|||\u00a0\u00bb title_text_color=\u00a0\u00bb#0c71c3&Prime; caption_line_height=\u00a0\u00bb14px\u00a0\u00bb caption_line_height_tablet=\u00a0\u00bb\u00a0\u00bb caption_line_height_phone=\u00a0\u00bb\u00a0\u00bb caption_line_height_last_edited=\u00a0\u00bbon|phone\u00a0\u00bb use_border_color=\u00a0\u00bboff\u00a0\u00bb border_color=\u00a0\u00bb#ffffff\u00a0\u00bb border_style=\u00a0\u00bbsolid\u00a0\u00bb global_colors_info=\u00a0\u00bb{}\u00a0\u00bb][\/et_pb_gallery][et_pb_gallery gallery_ids=\u00a0\u00bb2257,2256,2255&Prime; posts_number=\u00a0\u00bb1&Prime; show_pagination=\u00a0\u00bboff\u00a0\u00bb zoom_icon_color=\u00a0\u00bb#008000&Prime; admin_label=\u00a0\u00bbVOYAGE AMSTERDAM 2019&Prime; _builder_version=\u00a0\u00bb4.7.1&Prime; title_font=\u00a0\u00bbCuprum|on|||\u00a0\u00bb title_text_color=\u00a0\u00bb#0c71c3&Prime; caption_line_height=\u00a0\u00bb14px\u00a0\u00bb caption_line_height_tablet=\u00a0\u00bb\u00a0\u00bb caption_line_height_phone=\u00a0\u00bb\u00a0\u00bb caption_line_height_last_edited=\u00a0\u00bbon|phone\u00a0\u00bb use_border_color=\u00a0\u00bboff\u00a0\u00bb border_color=\u00a0\u00bb#ffffff\u00a0\u00bb border_style=\u00a0\u00bbsolid\u00a0\u00bb global_colors_info=\u00a0\u00bb{}\u00a0\u00bb][\/et_pb_gallery][et_pb_video src=\u00a0\u00bbhttps:\/\/www.sv-sf.be\/SFXL\/wp-content\/uploads\/2023\/04\/Palogne.mp4&Prime; admin_label=\u00a0\u00bbCLASSES VERTES A PALOGNE\u00a0\u00bb _builder_version=\u00a0\u00bb4.14.2&Prime; _module_preset=\u00a0\u00bbdefault\u00a0\u00bb hover_enabled=\u00a0\u00bb0&Prime; global_colors_info=\u00a0\u00bb{}\u00a0\u00bb sticky_enabled=\u00a0\u00bb0&Prime;][\/et_pb_video][et_pb_text _builder_version=\u00a0\u00bb4.14.2&Prime; _module_preset=\u00a0\u00bbdefault\u00a0\u00bb hover_enabled=\u00a0\u00bb0&Prime; global_colors_info=\u00a0\u00bb{}\u00a0\u00bb sticky_enabled=\u00a0\u00bb0&Prime;]<\/p>\n<p style=\"text-align: center;\">Classes vertes \u00e0 Palogne, novembre 2022, 1res communes<\/p>\n<div id=\"ConnectiveDocSignExtentionInstalled\" data-extension-version=\"1.0.4\">\u00a0<\/div>\n<div id=\"sconnect-is-installed\" style=\"display: none;\">2.12.0.0<\/div>\n<p>[\/et_pb_text][\/et_pb_column][\/et_pb_row][\/et_pb_section]<\/p>\n","protected":false},"excerpt":{"rendered":"<p>PHOTOS &#8211; ACTIVIT\u00c9S CHARTE DU DROIT D&rsquo;IMAGE [PDF] LES PHOTOGRAPHIES PR\u00c9SENTES SUR CE SITE INTERNET NE PEUVENT PAS \u00caTRE MODIFI\u00c9ES \u00c0 DES FINS COMMERCIALES OU PUBLICITAIRES, NI COPI\u00c9ES OU REPRODUITES SOUS QUELQUE FORME QUE CE SOIT SANS L&rsquo;AUTORISATION DU PHOTOGRAPHE ET DE L\u2019\u00c9COLE.TOUTE REPRODUCTION OU REPR\u00c9SENTATION D\u2019UNE PHOTOGRAPHIE PAR QUELQUE MOYEN QUE CE SOIT, IMPRIM\u00c9 [&hellip;]<\/p>\n","protected":false},"author":1,"featured_media":0,"parent":0,"menu_order":0,"comment_status":"closed","ping_status":"closed","template":"","meta":{"_et_pb_use_builder":"on","_et_pb_old_content":"","_et_gb_content_width":"","footnotes":""},"class_list":["post-256","page","type-page","status-publish","hentry"],"_links":{"self":[{"href":"http:\/\/www.sv-sf.be\/SFXL\/index.php?rest_route=\/wp\/v2\/pages\/256","targetHints":{"allow":["GET"]}}],"collection":[{"href":"http:\/\/www.sv-sf.be\/SFXL\/index.php?rest_route=\/wp\/v2\/pages"}],"about":[{"href":"http:\/\/www.sv-sf.be\/SFXL\/index.php?rest_route=\/wp\/v2\/types\/page"}],"author":[{"embeddable":true,"href":"http:\/\/www.sv-sf.be\/SFXL\/index.php?rest_route=\/wp\/v2\/users\/1"}],"replies":[{"embeddable":true,"href":"http:\/\/www.sv-sf.be\/SFXL\/index.php?rest_route=%2Fwp%2Fv2%2Fcomments&post=256"}],"version-history":[{"count":14,"href":"http:\/\/www.sv-sf.be\/SFXL\/index.php?rest_route=\/wp\/v2\/pages\/256\/revisions"}],"predecessor-version":[{"id":3933,"href":"http:\/\/www.sv-sf.be\/SFXL\/index.php?rest_route=\/wp\/v2\/pages\/256\/revisions\/3933"}],"wp:attachment":[{"href":"http:\/\/www.sv-sf.be\/SFXL\/index.php?rest_route=%2Fwp%2Fv2%2Fmedia&parent=256"}],"curies":[{"name":"wp","href":"https:\/\/api.w.org\/{rel}","templated":true}]}}