{"id":269,"date":"2016-05-08T22:41:55","date_gmt":"2016-05-08T20:41:55","guid":{"rendered":"http:\/\/www.sv-sf.be\/SFXL\/?page_id=269"},"modified":"2022-06-13T10:09:11","modified_gmt":"2022-06-13T08:09:11","slug":"charte-du-college","status":"publish","type":"page","link":"http:\/\/www.sv-sf.be\/SFXL\/?page_id=269","title":{"rendered":"CHARTE DU COLL\u00c8GE"},"content":{"rendered":"<p>[et_pb_section fb_built=\u00a0\u00bb1&Prime; custom_padding_last_edited=\u00a0\u00bbon|desktop\u00a0\u00bb admin_label=\u00a0\u00bbsection\u00a0\u00bb _builder_version=\u00a0\u00bb3.22&Prime; background_color=\u00a0\u00bb#004080&Prime; background_image=\u00a0\u00bbhttp:\/\/www.sv-sf.be\/SFXL\/wp-content\/uploads\/2016\/05\/fond_menu_vert.jpg\u00a0\u00bb custom_padding_tablet=\u00a0\u00bb50px|0|50px|0&Prime; custom_padding_phone=\u00a0\u00bb\u00a0\u00bb transparent_background=\u00a0\u00bboff\u00a0\u00bb padding_mobile=\u00a0\u00bboff\u00a0\u00bb make_fullwidth=\u00a0\u00bboff\u00a0\u00bb use_custom_width=\u00a0\u00bboff\u00a0\u00bb width_unit=\u00a0\u00bbon\u00a0\u00bb global_colors_info=\u00a0\u00bb{}\u00a0\u00bb][et_pb_row padding_mobile=\u00a0\u00bboff\u00a0\u00bb column_padding_mobile=\u00a0\u00bbon\u00a0\u00bb admin_label=\u00a0\u00bbrow\u00a0\u00bb _builder_version=\u00a0\u00bb3.25&Prime; background_color=\u00a0\u00bbrgba(255,255,255,0)\u00a0\u00bb background_size=\u00a0\u00bbinitial\u00a0\u00bb background_position=\u00a0\u00bbtop_left\u00a0\u00bb background_repeat=\u00a0\u00bbrepeat\u00a0\u00bb make_fullwidth=\u00a0\u00bboff\u00a0\u00bb use_custom_width=\u00a0\u00bboff\u00a0\u00bb width_unit=\u00a0\u00bbon\u00a0\u00bb global_colors_info=\u00a0\u00bb{}\u00a0\u00bb][et_pb_column type=\u00a0\u00bb4_4&Prime; _builder_version=\u00a0\u00bb3.25&Prime; background_color=\u00a0\u00bbrgba(255,255,255,0)\u00a0\u00bb custom_padding=\u00a0\u00bb|||\u00a0\u00bb global_colors_info=\u00a0\u00bb{}\u00a0\u00bb custom_padding__hover=\u00a0\u00bb|||\u00a0\u00bb][et_pb_text admin_label=\u00a0\u00bbPROJET P\u00c9DAGOGIQUE\u00a0\u00bb _builder_version=\u00a0\u00bb3.27.4&Prime; text_font=\u00a0\u00bbCuprum|on|||\u00a0\u00bb text_text_color=\u00a0\u00bb#ffffff\u00a0\u00bb text_font_size=\u00a0\u00bb28&Prime; text_line_height=\u00a0\u00bb1.8em\u00a0\u00bb background_color=\u00a0\u00bbrgba(255,255,255,0)\u00a0\u00bb background_size=\u00a0\u00bbinitial\u00a0\u00bb background_position=\u00a0\u00bbtop_left\u00a0\u00bb background_repeat=\u00a0\u00bbrepeat\u00a0\u00bb text_orientation=\u00a0\u00bbcenter\u00a0\u00bb module_alignment=\u00a0\u00bbcenter\u00a0\u00bb custom_margin=\u00a0\u00bb0px||0px|\u00a0\u00bb custom_padding=\u00a0\u00bb0px||0px|\u00a0\u00bb text_font_size_last_edited=\u00a0\u00bboff|phone\u00a0\u00bb use_border_color=\u00a0\u00bboff\u00a0\u00bb border_color=\u00a0\u00bb#000000&Prime; border_style=\u00a0\u00bbsolid\u00a0\u00bb global_colors_info=\u00a0\u00bb{}\u00a0\u00bb]CHARTE DU COLL\u00c8GE<br \/>\n[\/et_pb_text][\/et_pb_column][\/et_pb_row][\/et_pb_section][et_pb_section fb_built=\u00a0\u00bb1&Prime; custom_padding_last_edited=\u00a0\u00bbon|desktop\u00a0\u00bb _builder_version=\u00a0\u00bb3.22&Prime; background_color=\u00a0\u00bb#e5f7e5&Prime; custom_padding_tablet=\u00a0\u00bb50px|0|50px|0&Prime; custom_padding_phone=\u00a0\u00bb\u00a0\u00bb transparent_background=\u00a0\u00bboff\u00a0\u00bb padding_mobile=\u00a0\u00bboff\u00a0\u00bb make_fullwidth=\u00a0\u00bboff\u00a0\u00bb use_custom_width=\u00a0\u00bboff\u00a0\u00bb width_unit=\u00a0\u00bbon\u00a0\u00bb global_colors_info=\u00a0\u00bb{}\u00a0\u00bb][et_pb_row column_structure=\u00a0\u00bb1_3,2_3&Prime; _builder_version=\u00a0\u00bb3.25&Prime; background_size=\u00a0\u00bbinitial\u00a0\u00bb background_position=\u00a0\u00bbtop_left\u00a0\u00bb background_repeat=\u00a0\u00bbrepeat\u00a0\u00bb global_colors_info=\u00a0\u00bb{}\u00a0\u00bb][et_pb_column type=\u00a0\u00bb1_3&Prime; _builder_version=\u00a0\u00bb3.25&Prime; custom_padding=\u00a0\u00bb|||\u00a0\u00bb global_colors_info=\u00a0\u00bb{}\u00a0\u00bb custom_padding__hover=\u00a0\u00bb|||\u00a0\u00bb][et_pb_image src=\u00a0\u00bbhttp:\/\/www.sv-sf.be\/SVXL\/wp-content\/uploads\/2016\/04\/reglement_illustration.jpg\u00a0\u00bb align_tablet=\u00a0\u00bbcenter\u00a0\u00bb align_phone=\u00a0\u00bb\u00a0\u00bb align_last_edited=\u00a0\u00bbon|desktop\u00a0\u00bb admin_label=\u00a0\u00bbPHOTO\u00a0\u00bb _builder_version=\u00a0\u00bb4.4.2&Prime; animation_style=\u00a0\u00bbslide\u00a0\u00bb animation_direction=\u00a0\u00bbleft\u00a0\u00bb animation_duration=\u00a0\u00bb500ms\u00a0\u00bb animation_intensity_slide=\u00a0\u00bb10%\u00a0\u00bb border_width_all=\u00a0\u00bb1px\u00a0\u00bb border_color_all=\u00a0\u00bb#008000&Prime; border_style_all=\u00a0\u00bbsolid\u00a0\u00bb use_border_color=\u00a0\u00bbon\u00a0\u00bb border_color=\u00a0\u00bb#008000&Prime; border_style=\u00a0\u00bbsolid\u00a0\u00bb animation=\u00a0\u00bbleft\u00a0\u00bb sticky=\u00a0\u00bboff\u00a0\u00bb always_center_on_mobile=\u00a0\u00bbon\u00a0\u00bb locked=\u00a0\u00bboff\u00a0\u00bb global_colors_info=\u00a0\u00bb{}\u00a0\u00bb] [\/et_pb_image][et_pb_toggle title=\u00a0\u00bbDOCUMENT DISPONIIBLE\u00a0\u00bb open=\u00a0\u00bbon\u00a0\u00bb admin_label=\u00a0\u00bbPDF\u00a0\u00bb _builder_version=\u00a0\u00bb4.14.2&Prime; title_text_color=\u00a0\u00bb#008000&Prime; title_font=\u00a0\u00bb|on||on|\u00a0\u00bb body_font=\u00a0\u00bb|on||on|\u00a0\u00bb body_font_size=\u00a0\u00bb16&Prime; background_size=\u00a0\u00bbinitial\u00a0\u00bb background_position=\u00a0\u00bbtop_left\u00a0\u00bb background_repeat=\u00a0\u00bbrepeat\u00a0\u00bb title_font_size_tablet=\u00a0\u00bb\u00a0\u00bb title_font_size_phone=\u00a0\u00bb18&Prime; title_font_size_last_edited=\u00a0\u00bbon|phone\u00a0\u00bb body_font_size_tablet=\u00a0\u00bb\u00a0\u00bb body_font_size_phone=\u00a0\u00bb18&Prime; body_font_size_last_edited=\u00a0\u00bbon|phone\u00a0\u00bb use_border_color=\u00a0\u00bboff\u00a0\u00bb saved_tabs=\u00a0\u00bball\u00a0\u00bb global_colors_info=\u00a0\u00bb{}\u00a0\u00bb]<\/p>\n<p>&gt; <a href=\"http:\/\/www.sv-sf.be\/SFXL\/wp-content\/uploads\/2018\/10\/CHARTE-DU-COLLEGE.pdf\" target=\"_blank\" rel=\"noopener noreferrer\">CHARTE DU COLL\u00c8GE<\/a><\/p>\n<p>&nbsp;<\/p>\n<div id=\"ConnectiveDocSignExtentionInstalled\" data-extension-version=\"1.0.4\">\u00a0<\/div>\n<p>[\/et_pb_toggle][\/et_pb_column][et_pb_column type=\u00a0\u00bb2_3&Prime; _builder_version=\u00a0\u00bb3.25&Prime; custom_padding=\u00a0\u00bb|||\u00a0\u00bb global_colors_info=\u00a0\u00bb{}\u00a0\u00bb custom_padding__hover=\u00a0\u00bb|||\u00a0\u00bb][et_pb_text _builder_version=\u00a0\u00bb4.14.2&Prime; text_text_color=\u00a0\u00bb#000000&Prime; background_size=\u00a0\u00bbinitial\u00a0\u00bb background_position=\u00a0\u00bbtop_left\u00a0\u00bb background_repeat=\u00a0\u00bbrepeat\u00a0\u00bb text_orientation=\u00a0\u00bbjustified\u00a0\u00bb custom_margin=\u00a0\u00bb0px|||\u00a0\u00bb text_font_size_tablet=\u00a0\u00bb\u00a0\u00bb text_font_size_phone=\u00a0\u00bb17&Prime; text_font_size_last_edited=\u00a0\u00bbon|phone\u00a0\u00bb use_border_color=\u00a0\u00bboff\u00a0\u00bb global_colors_info=\u00a0\u00bb{}\u00a0\u00bb]<\/p>\n<p><strong>LA CHARTE DU COLL\u00c8GE<br \/><\/strong><\/p>\n<p>Cette charte a pour but de pr\u00e9senter les lignes de force de notre implantation, le Coll\u00e8ge Saint Fran\u00e7ois. Elle ne supplante en rien les projets d\u2019\u00e9tablissement, \u00e9ducatif et p\u00e9dagogique mais les pr\u00e9cise et d\u00e9finit de nouveaux contours. Elle pourra \u00e9voluer r\u00e9guli\u00e8rement et \u00eatre adapt\u00e9e suivant en cela l\u2019\u00e9volution normale de tout corps social.<\/p>\n<p><strong>1. DE LA CULTURE SCOLAIRE<\/strong><\/p>\n<p>Le Coll\u00e8ge Saint Fran\u00e7ois est une implantation qui se veut \u00e0 taille humaine o\u00f9 chaque \u00e9l\u00e8ve est consid\u00e9r\u00e9 comme une personne \u00e0 part enti\u00e8re, accompagn\u00e9 dans ses forces et ses faiblesses. Il pr\u00e9sente une interculturalit\u00e9 \u00e9quilibr\u00e9e et sans ghetto, dans un cadre vert, des b\u00e2timents r\u00e9nov\u00e9s, facile d\u2019acc\u00e8s en transports en commun, o\u00f9 l\u2019espace permet \u00e0 chacun de respirer, de se ressourcer et de trouver sa place. Nos \u00e9l\u00e8ves se connaissent entre eux, des plus jeunes aux plus \u00e2g\u00e9s, ce qui entra\u00eene respect et confiance r\u00e9ciproques. Il ne r\u00e9side aucune \u00ab majorit\u00e9 culturelle \u00bb en son sein, ce qui \u00e9vite que les \u00e9l\u00e8ves ne doivent se fondre dans un moule. Cette reconnaissance mutuelle est favoris\u00e9e par la proximit\u00e9 des locaux de classe. Les parents sont les bienvenus et sont amen\u00e9s \u00e0 s\u2019impliquer dans la vie scolaire par le biais de l\u2019Association des Parents. Les \u00e9l\u00e8ves sont appel\u00e9s \u00e0 collaborer au d\u00e9veloppement de leur coll\u00e8ge par l\u2019interm\u00e9diaire du Conseil des \u00c9l\u00e8ves.<\/p>\n<p><strong>2. DES \u00c9TUDES ET DE LA P\u00c9DAGOGIE<br \/><\/strong><\/p>\n<p>Notre but principal est de permettre \u00e0 l\u2019\u00e9l\u00e8ve de se construire une personnalit\u00e9 ouverte, critique, humaniste, curieuse de savoir et de questionnement. Notre outil : la r\u00e9flexion intellectuelle stimul\u00e9e par des recherches ou des animations.<\/p>\n<p>Nous souhaitons lui donner des bases intellectuelles solides et l\u2019aider \u00e0 d\u00e9velopper des m\u00e9thodes de travail personnalis\u00e9es pour lui permettre d\u2019acc\u00e9der \u00e0 l\u2019enseignement sup\u00e9rieur, d\u00e9velopper son autonomie et renforcer la confiance en lui.<\/p>\n<p>Nous entendons pour cela promouvoir chez chaque \u00e9l\u00e8ve le sens de l\u2019effort, de la ponctualit\u00e9 et de l\u2019assiduit\u00e9.<\/p>\n<p>Il incombe en effet \u00e0 l\u2019\u00e9l\u00e8ve de prendre conscience de la valeur de son engagement vers la r\u00e9ussite avec le soutien de ses professeurs.<\/p>\n<p><strong>3. DE L\u2019\u00c9QUIPE \u00c9DUCATIVE<br \/><\/strong><\/p>\n<p>Privil\u00e9giant l\u2019accessibilit\u00e9 et la disponibilit\u00e9 dans sa t\u00e2che d\u2019enseignement, l\u2019\u00e9quipe \u00e9ducative r\u00e9pond aux sollicitations l\u00e9gitimes des \u00e9l\u00e8ves et des parents<\/p>\n<p>Elle est pr\u00eate \u00e0 se mobiliser pour chaque \u00e9l\u00e8ve, y compris celui qui pr\u00e9sente un profil particulier, gr\u00e2ce \u00e0 un accompagnement plus sp\u00e9cifique ou \u00e0 des activit\u00e9s de rattrapage.<\/p>\n<p>L\u2019\u00e9quipe \u00e9ducative est pr\u00eate, chaque jour, \u00e0 affiner ses qualit\u00e9s professionnelles afin d\u2019accompagner au mieux les jeunes \u00e0 trouver leur place au sein d\u2019une soci\u00e9t\u00e9 constamment en mouvance.<\/p>\n<p>Elle a \u00e0 c\u0153ur d\u2019accompagner la progression de chaque \u00e9l\u00e8ve, en rapport avec ses capacit\u00e9s, pour l\u2019amener \u00e0 l\u2019acquisition des socles de comp\u00e9tences et des comp\u00e9tences terminales.<\/p>\n<p>Elle a le souci permanent d\u2019une coordination entre professeurs tout au long de la scolarit\u00e9.<\/p>\n<p>Dans le respect du R\u00e8glement d\u2019Ordre Int\u00e9rieur, les \u00e9ducateurs assurent un encadrement clair par un dialogue ferme mais positif.<\/p>\n<p><strong>4. DES PROJETS DE SOCI\u00c9T\u00c9<br \/><\/strong><\/p>\n<p>Nous entendons sensibiliser et rendre nos \u00e9l\u00e8ves r\u00e9ceptifs aux Droits et Devoirs humains notamment par le dialogue intercommunautaire. Cette inter culturalit\u00e9 s&rsquo;articule autour d&rsquo;un accompagnement p\u00e9dagogique, ouvert \u00e0 tous et non s\u00e9lectif, via le projet d&rsquo;immersion en langue(s) \u00e9trang\u00e8re(s).<\/p>\n<p>Toute la d\u00e9marche p\u00e9dagogique mise en \u0153uvre souhaite incarner des valeurs humaines positives, notamment dans des projets sp\u00e9cifiques \u00e0 chaque discipline ou interdisciplinaires, extrascolaires et \u00e9cologiques.<\/p>\n<p>Le d\u00e9veloppement personnel passe aussi par l\u2019\u00e9ducation artistique, culturelle et sportive (comp\u00e9titions inter-\u00e9coles notamment).<\/p>\n<p>Gr\u00e2ce \u00e0 un questionnement permanent sur le monde qui nous entoure, \u00e0 la participation \u00e0 de nombreux projets (OXFAM, Ecoteam, \u2026) nous souhaitons pr\u00e9parer nos \u00e9l\u00e8ves \u00e0 devenir des citoyens responsables.<\/p>\n<p><strong>5. DE L&rsquo;ANCRAGE CHR\u00c9TIEN ET \u00c9VANG\u00c9LIQUE<br \/><\/strong><\/p>\n<p>Nous souhaitons faire vivre le Coll\u00e8ge en r\u00e9f\u00e9rence aux valeurs \u00e9vang\u00e9liques, dans une logique d\u2019ouverture aux autres croyances et philosophies.<\/p>\n<div id=\"ConnectiveDocSignExtentionInstalled\" data-extension-version=\"1.0.4\">\u00a0<\/div>\n<p>[\/et_pb_text][\/et_pb_column][\/et_pb_row][\/et_pb_section]<\/p>\n","protected":false},"excerpt":{"rendered":"<p>CHARTE DU COLL\u00c8GE &gt; CHARTE DU COLL\u00c8GE &nbsp; \u00a0LA CHARTE DU COLL\u00c8GE Cette charte a pour but de pr\u00e9senter les lignes de force de notre implantation, le Coll\u00e8ge Saint Fran\u00e7ois. Elle ne supplante en rien les projets d\u2019\u00e9tablissement, \u00e9ducatif et p\u00e9dagogique mais les pr\u00e9cise et d\u00e9finit de nouveaux contours. Elle pourra \u00e9voluer r\u00e9guli\u00e8rement et \u00eatre [&hellip;]<\/p>\n","protected":false},"author":1,"featured_media":0,"parent":0,"menu_order":0,"comment_status":"closed","ping_status":"closed","template":"","meta":{"_et_pb_use_builder":"on","_et_pb_old_content":"","_et_gb_content_width":"","footnotes":""},"class_list":["post-269","page","type-page","status-publish","hentry"],"_links":{"self":[{"href":"http:\/\/www.sv-sf.be\/SFXL\/index.php?rest_route=\/wp\/v2\/pages\/269","targetHints":{"allow":["GET"]}}],"collection":[{"href":"http:\/\/www.sv-sf.be\/SFXL\/index.php?rest_route=\/wp\/v2\/pages"}],"about":[{"href":"http:\/\/www.sv-sf.be\/SFXL\/index.php?rest_route=\/wp\/v2\/types\/page"}],"author":[{"embeddable":true,"href":"http:\/\/www.sv-sf.be\/SFXL\/index.php?rest_route=\/wp\/v2\/users\/1"}],"replies":[{"embeddable":true,"href":"http:\/\/www.sv-sf.be\/SFXL\/index.php?rest_route=%2Fwp%2Fv2%2Fcomments&post=269"}],"version-history":[{"count":13,"href":"http:\/\/www.sv-sf.be\/SFXL\/index.php?rest_route=\/wp\/v2\/pages\/269\/revisions"}],"predecessor-version":[{"id":3750,"href":"http:\/\/www.sv-sf.be\/SFXL\/index.php?rest_route=\/wp\/v2\/pages\/269\/revisions\/3750"}],"wp:attachment":[{"href":"http:\/\/www.sv-sf.be\/SFXL\/index.php?rest_route=%2Fwp%2Fv2%2Fmedia&parent=269"}],"curies":[{"name":"wp","href":"https:\/\/api.w.org\/{rel}","templated":true}]}}