{"id":98,"date":"2016-05-08T00:35:13","date_gmt":"2016-05-07T22:35:13","guid":{"rendered":"http:\/\/www.sv-sf.be\/SFXL\/?page_id=98"},"modified":"2025-09-02T10:55:22","modified_gmt":"2025-09-02T08:55:22","slug":"offres-enseignement","status":"publish","type":"page","link":"http:\/\/www.sv-sf.be\/SFXL\/?page_id=98","title":{"rendered":"OFFRES D&rsquo;ENSEIGNEMENT"},"content":{"rendered":"<p>[et_pb_section fb_built=\u00a0\u00bb1&Prime; custom_padding_last_edited=\u00a0\u00bbon|desktop\u00a0\u00bb admin_label=\u00a0\u00bbsection\u00a0\u00bb _builder_version=\u00a0\u00bb4.16&Prime; background_color=\u00a0\u00bb#004080&Prime; background_image=\u00a0\u00bbhttp:\/\/www.sv-sf.be\/SFXL\/wp-content\/uploads\/2016\/05\/fond_menu_vert.jpg\u00a0\u00bb custom_padding_tablet=\u00a0\u00bb50px|0|50px|0&Prime; custom_padding_phone=\u00a0\u00bb\u00a0\u00bb transparent_background=\u00a0\u00bboff\u00a0\u00bb padding_mobile=\u00a0\u00bboff\u00a0\u00bb global_colors_info=\u00a0\u00bb{}\u00a0\u00bb][et_pb_row padding_mobile=\u00a0\u00bboff\u00a0\u00bb column_padding_mobile=\u00a0\u00bbon\u00a0\u00bb admin_label=\u00a0\u00bbrow\u00a0\u00bb _builder_version=\u00a0\u00bb4.16&Prime; background_color=\u00a0\u00bbrgba(255,255,255,0)\u00a0\u00bb background_size=\u00a0\u00bbinitial\u00a0\u00bb background_position=\u00a0\u00bbtop_left\u00a0\u00bb background_repeat=\u00a0\u00bbrepeat\u00a0\u00bb global_colors_info=\u00a0\u00bb{}\u00a0\u00bb][et_pb_column type=\u00a0\u00bb4_4&Prime; _builder_version=\u00a0\u00bb4.16&Prime; background_color=\u00a0\u00bbrgba(255,255,255,0)\u00a0\u00bb custom_padding=\u00a0\u00bb|||\u00a0\u00bb global_colors_info=\u00a0\u00bb{}\u00a0\u00bb custom_padding__hover=\u00a0\u00bb|||\u00a0\u00bb][et_pb_text admin_label=\u00a0\u00bbOFFRES D&rsquo;ENSEIGNEMENT\u00a0\u00bb _builder_version=\u00a0\u00bb4.16&Prime; text_font=\u00a0\u00bbCuprum|on|||\u00a0\u00bb text_text_color=\u00a0\u00bb#ffffff\u00a0\u00bb text_font_size=\u00a0\u00bb28&Prime; text_line_height=\u00a0\u00bb1.8em\u00a0\u00bb background_color=\u00a0\u00bbrgba(255,255,255,0)\u00a0\u00bb background_size=\u00a0\u00bbinitial\u00a0\u00bb background_position=\u00a0\u00bbtop_left\u00a0\u00bb background_repeat=\u00a0\u00bbrepeat\u00a0\u00bb text_orientation=\u00a0\u00bbcenter\u00a0\u00bb module_alignment=\u00a0\u00bbcenter\u00a0\u00bb custom_margin=\u00a0\u00bb0px||0px|\u00a0\u00bb custom_padding=\u00a0\u00bb0px||0px|\u00a0\u00bb text_font_size_last_edited=\u00a0\u00bboff|phone\u00a0\u00bb use_border_color=\u00a0\u00bboff\u00a0\u00bb border_color=\u00a0\u00bb#000000&Prime; border_style=\u00a0\u00bbsolid\u00a0\u00bb global_colors_info=\u00a0\u00bb{}\u00a0\u00bb]OFFRES D&rsquo;ENSEIGNEMENT<br \/>\n[\/et_pb_text][\/et_pb_column][\/et_pb_row][\/et_pb_section][et_pb_section fb_built=\u00a0\u00bb1&Prime; custom_padding_last_edited=\u00a0\u00bbon|desktop\u00a0\u00bb admin_label=\u00a0\u00bbsection\u00a0\u00bb _builder_version=\u00a0\u00bb4.16&Prime; background_color=\u00a0\u00bb#e5f7e5&Prime; custom_padding_tablet=\u00a0\u00bb50px|0|50px|0&Prime; custom_padding_phone=\u00a0\u00bb\u00a0\u00bb transparent_background=\u00a0\u00bboff\u00a0\u00bb padding_mobile=\u00a0\u00bboff\u00a0\u00bb global_colors_info=\u00a0\u00bb{}\u00a0\u00bb][et_pb_row column_structure=\u00a0\u00bb1_4,3_4&Prime; admin_label=\u00a0\u00bbrow\u00a0\u00bb _builder_version=\u00a0\u00bb4.16&Prime; background_size=\u00a0\u00bbinitial\u00a0\u00bb background_position=\u00a0\u00bbtop_left\u00a0\u00bb background_repeat=\u00a0\u00bbrepeat\u00a0\u00bb global_colors_info=\u00a0\u00bb{}\u00a0\u00bb][et_pb_column type=\u00a0\u00bb1_4&Prime; _builder_version=\u00a0\u00bb4.16&Prime; custom_padding=\u00a0\u00bb|||\u00a0\u00bb global_colors_info=\u00a0\u00bb{}\u00a0\u00bb custom_padding__hover=\u00a0\u00bb|||\u00a0\u00bb][et_pb_toggle title=\u00a0\u00bbPREMIER DEGR\u00c9\u00a0\u00bb open=\u00a0\u00bbon\u00a0\u00bb admin_label=\u00a0\u00bbDEGR\u00c9 1&Prime; _builder_version=\u00a0\u00bb4.16&Prime; title_text_color=\u00a0\u00bb#008000&Prime; title_font=\u00a0\u00bb|on||on|\u00a0\u00bb title_font_size=\u00a0\u00bb17&Prime; body_font=\u00a0\u00bb|on|||\u00a0\u00bb body_font_size=\u00a0\u00bb15&Prime; background_size=\u00a0\u00bbinitial\u00a0\u00bb background_position=\u00a0\u00bbtop_left\u00a0\u00bb background_repeat=\u00a0\u00bbrepeat\u00a0\u00bb body_font_size_tablet=\u00a0\u00bb\u00a0\u00bb body_font_size_phone=\u00a0\u00bb17&Prime; body_font_size_last_edited=\u00a0\u00bbon|phone\u00a0\u00bb use_border_color=\u00a0\u00bboff\u00a0\u00bb global_colors_info=\u00a0\u00bb{}\u00a0\u00bb]<\/p>\n<p><a href=\"http:\/\/www.sv-sf.be\/SFXL\/wp-content\/uploads\/2023\/08\/GRILLE-HORAIRE-1er-DEGRE.pdf\" target=\"_blank\" rel=\"attachment noopener wp-att-2213 noreferrer\">GRILLE HORAIRE 1er degr\u00e9<\/a><\/p>\n<p>[\/et_pb_toggle][et_pb_toggle title=\u00a0\u00bbDEUXI\u00c8ME DEGR\u00c9\u00a0\u00bb open=\u00a0\u00bbon\u00a0\u00bb admin_label=\u00a0\u00bbDEGR\u00c9 2&Prime; _builder_version=\u00a0\u00bb4.16&Prime; title_text_color=\u00a0\u00bb#008000&Prime; title_font=\u00a0\u00bb|on||on|\u00a0\u00bb title_font_size=\u00a0\u00bb17&Prime; body_font=\u00a0\u00bb|on|||\u00a0\u00bb body_font_size=\u00a0\u00bb15&Prime; background_size=\u00a0\u00bbinitial\u00a0\u00bb background_position=\u00a0\u00bbtop_left\u00a0\u00bb background_repeat=\u00a0\u00bbrepeat\u00a0\u00bb title_font_size_tablet=\u00a0\u00bb\u00a0\u00bb title_font_size_phone=\u00a0\u00bb\u00a0\u00bb title_font_size_last_edited=\u00a0\u00bbon|phone\u00a0\u00bb body_font_size_tablet=\u00a0\u00bb\u00a0\u00bb body_font_size_phone=\u00a0\u00bb17&Prime; body_font_size_last_edited=\u00a0\u00bbon|phone\u00a0\u00bb use_border_color=\u00a0\u00bboff\u00a0\u00bb global_colors_info=\u00a0\u00bb{}\u00a0\u00bb]<\/p>\n<p><a href=\"http:\/\/www.sv-sf.be\/SFXL\/wp-content\/uploads\/2022\/04\/GRILLE-HORAIRE-2eme-DEGRE.pdf\" target=\"_blank\" rel=\"attachment noopener wp-att-2644 noreferrer\">GRILLE HORAIRE 2\u00e8me degr\u00e9<\/a><\/p>\n<div id=\"ConnectiveDocSignExtentionInstalled\" data-extension-version=\"1.0.4\">\u00a0<\/div>\n<p>[\/et_pb_toggle][et_pb_toggle title=\u00a0\u00bbTROISI\u00c8ME DEGR\u00c9\u00a0\u00bb open=\u00a0\u00bbon\u00a0\u00bb admin_label=\u00a0\u00bbDEGR\u00c9 3&Prime; _builder_version=\u00a0\u00bb4.27.4&Prime; title_text_color=\u00a0\u00bb#008000&Prime; title_font=\u00a0\u00bb|on||on|\u00a0\u00bb title_font_size=\u00a0\u00bb17&Prime; body_font_size=\u00a0\u00bb15&Prime; background_size=\u00a0\u00bbinitial\u00a0\u00bb background_position=\u00a0\u00bbtop_left\u00a0\u00bb background_repeat=\u00a0\u00bbrepeat\u00a0\u00bb hover_enabled=\u00a0\u00bb0&Prime; title_font_size_tablet=\u00a0\u00bb\u00a0\u00bb title_font_size_phone=\u00a0\u00bb\u00a0\u00bb title_font_size_last_edited=\u00a0\u00bbon|phone\u00a0\u00bb body_font_size_tablet=\u00a0\u00bb\u00a0\u00bb body_font_size_phone=\u00a0\u00bb17&Prime; body_font_size_last_edited=\u00a0\u00bbon|phone\u00a0\u00bb use_border_color=\u00a0\u00bboff\u00a0\u00bb global_colors_info=\u00a0\u00bb{}\u00a0\u00bb sticky_enabled=\u00a0\u00bb0&Prime;]<\/p>\n<p><a href=\"http:\/\/www.sv-sf.be\/SFXL\/wp-content\/uploads\/2025\/09\/GRILLE-HORAIRE-3eme-degre.pdf\" target=\"_blank\" rel=\"attachment noopener wp-att-2220 noreferrer\">GRILLE HORAIRE 3\u00e8me degr\u00e9<\/a><\/p>\n<div id=\"ConnectiveDocSignExtentionInstalled\" data-extension-version=\"1.0.4\">\u00a0<\/div>\n<p>[\/et_pb_toggle][et_pb_toggle title=\u00a0\u00bbOPTIONS\u00a0\u00bb open=\u00a0\u00bbon\u00a0\u00bb admin_label=\u00a0\u00bbGRILLE LECTURE\u00a0\u00bb _builder_version=\u00a0\u00bb4.16&Prime; title_text_color=\u00a0\u00bb#008000&Prime; title_font=\u00a0\u00bb|on||on|\u00a0\u00bb title_font_size=\u00a0\u00bb17&Prime; body_font_size=\u00a0\u00bb15&Prime; background_size=\u00a0\u00bbinitial\u00a0\u00bb background_position=\u00a0\u00bbtop_left\u00a0\u00bb background_repeat=\u00a0\u00bbrepeat\u00a0\u00bb title_font_size_tablet=\u00a0\u00bb\u00a0\u00bb title_font_size_phone=\u00a0\u00bb\u00a0\u00bb title_font_size_last_edited=\u00a0\u00bbon|phone\u00a0\u00bb body_font_size_tablet=\u00a0\u00bb\u00a0\u00bb body_font_size_phone=\u00a0\u00bb17&Prime; body_font_size_last_edited=\u00a0\u00bbon|phone\u00a0\u00bb use_border_color=\u00a0\u00bboff\u00a0\u00bb border_color=\u00a0\u00bb#ffffff\u00a0\u00bb border_style=\u00a0\u00bbsolid\u00a0\u00bb global_colors_info=\u00a0\u00bb{}\u00a0\u00bb]<a href=\"http:\/\/www.sv-sf.be\/SFXL\/wp-content\/uploads\/2016\/06\/GRILLES-DE-LECTURE-DES-OPTIONS.pdf\" target=\"_blank\" rel=\"noopener noreferrer\">GRILLE DE LECTURE DES OPTIONS<\/a><br \/>\n[\/et_pb_toggle][\/et_pb_column][et_pb_column type=\u00a0\u00bb3_4&Prime; _builder_version=\u00a0\u00bb4.16&Prime; custom_padding=\u00a0\u00bb|||\u00a0\u00bb global_colors_info=\u00a0\u00bb{}\u00a0\u00bb custom_padding__hover=\u00a0\u00bb|||\u00a0\u00bb][et_pb_tabs admin_label=\u00a0\u00bbTABLEAU DES OFFRES\u00a0\u00bb _builder_version=\u00a0\u00bb4.16&Prime; body_font_size=\u00a0\u00bb15&Prime; tab_font=\u00a0\u00bb|on||on|\u00a0\u00bb tab_font_size=\u00a0\u00bb17&Prime; background_size=\u00a0\u00bbinitial\u00a0\u00bb background_position=\u00a0\u00bbtop_left\u00a0\u00bb background_repeat=\u00a0\u00bbrepeat\u00a0\u00bb body_font_size_tablet=\u00a0\u00bb\u00a0\u00bb body_font_size_phone=\u00a0\u00bb17&Prime; body_font_size_last_edited=\u00a0\u00bbon|phone\u00a0\u00bb tab_font_size_tablet=\u00a0\u00bb\u00a0\u00bb tab_font_size_phone=\u00a0\u00bb\u00a0\u00bb tab_font_size_last_edited=\u00a0\u00bbon|\u00a0\u00bb use_border_color=\u00a0\u00bboff\u00a0\u00bb global_colors_info=\u00a0\u00bb{}\u00a0\u00bb][et_pb_tab title=\u00a0\u00bbPREMI\u00c8RE\u00a0\u00bb _builder_version=\u00a0\u00bb4.16&Prime; body_font=\u00a0\u00bb||||\u00a0\u00bb body_line_height=\u00a0\u00bb2em\u00a0\u00bb tab_font=\u00a0\u00bb||||\u00a0\u00bb tab_line_height=\u00a0\u00bb2em\u00a0\u00bb body_font_size_tablet=\u00a0\u00bb\u00a0\u00bb body_font_size_phone=\u00a0\u00bb\u00a0\u00bb body_font_size_last_edited=\u00a0\u00bbon|phone\u00a0\u00bb body_line_height_tablet=\u00a0\u00bb2em\u00a0\u00bb body_line_height_phone=\u00a0\u00bb2em\u00a0\u00bb tab_font_size_tablet=\u00a0\u00bb\u00a0\u00bb tab_font_size_phone=\u00a0\u00bb\u00a0\u00bb tab_font_size_last_edited=\u00a0\u00bbon|desktop\u00a0\u00bb tab_line_height_tablet=\u00a0\u00bb2em\u00a0\u00bb tab_line_height_phone=\u00a0\u00bb2em\u00a0\u00bb global_colors_info=\u00a0\u00bb{}\u00a0\u00bb]<\/p>\n<p><strong>LA PREMI\u00c8RE LATINE (PREMIER DEGR\u00c9)<br \/><\/strong><\/p>\n<p>V\u00e9ritable transition entre l&rsquo;\u00e9cole fondamentale et les humanit\u00e9s, la 1C rev\u00eat une importance cruciale, c&rsquo;est pourquoi nous y accordons une grande attention.<\/p>\n<p>En 1\u00e8re,\u00a02 heures d&rsquo;activit\u00e9s compl\u00e9mentaires sont communes \u00e0 tous:\u00a0le latin,\u00a0langue de base de notre culture europ\u00e9enne, est une activit\u00e9 importante pour la formation g\u00e9n\u00e9rale de l&rsquo;\u00e9l\u00e8ve. Il d\u00e9couvrira peu \u00e0 peu les valeurs et l&rsquo;\u00e9volution de l&rsquo;exp\u00e9rience humaine de m\u00eame que les sources de l&rsquo;humanisme occidental et les fondements de sa langue maternelle.<\/p>\n<p>Certains \u00e9l\u00e8ves plus en difficult\u00e9s se verront imposer un\u00a0rattrapage de une ou deux heures afin de renforcer leurs comp\u00e9tences en fran\u00e7ais, n\u00e9erlandais et math\u00e9matiques. Les parents pourront aussi faire cette demande.<\/p>\n<p>A la fin de la 1\u00e8re, l&rsquo;\u00e9l\u00e8ve passe\u00a0en deuxi\u00e8me ann\u00e9e du degr\u00e9, soit la 2\u00e8me.<\/p>\n<p>A partir de la rentr\u00e9e 2018, les cours d&rsquo;EDM et de n\u00e9erlandais peuvent se donner immersion.<\/p>\n<p>&nbsp;<\/p>\n<p>[\/et_pb_tab][et_pb_tab title=\u00a0\u00bbDEUXI\u00c8ME\u00a0\u00bb _builder_version=\u00a0\u00bb4.16&Prime; body_font=\u00a0\u00bb||||\u00a0\u00bb body_line_height=\u00a0\u00bb2em\u00a0\u00bb tab_font=\u00a0\u00bb||||\u00a0\u00bb tab_line_height=\u00a0\u00bb2em\u00a0\u00bb body_line_height_tablet=\u00a0\u00bb2em\u00a0\u00bb body_line_height_phone=\u00a0\u00bb2em\u00a0\u00bb tab_font_size_tablet=\u00a0\u00bb\u00a0\u00bb tab_font_size_phone=\u00a0\u00bb\u00a0\u00bb tab_font_size_last_edited=\u00a0\u00bbon|desktop\u00a0\u00bb tab_line_height_tablet=\u00a0\u00bb2em\u00a0\u00bb tab_line_height_phone=\u00a0\u00bb2em\u00a0\u00bb global_colors_info=\u00a0\u00bb{}\u00a0\u00bb]<\/p>\n<p><strong>DEUXI\u00c8ME LATINE (PREMIER DEGR\u00c9)<\/strong><br \/><strong>DEUXI\u00c8ME SCIENCES (PREMIER DEGR\u00c9)<\/strong><br \/><strong>DEUXI\u00c8ME SOCIO-\u00c9CONOMIE (PREMIER DEGR\u00c9)<\/strong><\/p>\n<p>Derni\u00e8re ann\u00e9e des huit ann\u00e9es de l&rsquo;\u00e9cole du fondement, la 2\u00e8me ann\u00e9e du cycle secondaire se cl\u00f4ture par l&rsquo;octroi du CE1D (certificat d&rsquo;\u00e9tudes du 1er degr\u00e9).<\/p>\n<p>L&rsquo;\u00e9l\u00e8ve suivra 2 heures d&rsquo;activit\u00e9s compl\u00e9mentaires (AC) de latin, de socio-\u00e9conomie et de sciences \u00e0 raison d&rsquo;1\/3 d&rsquo;ann\u00e9e par cours.<\/p>\n<p>L&rsquo;AC latin prolonge tr\u00e8s naturellement les apprentissages entam\u00e9s en 1\u00e8re et qui seront approfondis en 3\u00e8me.<\/p>\n<p>L&rsquo;AC Socio-\u00c9conomie est une initiation aux composantes sociales et \u00e9conomiques de notre soci\u00e9t\u00e9. Cette activit\u00e9 fournira l&rsquo;occasion de d\u00e9velopper chez les \u00e9l\u00e8ves une r\u00e9flexion critique leur permettant de se situer dans leur environnement socio-\u00e9conomique. Les th\u00e8mes abord\u00e9s sont: les biens et les services, la production, la consommation, les revenus et le budget des m\u00e9nages, les mass m\u00e9dias, la socialisation, la culture et les groupes sociaux.<\/p>\n<p>L&rsquo;AC Sciences, accessible aux \u00e9l\u00e8ves ayant eu de bons r\u00e9sultats en sciences en 1\u00e8re, est ouverte sur la biologie et la physique. L&rsquo;\u00e9l\u00e8ve sera plac\u00e9 dans des situations lui permettant d&rsquo;analyser les relations entre les \u00eatres vivants et leur milieu de vie. Il abordera aussi les premi\u00e8res notions d&rsquo;\u00e9cologie. L&rsquo;\u00e9l\u00e8ve sera aussi amen\u00e9 \u00e0 \u00eatre capable d&rsquo;utiliser des instruments d&rsquo;observations simples, de r\u00e9aliser des croquis d&rsquo;observations titr\u00e9s, l\u00e9gend\u00e9s, des graphiques \u00e9l\u00e9mentaires et de r\u00e9diger un petit rapport de manipulation.<\/p>\n<p>[\/et_pb_tab][et_pb_tab title=\u00a0\u00bbTROISI\u00c8ME\u00a0\u00bb _builder_version=\u00a0\u00bb4.16&Prime; body_font=\u00a0\u00bb||||\u00a0\u00bb body_line_height=\u00a0\u00bb2em\u00a0\u00bb tab_font=\u00a0\u00bb||||\u00a0\u00bb tab_line_height=\u00a0\u00bb2em\u00a0\u00bb body_line_height_tablet=\u00a0\u00bb2em\u00a0\u00bb body_line_height_phone=\u00a0\u00bb2em\u00a0\u00bb tab_line_height_tablet=\u00a0\u00bb2em\u00a0\u00bb tab_line_height_phone=\u00a0\u00bb2em\u00a0\u00bb global_colors_info=\u00a0\u00bb{}\u00a0\u00bb]<\/p>\n<p><strong>TROISI\u00c8ME LATINE (DEUXI\u00c8ME DEGR\u00c9)<\/strong><br \/><strong>TROISI\u00c8ME SCIENCES (DEUXI\u00c8ME DEGR\u00c9)<\/strong><br \/><strong>TROISI\u00c8ME SOCIO-\u00c9CONOMIE (DEUXI\u00c8ME DEGR\u00c9)<\/strong><\/p>\n<p>A ce stade du cursus dans l&rsquo;enseignement secondaire, l&rsquo;\u00e9tudiant aborde le cycle d&rsquo;orientation.<\/p>\n<p>Toutes les options de 3\u00e8me sont des OPTIONS LANGUES. En effet, l&rsquo;\u00e9l\u00e8ve suit obligatoirement 4 heures d&rsquo;anglais.<\/p>\n<p>Les \u00e9l\u00e8ves peuvent choisir de suivre 8 p\u00e9riodes de cours en immersion en anglais, cela concerne les cours d&rsquo;anglais, d&rsquo;histoire et de g\u00e9ographie.<\/p>\n<p>Les activit\u00e9s compl\u00e9mentaires du 1er degr\u00e9, pr\u00e9paratoires au second degr\u00e9, am\u00e8nent l&rsquo;\u00e9l\u00e8ve \u00e0 choisir l&rsquo;option LATIN (2h00 de latin et 2h00 de grec)-LANGUES, SCIENCES-\u00c9DUCATION PHYSIQUE-LANGUES, SOCIO \u00c9CONOMIQUE-LANGUES ou LANGUES-\u00c9DUCATION PHYSIQUE.<\/p>\n<p>L\u2019option \u00e9ducation physique (OC sport) peut donc \u00eatre suivie avec le programme de sciences 5 heures avec lequel elle forme un ensemble harmonieux de r\u00e9flexion sur la compl\u00e9mentarit\u00e9 entre le corps et son fonctionnement.<\/p>\n<div id=\"ConnectiveDocSignExtentionInstalled\" data-extension-version=\"1.0.4\">\u00a0<\/div>\n<p>[\/et_pb_tab][et_pb_tab title=\u00a0\u00bbQUATRI\u00c8ME\u00a0\u00bb _builder_version=\u00a0\u00bb4.16&Prime; body_font=\u00a0\u00bb||||\u00a0\u00bb body_line_height=\u00a0\u00bb2em\u00a0\u00bb tab_font=\u00a0\u00bb||||\u00a0\u00bb tab_line_height=\u00a0\u00bb2em\u00a0\u00bb body_line_height_tablet=\u00a0\u00bb2em\u00a0\u00bb body_line_height_phone=\u00a0\u00bb2em\u00a0\u00bb tab_line_height_tablet=\u00a0\u00bb2em\u00a0\u00bb tab_line_height_phone=\u00a0\u00bb2em\u00a0\u00bb global_colors_info=\u00a0\u00bb{}\u00a0\u00bb]<strong>QUATRI\u00c8ME LATINE (DEUXI\u00c8ME DEGR\u00c9)<\/strong><br \/>\n<strong>QUATRI\u00c8ME SCIENCES (DEUXI\u00c8ME DEGR\u00c9)<\/strong><br \/>\n<strong>QUATRI\u00c8ME SOCIO-\u00c9CONOMIE (DEUXI\u00c8ME DEGR\u00c9)<\/strong><\/p>\n<p>Toutes les options de 3\u00e8me sont des OPTIONS LANGUES. En effet, l&rsquo;\u00e9l\u00e8ve suit obligatoirement 4 heures d&rsquo;anglais.<\/p>\n<p>Les possibilit\u00e9s d&rsquo;option sont les m\u00eames qu&rsquo;en 3\u00e8me.<\/p>\n<p>Au 1er septembre 2021, l&rsquo;immersion en anglais (cours d&rsquo;anglais, histoire et g\u00e9ographie) est effective en 4GT.[\/et_pb_tab][et_pb_tab title=\u00a0\u00bbCINQUI\u00c8ME\u00a0\u00bb _builder_version=\u00a0\u00bb4.16&Prime; body_font=\u00a0\u00bb||||\u00a0\u00bb body_line_height=\u00a0\u00bb2em\u00a0\u00bb tab_font=\u00a0\u00bb||||\u00a0\u00bb tab_line_height=\u00a0\u00bb2em\u00a0\u00bb body_line_height_tablet=\u00a0\u00bb2em\u00a0\u00bb body_line_height_phone=\u00a0\u00bb2em\u00a0\u00bb tab_line_height_tablet=\u00a0\u00bb2em\u00a0\u00bb tab_line_height_phone=\u00a0\u00bb2em\u00a0\u00bb global_colors_info=\u00a0\u00bb{}\u00a0\u00bb]<\/p>\n<p><strong>CINQUI\u00c8ME LATINE (TROISI\u00c8ME DEGR\u00c9)<\/strong><br \/><strong>CINQUI\u00c8ME SCIENCES (TROISI\u00c8ME DEGR\u00c9)<\/strong><br \/><strong>CINQUI\u00c8ME SOCIO-\u00c9CONOMIE (TROISI\u00c8ME DEGR\u00c9)<\/strong><\/p>\n<p>L\u2019option \u00e9ducation physique (OC sport) peut donc \u00eatre suivie avec le programme de sciences 6 heures avec lequel elle forme un ensemble harmonieux de r\u00e9flexion sur la compl\u00e9mentarit\u00e9 entre le corps et son fonctionnement.<\/p>\n<p>Au 1er septembre 2022, l\u2019immersion en anglais (cours d\u2019anglais, histoire et g\u00e9ographie) est effective en 5GT.<\/p>\n<p>Au troisi\u00e8me degr\u00e9, les possibilit\u00e9s de formation augmentent encore. Attention toutefois, il est imp\u00e9ratif que la 5\u00e8me et la 6\u00e8me ann\u00e9es soient effectu\u00e9es dans la m\u00eame grille horaire, il est en effet interdit de modifier celle-ci en cours de cycle de d\u00e9termination.<\/p>\n<p>Les options restent dans la continuit\u00e9 (latin, sciences \u00e9conomiques et sciences) mais le choix devra, en plus, se porter sur un cours de math\u00e9matiques 4 ou 6 heures.<\/p>\n<p>Les langues feront l&rsquo;objet de toutes les attentions: n\u00e9erlandais 2 ou 4 heures ainsi que LA POSSIBILIT\u00c9 DE SUIVRE UN COURS D&rsquo;ESPAGNOL A 2 HEURES SEMAINE.<\/p>\n<div id=\"ConnectiveDocSignExtentionInstalled\" data-extension-version=\"1.0.4\">\u00a0<\/div>\n<p>[\/et_pb_tab][et_pb_tab title=\u00a0\u00bbSIXI\u00c8ME \u00a0\u00bb _builder_version=\u00a0\u00bb4.16&Prime; body_font=\u00a0\u00bb||||\u00a0\u00bb body_line_height=\u00a0\u00bb2em\u00a0\u00bb tab_font=\u00a0\u00bb||||\u00a0\u00bb tab_line_height=\u00a0\u00bb2em\u00a0\u00bb body_line_height_tablet=\u00a0\u00bb2em\u00a0\u00bb body_line_height_phone=\u00a0\u00bb2em\u00a0\u00bb tab_line_height_tablet=\u00a0\u00bb2em\u00a0\u00bb tab_line_height_phone=\u00a0\u00bb2em\u00a0\u00bb global_colors_info=\u00a0\u00bb{}\u00a0\u00bb]<\/p>\n<p><strong>SIXI\u00c8ME LATINE (TROISI\u00c8ME DEGR\u00c9)<\/strong><br \/><strong>SIXI\u00c8ME SCIENCES (TROISI\u00c8ME DEGR\u00c9)<\/strong><br \/><strong>SIXI\u00c8ME SOCIO-\u00c9CONOMIE (TROISI\u00c8ME DEGR\u00c9)<\/strong><\/p>\n<p>Les possibilit\u00e9s d&rsquo;option sont les m\u00eames qu&rsquo;en 5\u00e8me.<\/p>\n<p>[\/et_pb_tab][\/et_pb_tabs][\/et_pb_column][\/et_pb_row][\/et_pb_section]<\/p>\n","protected":false},"excerpt":{"rendered":"<p>OFFRES D&rsquo;ENSEIGNEMENT GRILLE HORAIRE 1er degr\u00e9GRILLE HORAIRE 2\u00e8me degr\u00e9 \u00a0GRILLE HORAIRE 3\u00e8me degr\u00e9 \u00a0GRILLE DE LECTURE DES OPTIONS LA PREMI\u00c8RE LATINE (PREMIER DEGR\u00c9) V\u00e9ritable transition entre l&rsquo;\u00e9cole fondamentale et les humanit\u00e9s, la 1C rev\u00eat une importance cruciale, c&rsquo;est pourquoi nous y accordons une grande attention. En 1\u00e8re,\u00a02 heures d&rsquo;activit\u00e9s compl\u00e9mentaires sont communes \u00e0 tous:\u00a0le latin,\u00a0langue [&hellip;]<\/p>\n","protected":false},"author":1,"featured_media":0,"parent":0,"menu_order":0,"comment_status":"closed","ping_status":"closed","template":"","meta":{"_et_pb_use_builder":"on","_et_pb_old_content":"","_et_gb_content_width":"","footnotes":""},"class_list":["post-98","page","type-page","status-publish","hentry"],"_links":{"self":[{"href":"http:\/\/www.sv-sf.be\/SFXL\/index.php?rest_route=\/wp\/v2\/pages\/98","targetHints":{"allow":["GET"]}}],"collection":[{"href":"http:\/\/www.sv-sf.be\/SFXL\/index.php?rest_route=\/wp\/v2\/pages"}],"about":[{"href":"http:\/\/www.sv-sf.be\/SFXL\/index.php?rest_route=\/wp\/v2\/types\/page"}],"author":[{"embeddable":true,"href":"http:\/\/www.sv-sf.be\/SFXL\/index.php?rest_route=\/wp\/v2\/users\/1"}],"replies":[{"embeddable":true,"href":"http:\/\/www.sv-sf.be\/SFXL\/index.php?rest_route=%2Fwp%2Fv2%2Fcomments&post=98"}],"version-history":[{"count":7,"href":"http:\/\/www.sv-sf.be\/SFXL\/index.php?rest_route=\/wp\/v2\/pages\/98\/revisions"}],"predecessor-version":[{"id":4270,"href":"http:\/\/www.sv-sf.be\/SFXL\/index.php?rest_route=\/wp\/v2\/pages\/98\/revisions\/4270"}],"wp:attachment":[{"href":"http:\/\/www.sv-sf.be\/SFXL\/index.php?rest_route=%2Fwp%2Fv2%2Fmedia&parent=98"}],"curies":[{"name":"wp","href":"https:\/\/api.w.org\/{rel}","templated":true}]}}