{"id":46,"date":"2016-03-31T11:35:27","date_gmt":"2016-03-31T09:35:27","guid":{"rendered":"http:\/\/www.sv-sf.be\/SVXL\/?page_id=46"},"modified":"2025-12-07T20:41:42","modified_gmt":"2025-12-07T19:41:42","slug":"actualites-2","status":"publish","type":"page","link":"https:\/\/www.sv-sf.be\/SVXL\/?page_id=46","title":{"rendered":"ACTUALIT\u00c9S"},"content":{"rendered":"<p>[et_pb_section fb_built=\u00a0\u00bb1&Prime; custom_padding_last_edited=\u00a0\u00bbon|desktop\u00a0\u00bb admin_label=\u00a0\u00bbsection\u00a0\u00bb _builder_version=\u00a0\u00bb4.16&Prime; background_color=\u00a0\u00bb#004080&Prime; background_image=\u00a0\u00bbhttps:\/\/www.sv-sf.be\/SVXL\/wp-content\/uploads\/2016\/05\/fond_menu.jpg\u00a0\u00bb custom_padding_tablet=\u00a0\u00bb50px|0|50px|0&Prime; custom_padding_phone=\u00a0\u00bb\u00a0\u00bb transparent_background=\u00a0\u00bboff\u00a0\u00bb padding_mobile=\u00a0\u00bboff\u00a0\u00bb global_colors_info=\u00a0\u00bb{}\u00a0\u00bb][et_pb_row padding_mobile=\u00a0\u00bboff\u00a0\u00bb column_padding_mobile=\u00a0\u00bbon\u00a0\u00bb admin_label=\u00a0\u00bbrow\u00a0\u00bb _builder_version=\u00a0\u00bb4.16&Prime; background_color=\u00a0\u00bbrgba(255,255,255,0)\u00a0\u00bb background_size=\u00a0\u00bbinitial\u00a0\u00bb background_position=\u00a0\u00bbtop_left\u00a0\u00bb background_repeat=\u00a0\u00bbrepeat\u00a0\u00bb global_colors_info=\u00a0\u00bb{}\u00a0\u00bb][et_pb_column type=\u00a0\u00bb4_4&Prime; _builder_version=\u00a0\u00bb4.16&Prime; background_color=\u00a0\u00bbrgba(255,255,255,0)\u00a0\u00bb custom_padding=\u00a0\u00bb|||\u00a0\u00bb global_colors_info=\u00a0\u00bb{}\u00a0\u00bb custom_padding__hover=\u00a0\u00bb|||\u00a0\u00bb][et_pb_text admin_label=\u00a0\u00bbACTUALIT\u00c9S\u00a0\u00bb _builder_version=\u00a0\u00bb4.24.2&Prime; text_font=\u00a0\u00bbCuprum|on|||\u00a0\u00bb text_text_color=\u00a0\u00bb#ffffff\u00a0\u00bb text_font_size=\u00a0\u00bb28&Prime; text_line_height=\u00a0\u00bb1.8em\u00a0\u00bb background_color=\u00a0\u00bbrgba(255,255,255,0)\u00a0\u00bb background_size=\u00a0\u00bbinitial\u00a0\u00bb background_position=\u00a0\u00bbtop_left\u00a0\u00bb background_repeat=\u00a0\u00bbrepeat\u00a0\u00bb text_orientation=\u00a0\u00bbcenter\u00a0\u00bb module_alignment=\u00a0\u00bbcenter\u00a0\u00bb custom_margin=\u00a0\u00bb0px||0px|\u00a0\u00bb custom_margin_last_edited=\u00a0\u00bboff|desktop\u00a0\u00bb custom_padding=\u00a0\u00bb0px||0px|\u00a0\u00bb text_font_size_tablet=\u00a0\u00bb\u00a0\u00bb text_font_size_phone=\u00a0\u00bb\u00a0\u00bb text_font_size_last_edited=\u00a0\u00bbon|phone\u00a0\u00bb border_color=\u00a0\u00bb#000000&Prime; border_style=\u00a0\u00bbsolid\u00a0\u00bb global_colors_info=\u00a0\u00bb{}\u00a0\u00bb]ACTUALIT\u00c9S<br \/>\n[\/et_pb_text][\/et_pb_column][\/et_pb_row][\/et_pb_section][et_pb_section fb_built=\u00a0\u00bb1&Prime; custom_padding_last_edited=\u00a0\u00bbon|desktop\u00a0\u00bb _builder_version=\u00a0\u00bb4.16&Prime; background_color=\u00a0\u00bb#e6e6fa\u00a0\u00bb custom_padding_tablet=\u00a0\u00bb50px|0|50px|0&Prime; custom_padding_phone=\u00a0\u00bb\u00a0\u00bb transparent_background=\u00a0\u00bboff\u00a0\u00bb padding_mobile=\u00a0\u00bboff\u00a0\u00bb global_colors_info=\u00a0\u00bb{}\u00a0\u00bb][et_pb_row column_structure=\u00a0\u00bb1_4,3_4&Prime; padding_mobile=\u00a0\u00bboff\u00a0\u00bb column_padding_mobile=\u00a0\u00bbon\u00a0\u00bb _builder_version=\u00a0\u00bb4.16&Prime; background_size=\u00a0\u00bbinitial\u00a0\u00bb background_position=\u00a0\u00bbtop_left\u00a0\u00bb background_repeat=\u00a0\u00bbrepeat\u00a0\u00bb global_colors_info=\u00a0\u00bb{}\u00a0\u00bb][et_pb_column type=\u00a0\u00bb1_4&Prime; _builder_version=\u00a0\u00bb4.16&Prime; custom_padding=\u00a0\u00bb|||\u00a0\u00bb global_colors_info=\u00a0\u00bb{}\u00a0\u00bb custom_padding__hover=\u00a0\u00bb|||\u00a0\u00bb][et_pb_image src=\u00a0\u00bbhttps:\/\/www.sv-sf.be\/SVXL\/wp-content\/uploads\/2016\/04\/actualites.jpg\u00a0\u00bb title_text=\u00a0\u00bbactualites\u00a0\u00bb align_tablet=\u00a0\u00bbcenter\u00a0\u00bb align_phone=\u00a0\u00bb\u00a0\u00bb align_last_edited=\u00a0\u00bbon|desktop\u00a0\u00bb disabled_on=\u00a0\u00bboff|off|off\u00a0\u00bb admin_label=\u00a0\u00bbPHOTO\u00a0\u00bb _builder_version=\u00a0\u00bb4.16&Prime; animation_direction=\u00a0\u00bbleft\u00a0\u00bb border_width_all=\u00a0\u00bb1px\u00a0\u00bb border_color_all=\u00a0\u00bb#004080&Prime; border_style_all=\u00a0\u00bbsolid\u00a0\u00bb use_border_color=\u00a0\u00bbon\u00a0\u00bb border_color=\u00a0\u00bb#004080&Prime; border_style=\u00a0\u00bbsolid\u00a0\u00bb animation=\u00a0\u00bbleft\u00a0\u00bb sticky=\u00a0\u00bboff\u00a0\u00bb always_center_on_mobile=\u00a0\u00bbon\u00a0\u00bb locked=\u00a0\u00bboff\u00a0\u00bb global_colors_info=\u00a0\u00bb{}\u00a0\u00bb][\/et_pb_image][\/et_pb_column][et_pb_column type=\u00a0\u00bb3_4&Prime; _builder_version=\u00a0\u00bb4.16&Prime; custom_padding=\u00a0\u00bb|||\u00a0\u00bb global_colors_info=\u00a0\u00bb{}\u00a0\u00bb custom_padding__hover=\u00a0\u00bb|||\u00a0\u00bb][et_pb_testimonial author=\u00a0\u00bbV. Mar\u00e9chal\u00a0\u00bb job_title=\u00a0\u00bbDirecteur\u00a0\u00bb company_name=\u00a0\u00bbColl\u00e8ge Saint Vincent (07\/12\/2025)\u00a0\u00bb portrait_url=\u00a0\u00bbhttps:\/\/www.sv-sf.be\/SVXL\/wp-content\/uploads\/2016\/05\/date.png\u00a0\u00bb quote_icon_color=\u00a0\u00bb#004080&Prime; portrait_width=\u00a0\u00bb128&Prime; portrait_height=\u00a0\u00bb128&Prime; admin_label=\u00a0\u00bbInscriptions\u00a0\u00bb _builder_version=\u00a0\u00bb4.27.4&Prime; body_font_size=\u00a0\u00bb15&Prime; background_color=\u00a0\u00bb#ffffff\u00a0\u00bb background_size=\u00a0\u00bbinitial\u00a0\u00bb background_position=\u00a0\u00bbtop_left\u00a0\u00bb background_repeat=\u00a0\u00bbrepeat\u00a0\u00bb text_orientation=\u00a0\u00bbjustified\u00a0\u00bb hover_enabled=\u00a0\u00bb0&Prime; body_font_size_tablet=\u00a0\u00bb\u00a0\u00bb body_font_size_phone=\u00a0\u00bb\u00a0\u00bb body_font_size_last_edited=\u00a0\u00bbon|phone\u00a0\u00bb border_width_all=\u00a0\u00bb1&Prime; global_colors_info=\u00a0\u00bb{}\u00a0\u00bb sticky_enabled=\u00a0\u00bb0&Prime;]<\/p>\n<p><strong>INSCRIPTIONS<\/strong><\/p>\n<p><strong><span style=\"text-decoration: underline;\">1\u00e8re Tronc Commun<\/span><\/strong>&#8211; d\u00e8s le <strong>lundi 2 f\u00e9vrier 2026 sans rendez-vous<\/strong><\/p>\n<p><span style=\"text-decoration: underline;\">Les autres classes (<strong>2e &#8211;&gt;7e<\/strong>)<\/span> <strong>d\u00e8s le 07 janvier 2026<\/strong> en prenant rendez-vous au 02 \/ 648 10 70<\/p>\n<p>[\/et_pb_testimonial][et_pb_testimonial author=\u00a0\u00bbM. Vincent Mar\u00e9chal\u00a0\u00bb job_title=\u00a0\u00bbDirecteur\u00a0\u00bb company_name=\u00a0\u00bbColl\u00e8ge Saint Vincent (23\/11\/2025)\u00a0\u00bb portrait_url=\u00a0\u00bbhttps:\/\/www.sv-sf.be\/SVXL\/wp-content\/uploads\/2016\/05\/info.png\u00a0\u00bb quote_icon_color=\u00a0\u00bb#004080&Prime; portrait_width=\u00a0\u00bb128&Prime; portrait_height=\u00a0\u00bb128&Prime; admin_label=\u00a0\u00bb\u00c9PH\u00c9M\u00c9RIDES\u00a0\u00bb _builder_version=\u00a0\u00bb4.27.4&Prime; body_font_size=\u00a0\u00bb15&Prime; background_color=\u00a0\u00bb#ffffff\u00a0\u00bb background_size=\u00a0\u00bbinitial\u00a0\u00bb background_position=\u00a0\u00bbtop_left\u00a0\u00bb background_repeat=\u00a0\u00bbrepeat\u00a0\u00bb text_orientation=\u00a0\u00bbjustified\u00a0\u00bb body_font_size_tablet=\u00a0\u00bb\u00a0\u00bb body_font_size_phone=\u00a0\u00bb\u00a0\u00bb body_font_size_last_edited=\u00a0\u00bbon|phone\u00a0\u00bb border_width_all=\u00a0\u00bb1&Prime; global_colors_info=\u00a0\u00bb{}\u00a0\u00bb]<\/p>\n<h3 style=\"text-align: left;\"><strong><span style=\"color: black;\">\u00c9PH\u00c9M\u00c9RIDES<\/span><\/strong><\/h3>\n<h4 style=\"text-align: left;\">Pour plus de d\u00e9tails sur l&rsquo;actualit\u00e9 du Coll\u00e8ge, allez sur l&rsquo;onglet \u00ab\u00a0\u00c9ph\u00e9m\u00e9rides\u00a0\u00bb et cliquez sur \u00ab\u00a0\u00c9ph\u00e9m\u00e9rides\u00a0\u00bb<\/h4>\n<p>[\/et_pb_testimonial][et_pb_testimonial author=\u00a0\u00bbV. Mar\u00e9chal\u00a0\u00bb job_title=\u00a0\u00bbDirecteur\u00a0\u00bb company_name=\u00a0\u00bbColl\u00e8ge Saint Vincent (07\/12\/2025)\u00a0\u00bb portrait_url=\u00a0\u00bbhttps:\/\/www.sv-sf.be\/SVXL\/wp-content\/uploads\/2016\/05\/date.png\u00a0\u00bb quote_icon_color=\u00a0\u00bb#004080&Prime; portrait_width=\u00a0\u00bb128&Prime; portrait_height=\u00a0\u00bb128&Prime; admin_label=\u00a0\u00bb6e g\u00e9n\u00e9rale\u00a0\u00bb _builder_version=\u00a0\u00bb4.27.4&Prime; body_font_size=\u00a0\u00bb15&Prime; background_color=\u00a0\u00bb#ffffff\u00a0\u00bb background_size=\u00a0\u00bbinitial\u00a0\u00bb background_position=\u00a0\u00bbtop_left\u00a0\u00bb background_repeat=\u00a0\u00bbrepeat\u00a0\u00bb text_orientation=\u00a0\u00bbjustified\u00a0\u00bb body_font_size_tablet=\u00a0\u00bb\u00a0\u00bb body_font_size_phone=\u00a0\u00bb\u00a0\u00bb body_font_size_last_edited=\u00a0\u00bbon|phone\u00a0\u00bb border_width_all=\u00a0\u00bb1&Prime; global_colors_info=\u00a0\u00bb{}\u00a0\u00bb]<\/p>\n<p>OUVERTURE EN AO\u00dbT 2026 :<br \/>6e ann\u00e9e Transition G\u00e9n\u00e9rale<br \/>Sciences \u00e9conomiques 4 heures \/ Anglais 4 heures<\/p>\n<p>[\/et_pb_testimonial][et_pb_testimonial author=\u00a0\u00bbM. Vincent Mar\u00e9chal\u00a0\u00bb job_title=\u00a0\u00bbDirecteur\u00a0\u00bb company_name=\u00a0\u00bbColl\u00e8ge Saint Vincent (14\/10\/2020)\u00a0\u00bb portrait_url=\u00a0\u00bbhttps:\/\/www.sv-sf.be\/SVXL\/wp-content\/uploads\/2016\/05\/info.png\u00a0\u00bb quote_icon_color=\u00a0\u00bb#004080&Prime; portrait_width=\u00a0\u00bb128&Prime; portrait_height=\u00a0\u00bb128&Prime; admin_label=\u00a0\u00bbPROTOCOLES COVID-19&Prime; _builder_version=\u00a0\u00bb4.16&Prime; body_font_size=\u00a0\u00bb15&Prime; background_color=\u00a0\u00bb#ffffff\u00a0\u00bb background_size=\u00a0\u00bbinitial\u00a0\u00bb background_position=\u00a0\u00bbtop_left\u00a0\u00bb background_repeat=\u00a0\u00bbrepeat\u00a0\u00bb text_orientation=\u00a0\u00bbjustified\u00a0\u00bb body_font_size_tablet=\u00a0\u00bb\u00a0\u00bb body_font_size_phone=\u00a0\u00bb\u00a0\u00bb body_font_size_last_edited=\u00a0\u00bbon|phone\u00a0\u00bb border_width_all=\u00a0\u00bb1&Prime; global_colors_info=\u00a0\u00bb{}\u00a0\u00bb]<\/p>\n<h3 style=\"text-align: left;\"><strong><span style=\"color: black;\">PROTOCOLES COVID-19<\/span><\/strong><\/h3>\n<h4 style=\"text-align: left;\">Madame, Monsieur, Chers Parents,<\/h4>\n<h4 style=\"text-align: left;\">Veuillez prendre connaissance des documents suivants :<\/h4>\n<ul>\n<li><a href=\"https:\/\/www.sv-sf.be\/SVXL\/wp-content\/uploads\/2020\/10\/enfant_malade.pdf\" target=\"_blank\" rel=\"attachment noopener wp-att-2682 noreferrer\">Mon enfant est malade<\/a><\/li>\n<li><a href=\"https:\/\/www.sv-sf.be\/SVXL\/wp-content\/uploads\/2020\/10\/contact_positif_ecole.pdf\" target=\"_blank\" rel=\"attachment noopener wp-att-2682 noreferrer\">Mon enfant a \u00e9t\u00e9 en contact avec un camarade de classe test\u00e9 positif<\/a><\/li>\n<li><a href=\"https:\/\/www.sv-sf.be\/SVXL\/wp-content\/uploads\/2020\/10\/contact_positif_foyer_familial.pdf\" target=\"_blank\" rel=\"attachment noopener wp-att-2682 noreferrer\">Mon enfant a \u00e9t\u00e9 en contact avec une personne positive au sein du foyer familial<\/a><\/li>\n<li><a href=\"https:\/\/www.sv-sf.be\/SVXL\/wp-content\/uploads\/2020\/10\/enseignant_positif.pdf\" target=\"_blank\" rel=\"attachment noopener wp-att-2682 noreferrer\">Un enseignant ou un encadrant a \u00e9t\u00e9 test\u00e9 positif<\/a><\/li>\n<\/ul>\n<p>[\/et_pb_testimonial][\/et_pb_column][\/et_pb_row][\/et_pb_section]<\/p>\n","protected":false},"excerpt":{"rendered":"<p>ACTUALIT\u00c9S INSCRIPTIONS 1\u00e8re Tronc Commun- d\u00e8s le lundi 2 f\u00e9vrier 2026 sans rendez-vous Les autres classes (2e &#8211;&gt;7e) d\u00e8s le 07 janvier 2026 en prenant rendez-vous au 02 \/ 648 10 70\u00c9PH\u00c9M\u00c9RIDES Pour plus de d\u00e9tails sur l&rsquo;actualit\u00e9 du Coll\u00e8ge, allez sur l&rsquo;onglet \u00ab\u00a0\u00c9ph\u00e9m\u00e9rides\u00a0\u00bb et cliquez sur \u00ab\u00a0\u00c9ph\u00e9m\u00e9rides\u00a0\u00bbOUVERTURE EN AO\u00dbT 2026 :6e ann\u00e9e Transition G\u00e9n\u00e9raleSciences [&hellip;]<\/p>\n","protected":false},"author":1,"featured_media":0,"parent":0,"menu_order":0,"comment_status":"closed","ping_status":"closed","template":"","meta":{"_et_pb_use_builder":"on","_et_pb_old_content":"[attachments nofollow=1 include=\"252\"]","_et_gb_content_width":"","footnotes":""},"class_list":["post-46","page","type-page","status-publish","hentry"],"_links":{"self":[{"href":"https:\/\/www.sv-sf.be\/SVXL\/index.php?rest_route=\/wp\/v2\/pages\/46","targetHints":{"allow":["GET"]}}],"collection":[{"href":"https:\/\/www.sv-sf.be\/SVXL\/index.php?rest_route=\/wp\/v2\/pages"}],"about":[{"href":"https:\/\/www.sv-sf.be\/SVXL\/index.php?rest_route=\/wp\/v2\/types\/page"}],"author":[{"embeddable":true,"href":"https:\/\/www.sv-sf.be\/SVXL\/index.php?rest_route=\/wp\/v2\/users\/1"}],"replies":[{"embeddable":true,"href":"https:\/\/www.sv-sf.be\/SVXL\/index.php?rest_route=%2Fwp%2Fv2%2Fcomments&post=46"}],"version-history":[{"count":27,"href":"https:\/\/www.sv-sf.be\/SVXL\/index.php?rest_route=\/wp\/v2\/pages\/46\/revisions"}],"predecessor-version":[{"id":28247,"href":"https:\/\/www.sv-sf.be\/SVXL\/index.php?rest_route=\/wp\/v2\/pages\/46\/revisions\/28247"}],"wp:attachment":[{"href":"https:\/\/www.sv-sf.be\/SVXL\/index.php?rest_route=%2Fwp%2Fv2%2Fmedia&parent=46"}],"curies":[{"name":"wp","href":"https:\/\/api.w.org\/{rel}","templated":true}]}}