{"id":53,"date":"2016-03-31T11:38:47","date_gmt":"2016-03-31T10:38:47","guid":{"rendered":"http:\/\/www.sv-sf.be\/SVXL\/?page_id=53"},"modified":"2025-12-02T19:37:39","modified_gmt":"2025-12-02T18:37:39","slug":"offres-options","status":"publish","type":"page","link":"https:\/\/www.sv-sf.be\/SVXL\/?page_id=53","title":{"rendered":"OFFRES &#038; OPTIONS"},"content":{"rendered":"<p>[et_pb_section fb_built=\u00a0\u00bb1&Prime; custom_padding_last_edited=\u00a0\u00bbon|desktop\u00a0\u00bb admin_label=\u00a0\u00bbsection\u00a0\u00bb _builder_version=\u00a0\u00bb4.16&Prime; background_color=\u00a0\u00bb#004080&Prime; background_image=\u00a0\u00bbhttps:\/\/www.sv-sf.be\/SVXL\/wp-content\/uploads\/2016\/05\/fond_menu.jpg\u00a0\u00bb custom_padding_tablet=\u00a0\u00bb50px|0|50px|0&Prime; custom_padding_phone=\u00a0\u00bb\u00a0\u00bb transparent_background=\u00a0\u00bboff\u00a0\u00bb padding_mobile=\u00a0\u00bboff\u00a0\u00bb make_fullwidth=\u00a0\u00bboff\u00a0\u00bb use_custom_width=\u00a0\u00bboff\u00a0\u00bb width_unit=\u00a0\u00bbon\u00a0\u00bb global_colors_info=\u00a0\u00bb{}\u00a0\u00bb][et_pb_row padding_mobile=\u00a0\u00bboff\u00a0\u00bb column_padding_mobile=\u00a0\u00bbon\u00a0\u00bb admin_label=\u00a0\u00bbrow\u00a0\u00bb _builder_version=\u00a0\u00bb4.16&Prime; background_color=\u00a0\u00bbrgba(255,255,255,0)\u00a0\u00bb background_size=\u00a0\u00bbinitial\u00a0\u00bb background_position=\u00a0\u00bbtop_left\u00a0\u00bb background_repeat=\u00a0\u00bbrepeat\u00a0\u00bb make_fullwidth=\u00a0\u00bboff\u00a0\u00bb use_custom_width=\u00a0\u00bboff\u00a0\u00bb width_unit=\u00a0\u00bbon\u00a0\u00bb global_colors_info=\u00a0\u00bb{}\u00a0\u00bb][et_pb_column type=\u00a0\u00bb4_4&Prime; _builder_version=\u00a0\u00bb4.16&Prime; background_color=\u00a0\u00bbrgba(255,255,255,0)\u00a0\u00bb custom_padding=\u00a0\u00bb|||\u00a0\u00bb global_colors_info=\u00a0\u00bb{}\u00a0\u00bb custom_padding__hover=\u00a0\u00bb|||\u00a0\u00bb][et_pb_text admin_label=\u00a0\u00bbOFFRES &#038; OPTIONS\u00a0\u00bb _builder_version=\u00a0\u00bb4.16&Prime; text_font=\u00a0\u00bbCuprum|on|||\u00a0\u00bb text_text_color=\u00a0\u00bb#ffffff\u00a0\u00bb text_font_size=\u00a0\u00bb28&Prime; text_line_height=\u00a0\u00bb1.8em\u00a0\u00bb background_color=\u00a0\u00bbrgba(255,255,255,0)\u00a0\u00bb background_size=\u00a0\u00bbinitial\u00a0\u00bb background_position=\u00a0\u00bbtop_left\u00a0\u00bb background_repeat=\u00a0\u00bbrepeat\u00a0\u00bb text_orientation=\u00a0\u00bbcenter\u00a0\u00bb module_alignment=\u00a0\u00bbcenter\u00a0\u00bb custom_margin=\u00a0\u00bb0px||0px|\u00a0\u00bb custom_padding=\u00a0\u00bb0px||0px|\u00a0\u00bb text_font_size_last_edited=\u00a0\u00bboff|phone\u00a0\u00bb use_border_color=\u00a0\u00bboff\u00a0\u00bb border_color=\u00a0\u00bb#000000&Prime; border_style=\u00a0\u00bbsolid\u00a0\u00bb global_colors_info=\u00a0\u00bb{}\u00a0\u00bb] OFFRES &amp; OPTIONS [\/et_pb_text][\/et_pb_column][\/et_pb_row][\/et_pb_section][et_pb_section fb_built=\u00a0\u00bb1&Prime; custom_padding_last_edited=\u00a0\u00bbon|desktop\u00a0\u00bb admin_label=\u00a0\u00bbSection\u00a0\u00bb _builder_version=\u00a0\u00bb4.16&Prime; background_color=\u00a0\u00bb#e6e6fa\u00a0\u00bb custom_padding_tablet=\u00a0\u00bb50px|0|50px|0&Prime; custom_padding_phone=\u00a0\u00bb\u00a0\u00bb transparent_background=\u00a0\u00bboff\u00a0\u00bb padding_mobile=\u00a0\u00bboff\u00a0\u00bb make_fullwidth=\u00a0\u00bboff\u00a0\u00bb use_custom_width=\u00a0\u00bboff\u00a0\u00bb width_unit=\u00a0\u00bbon\u00a0\u00bb global_colors_info=\u00a0\u00bb{}\u00a0\u00bb][et_pb_row column_structure=\u00a0\u00bb1_2,1_2&Prime; admin_label=\u00a0\u00bbLigne\u00a0\u00bb _builder_version=\u00a0\u00bb4.16&Prime; background_size=\u00a0\u00bbinitial\u00a0\u00bb background_position=\u00a0\u00bbtop_left\u00a0\u00bb background_repeat=\u00a0\u00bbrepeat\u00a0\u00bb global_colors_info=\u00a0\u00bb{}\u00a0\u00bb][et_pb_column type=\u00a0\u00bb1_2&Prime; _builder_version=\u00a0\u00bb4.16&Prime; custom_padding=\u00a0\u00bb|||\u00a0\u00bb global_colors_info=\u00a0\u00bb{}\u00a0\u00bb custom_padding__hover=\u00a0\u00bb|||\u00a0\u00bb][et_pb_text admin_label=\u00a0\u00bbNOTRE OFFRE\u00a0\u00bb _builder_version=\u00a0\u00bb4.16&Prime; text_font=\u00a0\u00bbCuprum|on|||\u00a0\u00bb text_text_color=\u00a0\u00bb#004080&Prime; text_font_size=\u00a0\u00bb18&Prime; background_size=\u00a0\u00bbinitial\u00a0\u00bb background_position=\u00a0\u00bbtop_left\u00a0\u00bb background_repeat=\u00a0\u00bbrepeat\u00a0\u00bb custom_margin=\u00a0\u00bb0px||5px|\u00a0\u00bb use_border_color=\u00a0\u00bboff\u00a0\u00bb border_color=\u00a0\u00bb#ffffff\u00a0\u00bb border_style=\u00a0\u00bbsolid\u00a0\u00bb saved_tabs=\u00a0\u00bball\u00a0\u00bb global_colors_info=\u00a0\u00bb{}\u00a0\u00bb]NOTRE OFFRE D&rsquo;ENSEIGNEMENT<br \/>\n[\/et_pb_text][et_pb_divider admin_label=\u00a0\u00bbLIGNE\u00a0\u00bb _builder_version=\u00a0\u00bb4.16&Prime; height=\u00a0\u00bb2px\u00a0\u00bb hide_on_mobile=\u00a0\u00bboff\u00a0\u00bb saved_tabs=\u00a0\u00bball\u00a0\u00bb global_colors_info=\u00a0\u00bb{}\u00a0\u00bb] [\/et_pb_divider][et_pb_image src=\u00a0\u00bbhttps:\/\/www.sv-sf.be\/SVXL\/wp-content\/uploads\/2025\/11\/offre-enseignement-sv-2025-1.png\u00a0\u00bb title_text=\u00a0\u00bboffre-enseignement-sv-2025&Prime; url=\u00a0\u00bbhttps:\/\/www.sv-sf.be\/SVXL\/wp-content\/uploads\/2025\/11\/offre-enseignement-sv-2025.png\u00a0\u00bb url_new_window=\u00a0\u00bbon\u00a0\u00bb align=\u00a0\u00bbcenter\u00a0\u00bb align_tablet=\u00a0\u00bbcenter\u00a0\u00bb align_phone=\u00a0\u00bb\u00a0\u00bb align_last_edited=\u00a0\u00bbon|desktop\u00a0\u00bb admin_label=\u00a0\u00bbDIAGRAMME\u00a0\u00bb _builder_version=\u00a0\u00bb4.27.4&Prime; use_border_color=\u00a0\u00bboff\u00a0\u00bb border_color=\u00a0\u00bb#ffffff\u00a0\u00bb border_style=\u00a0\u00bbsolid\u00a0\u00bb animation=\u00a0\u00bboff\u00a0\u00bb sticky=\u00a0\u00bboff\u00a0\u00bb always_center_on_mobile=\u00a0\u00bbon\u00a0\u00bb global_colors_info=\u00a0\u00bb{}\u00a0\u00bb] [\/et_pb_image][\/et_pb_column][et_pb_column type=\u00a0\u00bb1_2&Prime; _builder_version=\u00a0\u00bb4.16&Prime; custom_padding=\u00a0\u00bb|||\u00a0\u00bb global_colors_info=\u00a0\u00bb{}\u00a0\u00bb custom_padding__hover=\u00a0\u00bb|||\u00a0\u00bb][et_pb_accordion closed_toggle_background_color=\u00a0\u00bb#e9f1f4&Prime; admin_label=\u00a0\u00bbDETAILS OFFRES\u00a0\u00bb _builder_version=\u00a0\u00bb4.27.4&Prime; toggle_text_color=\u00a0\u00bb#004080&Prime; toggle_font=\u00a0\u00bbCuprum||||\u00a0\u00bb toggle_font_size=\u00a0\u00bb18&Prime; body_text_color=\u00a0\u00bb#000000&Prime; body_font_size=\u00a0\u00bb16&Prime; hover_enabled=\u00a0\u00bb0&Prime; border_width_all=\u00a0\u00bb1px\u00a0\u00bb border_color_all=\u00a0\u00bb#0c71c3&Prime; border_style_all=\u00a0\u00bbsolid\u00a0\u00bb use_border_color=\u00a0\u00bbon\u00a0\u00bb border_color=\u00a0\u00bb#0c71c3&Prime; border_style=\u00a0\u00bbsolid\u00a0\u00bb global_colors_info=\u00a0\u00bb{}\u00a0\u00bb sticky_enabled=\u00a0\u00bb0&Prime;][et_pb_accordion_item title=\u00a0\u00bbS1 &#8211; 2e COMMUNE ET SUPPLEMENTAIRE &#8211; 2e DIFFERENCIEE\u00a0\u00bb open=\u00a0\u00bbon\u00a0\u00bb _builder_version=\u00a0\u00bb4.27.4&Prime; global_colors_info=\u00a0\u00bb{}\u00a0\u00bb]<\/p>\n<p style=\"text-align: justify;\">Notre \u00e9cole est une \u00e9cole \u00e0 taille humaine et entend le rester. Elle accueille des \u00e9l\u00e8ves d\u2019origines sociales et culturelles diverses sans toutefois \u00eatre un ghetto. Ceci permet tol\u00e9rance, ouverture d\u2019esprit et abandon de \u00ab clich\u00e9s \u00bb ou d\u2019id\u00e9es toutes faites.<\/p>\n<p style=\"text-align: justify;\">Ces ann\u00e9es poursuivent 4 objectifs :<\/p>\n<ol style=\"text-align: justify;\">\n<li>assumer une formation de base,<\/li>\n<li>observer et \u00e9valuer aptitudes et attitudes,<\/li>\n<li>aider chacun \u00e0 d\u00e9couvrir ses possibilit\u00e9s et richesses personnelles,<\/li>\n<li>pr\u00e9parer chaque \u00e9l\u00e8ve \u00e0 faire le bon choix pour la 3e ann\u00e9e.<\/li>\n<\/ol>\n<p style=\"text-align: justify;\">Ainsi, nous avons fait le choix de pr\u00e9server des petits groupes d\u2019\u00e9l\u00e8ves surtout dans le premier degr\u00e9 diff\u00e9renci\u00e9 (1e\u00a0 Diff\u00e9renci\u00e9e \u2013 2e Diff\u00e9renci\u00e9e) ou dans les classes compl\u00e9mentaires du premier degr\u00e9 g\u00e9n\u00e9ral (1S ou 2S) afin de pouvoir r\u00e9pondre, avec le Conseil de guidance, le Conseil de classe et le PMS, au quatri\u00e8me objectif cit\u00e9.<\/p>\n<ul>\n<li style=\"text-align: justify;\"><a href=\"https:\/\/www.sv-sf.be\/SVXL\/wp-content\/uploads\/2025\/12\/Folder_S1.pdf\" target=\"_blank\" rel=\"noopener\">S1 [PDF]<\/a><\/li>\n<li style=\"text-align: justify;\"><a href=\"https:\/\/www.sv-sf.be\/SVXL\/wp-content\/uploads\/2025\/12\/Folder_2CS.pdf\" target=\"_blank\" rel=\"noopener\">2e Commune et Suppl\u00e9mentaire [PDF]<\/a><\/li>\n<li style=\"text-align: justify;\"><a href=\"https:\/\/www.sv-sf.be\/SVXL\/wp-content\/uploads\/2025\/12\/Folder_2D.pdf\" target=\"_blank\" rel=\"noopener\">2e\u00a0Diff\u00e9renci\u00e9e [PDF]<\/a><\/li>\n<\/ul>\n<p>[\/et_pb_accordion_item][et_pb_accordion_item title=\u00a0\u00bb3e TECHNIQUES DE QUALIFICATIN SOCIALES ET D&rsquo;ANIMATION &#8211; 4e\/5e\/6e AGENT D&rsquo;EDUCATION\u00a0\u00bb _builder_version=\u00a0\u00bb4.27.4&Prime; global_colors_info=\u00a0\u00bb{}\u00a0\u00bb open=\u00a0\u00bboff\u00a0\u00bb]<\/p>\n<p style=\"text-align: justify;\">L&rsquo;\u00e9ducateur est un travailleur social qui favorise le d\u00e9veloppement personnel, social et l&rsquo;autonomie des personnes qu&rsquo;il accompagne. Il exerce son m\u00e9tier dans diff\u00e9rents secteurs :<\/p>\n<ul>\n<li style=\"text-align: justify;\">Le secteur d&rsquo;aide \u00e0 la jeunesse : maisons familiales, centres d&rsquo;accueil, institutions publiques (<strong>IPPJ<\/strong>), de protection de la jeunesse\u2026<\/li>\n<li style=\"text-align: justify;\">Le secteur d&rsquo;aide aux personnes handicap\u00e9es, aux personnes \u00e2g\u00e9es.<\/li>\n<li style=\"text-align: justify;\">Le secteur de la sant\u00e9.<\/li>\n<li style=\"text-align: justify;\">Le secteur socio-culturel.<\/li>\n<\/ul>\n<div id=\"sconnect-is-installed\" style=\"display: none;\">2.12.0.0<\/div>\n<div id=\"sconnect-is-installed\" style=\"display: none;\">2.12.0.0<\/div>\n<div id=\"sconnect-is-installed\" style=\"display: none;\">2.12.0.0<\/div>\n<div id=\"sconnect-is-installed\" style=\"display: none;\">2.12.0.0<\/div>\n<div id=\"sconnect-is-installed\" style=\"display: none;\">2.12.0.0<\/div>\n<div id=\"sconnect-is-installed\" style=\"display: none;\">2.12.0.0<\/div>\n<ul>\n<li style=\"text-align: justify;\"><a href=\"https:\/\/www.sv-sf.be\/SVXL\/wp-content\/uploads\/2025\/12\/Folder_3e_SOC.pdf\" target=\"_blank\" rel=\"noopener\">3e Techniques Sociales et Animation [PDF]<\/a><\/li>\n<li style=\"text-align: justify;\"><a href=\"https:\/\/www.sv-sf.be\/SVXL\/wp-content\/uploads\/2025\/12\/Folder_4-5-6_AE.pdf\" target=\"_blank\" rel=\"noopener\">4e\/5e\/6e Agent Education [PDF]<\/a><\/li>\n<\/ul>\n<div id=\"sconnect-is-installed\" style=\"display: none;\">2.12.0.0<\/div>\n<div id=\"ConnectiveDocSignExtentionInstalled\" data-extension-version=\"1.0.4\">\u00a0<\/div>\n<p>[\/et_pb_accordion_item][et_pb_accordion_item title=\u00a0\u00bb3e\/4e\/5e\/6e TRANSITION GENERAL &#8211; SCIENCES ECONOMIQUES \/ LANGUES MODERNES\u00a0\u00bb _builder_version=\u00a0\u00bb4.27.4&Prime; global_colors_info=\u00a0\u00bb{}\u00a0\u00bb open=\u00a0\u00bboff\u00a0\u00bb]<\/p>\n<p style=\"text-align: justify;\">Pour acc\u00e9der \u00e0 cette troisi\u00e8me g\u00e9n\u00e9rale, il faut avoir obtenu le CE1D.<\/p>\n<p>Cette option fourni aux \u00e9l\u00e8ves une compr\u00e9hension approfondie du monde qui les entoure, ainsi qu\u2019une ma\u00eetrise de diverses formes de raisonnement et un esprit critique leur permettant de prendre position de mani\u00e8re \u00e9clair\u00e9e sur de nombreuses questions de soci\u00e9t\u00e9 et de citoyennet\u00e9.<\/p>\n<p>A la fin de la sixi\u00e8me ann\u00e9e, on pourra obtenir le Certificat d\u2019Enseignement Secondaire Sup\u00e9rieur (C.E.S.S.). Cette certification garanti aux \u00e9l\u00e8ves l\u2019acc\u00e8s aux \u00e9tudes universitaires et sup\u00e9rieures, notamment dans le domaine de l\u2019\u00e9conomie (marketing, comptabilit\u00e9, commerce, gestion\u2026) mais \u00e9galement dans le domaine de l\u2019\u00e9conomie politique.<\/p>\n<ul>\n<li style=\"text-align: justify;\"><a href=\"https:\/\/www.sv-sf.be\/SVXL\/wp-content\/uploads\/2025\/12\/Folder_3e-6e_GT-Sciences-Eco_Langues-Modernes.pdf\" target=\"_blank\" rel=\"noopener\">Sciences \u00e9conomiques &#8211; Langues Modernes [PDF]<\/a><\/li>\n<\/ul>\n<div id=\"sconnect-is-installed\" style=\"display: none;\">2.12.0.0<\/div>\n<div id=\"sconnect-is-installed\" style=\"display: none;\">2.12.0.0<\/div>\n<div id=\"sconnect-is-installed\" style=\"display: none;\">2.12.0.0<\/div>\n<div id=\"sconnect-is-installed\" style=\"display: none;\">2.12.0.0<\/div>\n<div id=\"sconnect-is-installed\" style=\"display: none;\">2.12.0.0<\/div>\n<div id=\"sconnect-is-installed\" style=\"display: none;\">2.12.0.0<\/div>\n<div id=\"sconnect-is-installed\" style=\"display: none;\">2.12.0.0<\/div>\n<div id=\"ConnectiveDocSignExtentionInstalled\" data-extension-version=\"1.0.4\"><\/div>\n<p>[\/et_pb_accordion_item][et_pb_accordion_item title=\u00a0\u00bb3e\/4e &#8211; 5e\/6e TECHNIQUE DE TRANSITION &#8211; SCIENCES SOCIALES ET EDUCATIVES\u00a0\u00bb _builder_version=\u00a0\u00bb4.27.4&Prime; global_colors_info=\u00a0\u00bb{}\u00a0\u00bb open=\u00a0\u00bboff\u00a0\u00bb]<\/p>\n<p>Pour acc\u00e9der \u00e0 cette troisi\u00e8me technique de Transition, il faut avoir obtenu le CE1D.<\/p>\n<p>Cette option fourni aux \u00e9l\u00e8ves une compr\u00e9hension approfondie du monde qui les entoure, ainsi qu\u2019une ma\u00eetrise de diverses formes de raisonnement et un esprit critique leur permettant de prendre position de mani\u00e8re \u00e9clair\u00e9e sur de nombreuses questions de soci\u00e9t\u00e9 et de citoyennet\u00e9.<\/p>\n<p>A la fin de la sixi\u00e8me ann\u00e9e, on pourra obtenir le Certificat d\u2019Enseignement Secondaire Sup\u00e9rieur (C.E.S.S.). Cette certification garanti aux \u00e9l\u00e8ves l\u2019acc\u00e8s aux \u00e9tudes universitaires et sup\u00e9rieures, notamment dans les domaines \u00e9ducatifs et sociaux tels que psychologie, p\u00e9dagogie, enseignement&#8230;<\/p>\n<ul>\n<li style=\"text-align: justify;\"><a href=\"https:\/\/www.sv-sf.be\/SVXL\/wp-content\/uploads\/2025\/12\/Folder_3e-6e_TT-Sciences-Educatives.pdf\" target=\"_blank\" rel=\"noopener\">2e Degr\u00e9 Sciences Sociales et Educatives [PDF]<\/a><\/li>\n<\/ul>\n<div id=\"sconnect-is-installed\" style=\"display: none;\">2.12.0.0<\/div>\n<div id=\"sconnect-is-installed\" style=\"display: none;\">2.12.0.0<\/div>\n<div id=\"sconnect-is-installed\" style=\"display: none;\">2.12.0.0<\/div>\n<div id=\"sconnect-is-installed\" style=\"display: none;\">2.12.0.0<\/div>\n<div id=\"ConnectiveDocSignExtentionInstalled\" data-extension-version=\"1.0.4\">\u00a0<\/div>\n<p>[\/et_pb_accordion_item][et_pb_accordion_item title=\u00a0\u00bb3e TECHNIQUE DE QUALIFICATION &#8211; SECRETARIAT TOURISME &#8211; 4e\/5e\/6e TECHNICIEN (NE) DE BUREAU\u00a0\u00bb _builder_version=\u00a0\u00bb4.27.4&Prime; global_colors_info=\u00a0\u00bb{}\u00a0\u00bb open=\u00a0\u00bboff\u00a0\u00bb]<\/p>\n<p style=\"text-align: justify;\">Les objectifs g\u00e9n\u00e9raux de la section sont :<\/p>\n<ul>\n<li style=\"text-align: justify;\">De donner au futur secr\u00e9taire dactylographe une connaissance pr\u00e9cise des fonctions de secr\u00e9taire et d\u00e9velopper la ma\u00eetrise des techniques de base de son m\u00e9tier \u00e0 l&rsquo;usage des ordinateurs et du mat\u00e9riel de bureau de classement et de gestion du courrier.<\/li>\n<li style=\"text-align: justify;\">D&rsquo;assurer une bonne formation g\u00e9n\u00e9rale. Celle-ci vise principalement l\u2019orthographe fran\u00e7aise, une bonne connaissance usuelle du N\u00e9erlandais, de l\u2019Anglais et \u00e0 d\u00e9velopper des qualit\u00e9s d\u2019ordre, de m\u00e9thode, de pr\u00e9cision, de rapidit\u00e9, d\u2019autonomie et le sens des responsabilit\u00e9s.<\/li>\n<\/ul>\n<ul>\n<li style=\"text-align: justify;\"><a href=\"https:\/\/www.sv-sf.be\/SVXL\/wp-content\/uploads\/2025\/12\/Folder_3e_TOU.pdf\" target=\"_blank\" rel=\"noopener\">3e Secr\u00e9tariat Tourisme [PDF]<\/a><\/li>\n<li style=\"text-align: justify;\"><a href=\"https:\/\/www.sv-sf.be\/SVXL\/wp-content\/uploads\/2025\/12\/Folder_4-5-6_TEBU.pdf\" target=\"_blank\" rel=\"noopener\">4e\/5e\/6e Technicien de bureau [PDF]<\/a><\/li>\n<\/ul>\n<div id=\"sconnect-is-installed\" style=\"display: none;\">2.12.0.0<\/div>\n<div id=\"sconnect-is-installed\" style=\"display: none;\">2.12.0.0<\/div>\n<div id=\"ConnectiveDocSignExtentionInstalled\" data-extension-version=\"1.0.4\">\u00a0<\/div>\n<p>[\/et_pb_accordion_item][et_pb_accordion_item title=\u00a0\u00bb3e PROFESSIONNELLE TRAVAUX DE BUREAU &#8211; 4e\/5e\/6e COLLABORATEUR (TRICE) ADMINISTRATIF (VE)\u00a0\u00bb _builder_version=\u00a0\u00bb4.27.4&Prime; global_colors_info=\u00a0\u00bb{}\u00a0\u00bb open=\u00a0\u00bboff\u00a0\u00bb]<\/p>\n<p style=\"text-align: justify;\">La formation d&rsquo;auxiliaire administratif et d&rsquo;accueil vise \u00e0 rendre l&rsquo;\u00e9l\u00e8ve efficace dans l&rsquo;exercice de la profession d&#8217;employ\u00e9(e) de bureau polyvalent(e) de premier niveau. Ce terme regroupe :<\/p>\n<ul>\n<li style=\"text-align: justify;\">divers emplois tels que : r\u00e9ceptionniste-t\u00e9l\u00e9phoniste, h\u00f4te\/h\u00f4tesse d&rsquo;accueil, huissier, encodeur\/encodeuse&#8230;<\/li>\n<li style=\"text-align: justify;\">diverses fonctions exerc\u00e9es dans une entreprise, une banque, un h\u00f4tel, une administration publique, un centre hospitalier, une association, un mus\u00e9e, un centre de loisirs&#8230;<\/li>\n<\/ul>\n<p style=\"text-align: justify;\">La formation s&rsquo;articule autour de 2 grands axes :<\/p>\n<ul>\n<li style=\"text-align: justify;\">l&rsquo;accueil des personnes en face \u00e0 face ou au t\u00e9l\u00e9phone,<\/li>\n<li style=\"text-align: justify;\">les activit\u00e9s de secr\u00e9tariat.<\/li>\n<\/ul>\n<ul>\n<li style=\"text-align: justify;\"><a href=\"https:\/\/www.sv-sf.be\/SVXL\/wp-content\/uploads\/2025\/12\/Folder_3_TB.pdf\" target=\"_blank\" rel=\"noopener\">3e Professionnelle Travaux de Bureau [PDF]<\/a><\/li>\n<li style=\"text-align: justify;\"><a href=\"https:\/\/www.sv-sf.be\/SVXL\/wp-content\/uploads\/2025\/12\/Folder_4-5-6_CAD.pdf\" target=\"_blank\" rel=\"noopener\">4e\/5e\/6e Collaborateur Administratif [PDF]<\/a><\/li>\n<\/ul>\n<div id=\"ConnectiveDocSignExtentionInstalled\" data-extension-version=\"1.0.4\"><\/div>\n<div id=\"sconnect-is-installed\" style=\"display: none;\">2.12.0.0<\/div>\n<p>[\/et_pb_accordion_item][et_pb_accordion_item title=\u00a0\u00bb3e PROFESSIONNELLE VENTE &#8211; 4e\/5e\/6e VENDEUR\/VENDEUSE\u00a0\u00bb _builder_version=\u00a0\u00bb4.27.4&Prime; global_colors_info=\u00a0\u00bb{}\u00a0\u00bb open=\u00a0\u00bboff\u00a0\u00bb]<\/p>\n<p style=\"text-align: justify;\">La formation professionnelle du 2e degr\u00e9 offre au jeune une premi\u00e8re approche de la vente et du m\u00e9tier de vendeur.<\/p>\n<p style=\"text-align: justify;\">Ce m\u00e9tier exige de r\u00e9elles comp\u00e9tences professionnelles, qui se compl\u00e8tent par des qualit\u00e9s de contact et de pr\u00e9sentation indispensables dans ce domaine.<\/p>\n<p style=\"text-align: justify;\">La formation de vendeur s\u2019accompagne d\u2019une bonne ma\u00eetrise des outils informatiques.<\/p>\n<p style=\"text-align: justify;\">La formation de \u00ab\u00a0Vendeur\u00a0\u00bb vise \u00e0 rendre l&rsquo;\u00e9l\u00e8ve efficace dans l&rsquo;exercice de sa profession.\u00a0 Le vendeur exerce ses fonctions en magasin de d\u00e9tail, en boutique ou dans une surface sp\u00e9cialis\u00e9e dans des domaines aussi vari\u00e9s que les jouets, l&rsquo;\u00e9lectrom\u00e9nager, la t\u00e9l\u00e9phonie, la confection, la maroquinerie, les chaussures&#8230;<\/p>\n<p style=\"text-align: justify;\">Si sa fonction principale est \u00e9videmment de vendre, le bon vendeur se distinguera par ses qualit\u00e9s de contact et de pr\u00e9sentation.\u00a0 Enfin, une bonne ma\u00eetrise des outils de gestion informatiques favorisera son entr\u00e9e dans la vie professionnelle.<\/p>\n<ul>\n<li style=\"text-align: justify;\"><a href=\"https:\/\/www.sv-sf.be\/SVXL\/wp-content\/uploads\/2025\/12\/Folder_3_Vente.pdf\" target=\"_blank\" rel=\"noopener\">3e Professionnelle Vente [PDF]<\/a><\/li>\n<li style=\"text-align: justify;\"><a href=\"https:\/\/www.sv-sf.be\/SVXL\/wp-content\/uploads\/2025\/12\/Folder_4-5-6_Vendeur.pdf\" target=\"_blank\" rel=\"noopener\">4e\/5e\/6e\u00a0Vendeur\/Vendeuse [PDF]<\/a><\/li>\n<\/ul>\n<div id=\"ConnectiveDocSignExtentionInstalled\" data-extension-version=\"1.0.4\">\u00a0<\/div>\n<div id=\"sconnect-is-installed\" style=\"display: none;\">2.12.0.0<\/div>\n<p>[\/et_pb_accordion_item][et_pb_accordion_item title=\u00a0\u00bb3e PROFESSIONNELLE SERVICES SOCIAUX &#8211; 4e\/5e\/6e AIDE FAMILIAL(E)\u00a0\u00bb _builder_version=\u00a0\u00bb4.27.4&Prime; global_colors_info=\u00a0\u00bb{}\u00a0\u00bb open=\u00a0\u00bboff\u00a0\u00bb]<\/p>\n<p style=\"text-align: justify;\">L\u2019auxiliaire familiale veille au bien-\u00eatre g\u00e9n\u00e9ral des personnes aid\u00e9es :<\/p>\n<ul style=\"text-align: justify;\">\n<li>en respectant le rythme et la libert\u00e9 de ces personnes,<\/li>\n<li>en ayant le souci de maintenir leur autonomie au maximum.<\/li>\n<\/ul>\n<p style=\"text-align: justify;\">D\u2019autres qualit\u00e9s compl\u00e8tent le profil attendu de l\u2019auxiliaire familiale :<\/p>\n<ul style=\"text-align: justify;\">\n<li>pouvoir travailler en \u00e9quipe,<\/li>\n<li>respecter la d\u00e9ontologie du m\u00e9tier,<\/li>\n<li>cr\u00e9er un climat relationnel empreint de chaleur humaine.<\/li>\n<\/ul>\n<ul>\n<li style=\"text-align: justify;\"><a href=\"https:\/\/www.sv-sf.be\/SVXL\/wp-content\/uploads\/2025\/12\/Folder_3_SESO.pdf\" target=\"_blank\" rel=\"noopener\">3e Professionnelle Services Sociaux [PDF]<\/a><\/li>\n<li style=\"text-align: justify;\"><a href=\"https:\/\/www.sv-sf.be\/SVXL\/wp-content\/uploads\/2025\/12\/Folder_4-5-6_AF.pdf\" target=\"_blank\" rel=\"noopener\">4e\/5e\/6e Aide Familial(e) [PDF]<\/a><\/li>\n<\/ul>\n<div id=\"ConnectiveDocSignExtentionInstalled\" data-extension-version=\"1.0.4\">\u00a0<\/div>\n<div id=\"sconnect-is-installed\" style=\"display: none;\">2.12.0.0<\/div>\n<p>[\/et_pb_accordion_item][et_pb_accordion_item title=\u00a0\u00bb3e PROFESSIONNELLE COIFFURE &#8211; 4e\/5e\/6e COIFFEUR\/COIFFEUSE\u00a0\u00bb _builder_version=\u00a0\u00bb4.27.4&Prime; global_colors_info=\u00a0\u00bb{}\u00a0\u00bb open=\u00a0\u00bboff\u00a0\u00bb]<\/p>\n<p style=\"text-align: justify;\">L&rsquo;option Coiffure vise \u00e0 faire acqu\u00e9rir \u00e0 l&rsquo;\u00e9l\u00e8ve les connaissances et les techniques propres au m\u00e9tier, l&rsquo;utilisation judicieuse des produits et le maniement ais\u00e9 du mat\u00e9riel. Les techniques de base font l&rsquo;objet d&rsquo;exercices fr\u00e9quents.<\/p>\n<p style=\"text-align: justify;\">En 5e et 6e ann\u00e9es, l&rsquo;\u00e9l\u00e8ve est tenu de travailler dans chaque discipline sur des mod\u00e8les ext\u00e9rieurs qu&rsquo;elle invitera personnellement, ceci afin d&rsquo;assurer une formation pratique efficace et pertinente.<\/p>\n<ul>\n<li style=\"text-align: justify;\"><a href=\"https:\/\/www.sv-sf.be\/SVXL\/wp-content\/uploads\/2025\/12\/Folder_3_Coiffure.pdf\" target=\"_blank\" rel=\"noopener\">3e Professionnelle Coiffure [PDF]<\/a><\/li>\n<li style=\"text-align: justify;\"><a href=\"https:\/\/www.sv-sf.be\/SVXL\/wp-content\/uploads\/2025\/12\/Folder_4-5-6_Coiffeur.pdf\" target=\"_blank\" rel=\"noopener\">4e\/5e\/6e Coiffeur\/Coiffeuse [PDF]<\/a><\/li>\n<\/ul>\n<div id=\"sconnect-is-installed\" style=\"display: none;\">2.12.0.0<\/div>\n<div id=\"sconnect-is-installed\" style=\"display: none;\">2.12.0.0<\/div>\n<div id=\"ConnectiveDocSignExtentionInstalled\" data-extension-version=\"1.0.4\">\u00a0<\/div>\n<p>[\/et_pb_accordion_item][et_pb_accordion_item title=\u00a0\u00bb7e PROFESSIONNELLE GESTIONNAIRE DE TRES PETITES ENTREPRISES\u00a0\u00bb _builder_version=\u00a0\u00bb4.27.4&Prime; hover_enabled=\u00a0\u00bb0&Prime; global_colors_info=\u00a0\u00bb{}\u00a0\u00bb open=\u00a0\u00bboff\u00a0\u00bb sticky_enabled=\u00a0\u00bb0&Prime;]<\/p>\n<p style=\"text-align: justify;\">Cette option a pour objectifs d\u2019approfondir les cours g\u00e9n\u00e9raux tout en \u00e9largissant ses connaissances par les cours d\u2019option. Les stages permettent d\u2019entretenir les connaissances pratiques et de construire son parcours de formation pour l\u2019avenir.<\/p>\n<p style=\"text-align: justify;\">La particularit\u00e9 de cette formation est qu\u2019elle est ouverte \u00e0 tous les \u00e9l\u00e8ves qui ont obtenu leur dipl\u00f4me de 6e en qualification professionnelle ou technique, tous secteurs confondus.<\/p>\n<ul>\n<li style=\"text-align: justify;\"><a href=\"https:\/\/www.sv-sf.be\/SVXL\/wp-content\/uploads\/2025\/12\/Folder_7P.pdf\" target=\"_blank\" rel=\"noopener\">7e Professionnelle Gestion des TPE [PDF]<\/a><\/li>\n<\/ul>\n<div id=\"sconnect-is-installed\" style=\"display: none;\">2.12.0.0<\/div>\n<div id=\"sconnect-is-installed\" style=\"display: none;\">2.12.0.0<\/div>\n<div id=\"sconnect-is-installed\" style=\"display: none;\">2.12.0.0<\/div>\n<div id=\"sconnect-is-installed\" style=\"display: none;\">2.12.0.0<\/div>\n<div id=\"ConnectiveDocSignExtentionInstalled\" data-extension-version=\"1.0.4\">\u00a0<\/div>\n<p>[\/et_pb_accordion_item][\/et_pb_accordion][\/et_pb_column][\/et_pb_row][\/et_pb_section]<\/p>\n","protected":false},"excerpt":{"rendered":"<p>OFFRES &amp; OPTIONS NOTRE OFFRE D&rsquo;ENSEIGNEMENT Notre \u00e9cole est une \u00e9cole \u00e0 taille humaine et entend le rester. Elle accueille des \u00e9l\u00e8ves d\u2019origines sociales et culturelles diverses sans toutefois \u00eatre un ghetto. Ceci permet tol\u00e9rance, ouverture d\u2019esprit et abandon de \u00ab clich\u00e9s \u00bb ou d\u2019id\u00e9es toutes faites. Ces ann\u00e9es poursuivent 4 objectifs : assumer une [&hellip;]<\/p>\n","protected":false},"author":1,"featured_media":0,"parent":0,"menu_order":0,"comment_status":"closed","ping_status":"closed","template":"","meta":{"_et_pb_use_builder":"on","_et_pb_old_content":"","_et_gb_content_width":"","footnotes":""},"class_list":["post-53","page","type-page","status-publish","hentry"],"_links":{"self":[{"href":"https:\/\/www.sv-sf.be\/SVXL\/index.php?rest_route=\/wp\/v2\/pages\/53","targetHints":{"allow":["GET"]}}],"collection":[{"href":"https:\/\/www.sv-sf.be\/SVXL\/index.php?rest_route=\/wp\/v2\/pages"}],"about":[{"href":"https:\/\/www.sv-sf.be\/SVXL\/index.php?rest_route=\/wp\/v2\/types\/page"}],"author":[{"embeddable":true,"href":"https:\/\/www.sv-sf.be\/SVXL\/index.php?rest_route=\/wp\/v2\/users\/1"}],"replies":[{"embeddable":true,"href":"https:\/\/www.sv-sf.be\/SVXL\/index.php?rest_route=%2Fwp%2Fv2%2Fcomments&post=53"}],"version-history":[{"count":46,"href":"https:\/\/www.sv-sf.be\/SVXL\/index.php?rest_route=\/wp\/v2\/pages\/53\/revisions"}],"predecessor-version":[{"id":28238,"href":"https:\/\/www.sv-sf.be\/SVXL\/index.php?rest_route=\/wp\/v2\/pages\/53\/revisions\/28238"}],"wp:attachment":[{"href":"https:\/\/www.sv-sf.be\/SVXL\/index.php?rest_route=%2Fwp%2Fv2%2Fmedia&parent=53"}],"curies":[{"name":"wp","href":"https:\/\/api.w.org\/{rel}","templated":true}]}}