{"id":59,"date":"2016-03-31T11:40:36","date_gmt":"2016-03-31T10:40:36","guid":{"rendered":"http:\/\/www.sv-sf.be\/SVXL\/?page_id=59"},"modified":"2020-12-15T15:05:47","modified_gmt":"2020-12-15T14:05:47","slug":"activites-photos","status":"publish","type":"page","link":"https:\/\/www.sv-sf.be\/SVXL\/?page_id=59","title":{"rendered":"ACTIVIT\u00c9S"},"content":{"rendered":"<p>[et_pb_section fb_built=\u00a0\u00bb1&Prime; custom_padding_last_edited=\u00a0\u00bbon|desktop\u00a0\u00bb admin_label=\u00a0\u00bbBANDEAU PHOTOS\u00a0\u00bb _builder_version=\u00a0\u00bb4.4.6&Prime; background_color=\u00a0\u00bb#004080&Prime; background_image=\u00a0\u00bbhttps:\/\/www.sv-sf.be\/SVXL\/wp-content\/uploads\/2016\/05\/fond_menu.jpg\u00a0\u00bb custom_padding_tablet=\u00a0\u00bb50px|0|50px|0&Prime; custom_padding_phone=\u00a0\u00bb\u00a0\u00bb transparent_background=\u00a0\u00bboff\u00a0\u00bb padding_mobile=\u00a0\u00bboff\u00a0\u00bb][et_pb_row padding_mobile=\u00a0\u00bboff\u00a0\u00bb column_padding_mobile=\u00a0\u00bbon\u00a0\u00bb admin_label=\u00a0\u00bbrow\u00a0\u00bb _builder_version=\u00a0\u00bb3.25&Prime; background_color=\u00a0\u00bbrgba(255,255,255,0)\u00a0\u00bb background_size=\u00a0\u00bbinitial\u00a0\u00bb background_position=\u00a0\u00bbtop_left\u00a0\u00bb background_repeat=\u00a0\u00bbrepeat\u00a0\u00bb][et_pb_column type=\u00a0\u00bb4_4&Prime; _builder_version=\u00a0\u00bb3.25&Prime; background_color=\u00a0\u00bbrgba(255,255,255,0)\u00a0\u00bb custom_padding=\u00a0\u00bb|||\u00a0\u00bb custom_padding__hover=\u00a0\u00bb|||\u00a0\u00bb][et_pb_text admin_label=\u00a0\u00bbPHOTOS\u00a0\u00bb _builder_version=\u00a0\u00bb3.27.4&Prime; text_font=\u00a0\u00bbCuprum|on|||\u00a0\u00bb text_text_color=\u00a0\u00bb#ffffff\u00a0\u00bb text_font_size=\u00a0\u00bb28&Prime; text_line_height=\u00a0\u00bb1.8em\u00a0\u00bb background_color=\u00a0\u00bbrgba(255,255,255,0)\u00a0\u00bb background_size=\u00a0\u00bbinitial\u00a0\u00bb background_position=\u00a0\u00bbtop_left\u00a0\u00bb background_repeat=\u00a0\u00bbrepeat\u00a0\u00bb text_orientation=\u00a0\u00bbcenter\u00a0\u00bb module_alignment=\u00a0\u00bbcenter\u00a0\u00bb custom_margin=\u00a0\u00bb0px||0px|\u00a0\u00bb custom_padding=\u00a0\u00bb0px||0px|\u00a0\u00bb text_font_size_last_edited=\u00a0\u00bboff|phone\u00a0\u00bb use_border_color=\u00a0\u00bboff\u00a0\u00bb]PHOTOS<br \/>\n[\/et_pb_text][\/et_pb_column][\/et_pb_row][\/et_pb_section][et_pb_section fb_built=\u00a0\u00bb1&Prime; custom_padding_last_edited=\u00a0\u00bbon|desktop\u00a0\u00bb admin_label=\u00a0\u00bbTEXTE\u00a0\u00bb _builder_version=\u00a0\u00bb4.4.6&Prime; background_color=\u00a0\u00bb#ffffff\u00a0\u00bb custom_padding_tablet=\u00a0\u00bb50px|0|50px|0&Prime; custom_padding_phone=\u00a0\u00bb\u00a0\u00bb][et_pb_row column_structure=\u00a0\u00bb1_3,2_3&Prime; _builder_version=\u00a0\u00bb3.25&Prime; background_size=\u00a0\u00bbinitial\u00a0\u00bb background_position=\u00a0\u00bbtop_left\u00a0\u00bb background_repeat=\u00a0\u00bbrepeat\u00a0\u00bb][et_pb_column type=\u00a0\u00bb1_3&Prime; _builder_version=\u00a0\u00bb3.25&Prime; custom_padding=\u00a0\u00bb|||\u00a0\u00bb custom_padding__hover=\u00a0\u00bb|||\u00a0\u00bb][et_pb_toggle title=\u00a0\u00bbCHARTE DU DROIT D&rsquo;IMAGE\u00a0\u00bb open=\u00a0\u00bbon\u00a0\u00bb closed_toggle_background_color=\u00a0\u00bb#ffffff\u00a0\u00bb admin_label=\u00a0\u00bbPDF\u00a0\u00bb _builder_version=\u00a0\u00bb3.2.2&Prime; title_text_color=\u00a0\u00bb#004080&Prime; title_font=\u00a0\u00bb|on||on|\u00a0\u00bb body_font=\u00a0\u00bb|on||on|\u00a0\u00bb body_font_size=\u00a0\u00bb16&Prime; background_size=\u00a0\u00bbinitial\u00a0\u00bb background_position=\u00a0\u00bbtop_left\u00a0\u00bb background_repeat=\u00a0\u00bbrepeat\u00a0\u00bb title_font_size_tablet=\u00a0\u00bb\u00a0\u00bb title_font_size_phone=\u00a0\u00bb18&Prime; title_font_size_last_edited=\u00a0\u00bbon|phone\u00a0\u00bb body_font_size_tablet=\u00a0\u00bb\u00a0\u00bb body_font_size_phone=\u00a0\u00bb18&Prime; body_font_size_last_edited=\u00a0\u00bbon|phone\u00a0\u00bb use_border_color=\u00a0\u00bboff\u00a0\u00bb saved_tabs=\u00a0\u00bball\u00a0\u00bb]<\/p>\n<ul>\n<li><a href=\"http:\/\/www.sv-sf.be\/SFXL\/wp-content\/uploads\/2016\/06\/CHARTE_DROIT_IMAGE.pdf\" target=\"_blank\" rel=\"noopener noreferrer\">CHARTE DU DROIT D&rsquo;IMAGE [PDF]<\/a><\/li>\n<\/ul>\n<p>[\/et_pb_toggle][\/et_pb_column][et_pb_column type=\u00a0\u00bb2_3&Prime; _builder_version=\u00a0\u00bb3.25&Prime; custom_padding=\u00a0\u00bb|||\u00a0\u00bb custom_padding__hover=\u00a0\u00bb|||\u00a0\u00bb][et_pb_text _builder_version=\u00a0\u00bb4.4.3&Prime; text_font=\u00a0\u00bbCuprum|on|on||\u00a0\u00bb text_text_color=\u00a0\u00bb#c00000&Prime; text_font_size=\u00a0\u00bb15&Prime; background_size=\u00a0\u00bbinitial\u00a0\u00bb background_position=\u00a0\u00bbtop_left\u00a0\u00bb background_repeat=\u00a0\u00bbrepeat\u00a0\u00bb text_orientation=\u00a0\u00bbjustified\u00a0\u00bb custom_margin=\u00a0\u00bb0px|||\u00a0\u00bb text_font_size_tablet=\u00a0\u00bb\u00a0\u00bb text_font_size_phone=\u00a0\u00bb17&Prime; text_font_size_last_edited=\u00a0\u00bbon|phone\u00a0\u00bb use_border_color=\u00a0\u00bboff\u00a0\u00bb border_color=\u00a0\u00bb#ffffff\u00a0\u00bb border_style=\u00a0\u00bbsolid\u00a0\u00bb]<\/p>\n<h6>LES PHOTOGRAPHIES PR\u00c9SENTES SUR CE SITE INTERNET NE PEUVENT PAS \u00caTRE MODIFI\u00c9ES \u00c0 DES FINS COMMERCIALES OU PUBLICITAIRES, NI COPI\u00c9ES OU REPRODUITES SOUS QUELQUE FORME QUE CE SOIT SANS L&rsquo;AUTORISATION DU PHOTOGRAPHE ET DE L\u2019\u00c9COLE.<br \/>TOUTE REPRODUCTION OU REPR\u00c9SENTATION D\u2019UNE PHOTOGRAPHIE PAR QUELQUE MOYEN QUE CE SOIT, IMPRIM\u00c9 OU NUM\u00c9RIQUE, \u00c0 TITRE GRATUIT OU PAYANT, EST SUBORDONN\u00c9E \u00c0 L\u2019AUTORISATION DU PHOTOGRAPHE OU DE SES AYANTS DROITS. LE NON-RESPECT DE CETTE R\u00c8GLE CONSTITUE UN D\u00c9LIT DE CONTREFA\u00c7ON.<\/h6>\n<p>[\/et_pb_text][\/et_pb_column][\/et_pb_row][\/et_pb_section][et_pb_section fb_built=\u00a0\u00bb1&Prime; custom_padding_last_edited=\u00a0\u00bbon|desktop\u00a0\u00bb admin_label=\u00a0\u00bbAFFICHAGE DES PHOTOS\u00a0\u00bb _builder_version=\u00a0\u00bb4.4.6&Prime; background_color=\u00a0\u00bb#e6e6fa\u00a0\u00bb custom_padding_tablet=\u00a0\u00bb50px|0|50px|0&Prime; custom_padding_phone=\u00a0\u00bb\u00a0\u00bb transparent_background=\u00a0\u00bboff\u00a0\u00bb padding_mobile=\u00a0\u00bboff\u00a0\u00bb][et_pb_row column_structure=\u00a0\u00bb1_3,1_3,1_3&Prime; _builder_version=\u00a0\u00bb3.25&Prime; background_size=\u00a0\u00bbinitial\u00a0\u00bb background_position=\u00a0\u00bbtop_left\u00a0\u00bb background_repeat=\u00a0\u00bbrepeat\u00a0\u00bb][et_pb_column type=\u00a0\u00bb1_3&Prime; _builder_version=\u00a0\u00bb3.25&Prime; custom_padding=\u00a0\u00bb|||\u00a0\u00bb custom_padding__hover=\u00a0\u00bb|||\u00a0\u00bb][et_pb_gallery gallery_ids=\u00a0\u00bb2422,2424,2423,2394,2420,2396,2421,2388,2393,2391,2419,2405,2404,2400,2402,2401,2418,2387,2412,2407,2406,2417,2416,2415,2414,2413,2411,2410,2409,2408,2399,2398,2397,2395,2392,2386,2384&Prime; posts_number=\u00a0\u00bb1&Prime; show_pagination=\u00a0\u00bboff\u00a0\u00bb admin_label=\u00a0\u00bbPHOTOS DU COLLEGE\u00a0\u00bb _builder_version=\u00a0\u00bb3.0.87&Prime; title_font=\u00a0\u00bbCuprum|on|||\u00a0\u00bb title_text_color=\u00a0\u00bb#0c71c3&Prime; caption_line_height=\u00a0\u00bb14px\u00a0\u00bb caption_line_height_tablet=\u00a0\u00bb\u00a0\u00bb caption_line_height_phone=\u00a0\u00bb\u00a0\u00bb caption_line_height_last_edited=\u00a0\u00bbon|phone\u00a0\u00bb use_border_color=\u00a0\u00bboff\u00a0\u00bb border_color=\u00a0\u00bb#ffffff\u00a0\u00bb border_style=\u00a0\u00bbsolid\u00a0\u00bb][\/et_pb_gallery][et_pb_gallery gallery_ids=\u00a0\u00bb2430,2431,2432,2433,2434,2435,2436,2437,2438,2439,2440,2441,2444,2445,2446,2447,2448,2449,2450,2451,2452,2453,2454,2455,2456,2457,2458,2459,2460,2461,2462,2463,2464,2465,2466,2467,2468&Prime; posts_number=\u00a0\u00bb1&Prime; show_pagination=\u00a0\u00bboff\u00a0\u00bb admin_label=\u00a0\u00bbOSTENDE 2016&Prime; _builder_version=\u00a0\u00bb3.0.87&Prime; title_font=\u00a0\u00bbCuprum|on|||\u00a0\u00bb title_text_color=\u00a0\u00bb#0c71c3&Prime; caption_line_height=\u00a0\u00bb14px\u00a0\u00bb caption_line_height_tablet=\u00a0\u00bb\u00a0\u00bb caption_line_height_phone=\u00a0\u00bb\u00a0\u00bb caption_line_height_last_edited=\u00a0\u00bbon|phone\u00a0\u00bb use_border_color=\u00a0\u00bboff\u00a0\u00bb border_color=\u00a0\u00bb#ffffff\u00a0\u00bb border_style=\u00a0\u00bbsolid\u00a0\u00bb][\/et_pb_gallery][et_pb_gallery gallery_ids=\u00a0\u00bb3654,3642,3643,3644,3645,3646,3647,3648,3649,3650,3651,3652,3653,3655,3656,3657,3658,3659,3660,3661,3662,3663,3664,3665,3666,3667,3668,3669,3670,3671,3672&Prime; posts_number=\u00a0\u00bb1&Prime; show_pagination=\u00a0\u00bboff\u00a0\u00bb admin_label=\u00a0\u00bbPORTES OUVERTES 2017&Prime; _builder_version=\u00a0\u00bb3.0.87&Prime; title_font=\u00a0\u00bbCuprum|on|||\u00a0\u00bb title_text_color=\u00a0\u00bb#0c71c3&Prime; caption_font=\u00a0\u00bb|||on|\u00a0\u00bb caption_line_height=\u00a0\u00bb14px\u00a0\u00bb caption_line_height_tablet=\u00a0\u00bb\u00a0\u00bb caption_line_height_phone=\u00a0\u00bb\u00a0\u00bb caption_line_height_last_edited=\u00a0\u00bbon|phone\u00a0\u00bb use_border_color=\u00a0\u00bboff\u00a0\u00bb border_color=\u00a0\u00bb#ffffff\u00a0\u00bb border_style=\u00a0\u00bbsolid\u00a0\u00bb][\/et_pb_gallery][et_pb_gallery gallery_ids=\u00a0\u00bb3983&Prime; posts_number=\u00a0\u00bb1&Prime; show_pagination=\u00a0\u00bboff\u00a0\u00bb zoom_icon_color=\u00a0\u00bb#004080&Prime; admin_label=\u00a0\u00bbMINI-ENTREPRISE 2017-18&Prime; _builder_version=\u00a0\u00bb3.0.100&Prime; title_font=\u00a0\u00bbCuprum|on|||\u00a0\u00bb title_text_color=\u00a0\u00bb#0c71c3&Prime; caption_font=\u00a0\u00bb|||on|\u00a0\u00bb caption_line_height=\u00a0\u00bb14px\u00a0\u00bb caption_line_height_tablet=\u00a0\u00bb\u00a0\u00bb caption_line_height_phone=\u00a0\u00bb\u00a0\u00bb caption_line_height_last_edited=\u00a0\u00bbon|phone\u00a0\u00bb pagination_font_size_tablet=\u00a0\u00bb51&Prime; pagination_line_height_tablet=\u00a0\u00bb2&Prime; use_border_color=\u00a0\u00bboff\u00a0\u00bb][\/et_pb_gallery][et_pb_gallery gallery_ids=\u00a0\u00bb4192,4193,4194&Prime; posts_number=\u00a0\u00bb1&Prime; show_pagination=\u00a0\u00bboff\u00a0\u00bb zoom_icon_color=\u00a0\u00bb#004080&Prime; admin_label=\u00a0\u00bbMAASTRICHT MAI 2018 \u00a0\u00bb _builder_version=\u00a0\u00bb3.6&Prime; title_font=\u00a0\u00bbCuprum|on|||\u00a0\u00bb title_text_color=\u00a0\u00bb#0c71c3&Prime; title_font_size=\u00a0\u00bb15&Prime; use_border_color=\u00a0\u00bboff\u00a0\u00bb]&nbsp;<br \/>\n[\/et_pb_gallery][et_pb_gallery gallery_ids=\u00a0\u00bb25912,25913,25914,25915,25916,25917&Prime; posts_number=\u00a0\u00bb1&Prime; show_pagination=\u00a0\u00bboff\u00a0\u00bb zoom_icon_color=\u00a0\u00bb#004080&Prime; admin_label=\u00a0\u00bbPARCOURS ORIENTATION 2018-19&Prime; _builder_version=\u00a0\u00bb3.19.18&Prime; title_font=\u00a0\u00bbCuprum|on|||\u00a0\u00bb title_text_color=\u00a0\u00bb#0c71c3&Prime; caption_font=\u00a0\u00bb|||on|||||\u00a0\u00bb caption_line_height=\u00a0\u00bb14px\u00a0\u00bb caption_line_height_tablet=\u00a0\u00bb\u00a0\u00bb caption_line_height_phone=\u00a0\u00bb\u00a0\u00bb caption_line_height_last_edited=\u00a0\u00bbon|phone\u00a0\u00bb border_style=\u00a0\u00bbsolid\u00a0\u00bb][\/et_pb_gallery][\/et_pb_column][et_pb_column type=\u00a0\u00bb1_3&Prime; _builder_version=\u00a0\u00bb3.25&Prime; custom_padding=\u00a0\u00bb|||\u00a0\u00bb custom_padding__hover=\u00a0\u00bb|||\u00a0\u00bb][et_pb_gallery gallery_ids=\u00a0\u00bb2938,2937,2936,2935,2934,2933,2932,2931,2930,2929,2928,2927,2926,2925,2924,2923,2922,2921,2920,2919,2918,2917,2916,2915,2914,2913,2912&Prime; posts_number=\u00a0\u00bb1&Prime; show_pagination=\u00a0\u00bboff\u00a0\u00bb admin_label=\u00a0\u00bbMARSEILLE 2015&Prime; _builder_version=\u00a0\u00bb3.0.87&Prime; title_font=\u00a0\u00bbCuprum|on|||\u00a0\u00bb title_text_color=\u00a0\u00bb#0c71c3&Prime; caption_line_height=\u00a0\u00bb14px\u00a0\u00bb caption_line_height_tablet=\u00a0\u00bb\u00a0\u00bb caption_line_height_phone=\u00a0\u00bb\u00a0\u00bb caption_line_height_last_edited=\u00a0\u00bbon|phone\u00a0\u00bb use_border_color=\u00a0\u00bboff\u00a0\u00bb border_color=\u00a0\u00bb#ffffff\u00a0\u00bb border_style=\u00a0\u00bbsolid\u00a0\u00bb][\/et_pb_gallery][et_pb_gallery gallery_ids=\u00a0\u00bb3340,3341,3349,3348,3347,3346,3345,3344,3343,3342&Prime; posts_number=\u00a0\u00bb1&Prime; show_pagination=\u00a0\u00bboff\u00a0\u00bb admin_label=\u00a0\u00bbPROCLAMATION 2014-15&Prime; _builder_version=\u00a0\u00bb3.0.87&Prime; title_font=\u00a0\u00bbCuprum|on|||\u00a0\u00bb title_text_color=\u00a0\u00bb#0c71c3&Prime; caption_line_height=\u00a0\u00bb14px\u00a0\u00bb caption_line_height_tablet=\u00a0\u00bb\u00a0\u00bb caption_line_height_phone=\u00a0\u00bb\u00a0\u00bb caption_line_height_last_edited=\u00a0\u00bbon|phone\u00a0\u00bb use_border_color=\u00a0\u00bboff\u00a0\u00bb border_color=\u00a0\u00bb#ffffff\u00a0\u00bb border_style=\u00a0\u00bbsolid\u00a0\u00bb][\/et_pb_gallery][et_pb_gallery gallery_ids=\u00a0\u00bb3710,3674,3675,3676,3677,3678,3679,3680,3681,3682,3683,3684,3685,3686,3687,3688,3689,3690,3691,3692,3693,3694,3695,3696,3697,3698,3699,3700,3701,3702,3703,3704,3705,3706,3707,3708,3709,3711,3712,3713,3714,3715,3716,3717,3718,3719,3720,3721,3722,3723,3724,3725,3726,3727&Prime; posts_number=\u00a0\u00bb1&Prime; show_pagination=\u00a0\u00bboff\u00a0\u00bb admin_label=\u00a0\u00bbTOSCANE 2016-17&Prime; _builder_version=\u00a0\u00bb3.0.87&Prime; title_font=\u00a0\u00bbCuprum|on|||\u00a0\u00bb title_text_color=\u00a0\u00bb#0c71c3&Prime; caption_font=\u00a0\u00bb|||on|\u00a0\u00bb caption_line_height=\u00a0\u00bb14px\u00a0\u00bb caption_line_height_tablet=\u00a0\u00bb\u00a0\u00bb caption_line_height_phone=\u00a0\u00bb\u00a0\u00bb caption_line_height_last_edited=\u00a0\u00bbon|phone\u00a0\u00bb use_border_color=\u00a0\u00bboff\u00a0\u00bb border_color=\u00a0\u00bb#ffffff\u00a0\u00bb border_style=\u00a0\u00bbsolid\u00a0\u00bb][\/et_pb_gallery][et_pb_gallery gallery_ids=\u00a0\u00bb4061,4030,3999,4000,4001,4002,4003,4004,4005&Prime; posts_number=\u00a0\u00bb1&Prime; show_pagination=\u00a0\u00bboff\u00a0\u00bb zoom_icon_color=\u00a0\u00bb#004080&Prime; admin_label=\u00a0\u00bbL&rsquo;OR\u00c9AL TROPHY 2018&Prime; _builder_version=\u00a0\u00bb3.0.106&Prime; title_font=\u00a0\u00bbCuprum|on|||\u00a0\u00bb title_text_color=\u00a0\u00bb#0c71c3&Prime; caption_font=\u00a0\u00bb|||on|\u00a0\u00bb caption_line_height=\u00a0\u00bb14px\u00a0\u00bb caption_line_height_tablet=\u00a0\u00bb\u00a0\u00bb caption_line_height_phone=\u00a0\u00bb\u00a0\u00bb caption_line_height_last_edited=\u00a0\u00bbon|phone\u00a0\u00bb pagination_font_size_tablet=\u00a0\u00bb51&Prime; pagination_line_height_tablet=\u00a0\u00bb2&Prime;][\/et_pb_gallery][et_pb_gallery gallery_ids=\u00a0\u00bb4213,4216,4222,4217,4214,4208,4215,4203,4223,4221,4210,4211,4218,4219,4220,4212,4204,4206,4209,4207,4205&Prime; posts_number=\u00a0\u00bb1&Prime; show_pagination=\u00a0\u00bboff\u00a0\u00bb zoom_icon_color=\u00a0\u00bb#004080&Prime; admin_label=\u00a0\u00bbCOMPOSTELLE 2018&Prime; _builder_version=\u00a0\u00bb3.7&Prime; title_font=\u00a0\u00bbCuprum|on|||\u00a0\u00bb title_text_color=\u00a0\u00bb#0c71c3&Prime; title_font_size=\u00a0\u00bb15&Prime; use_border_color=\u00a0\u00bboff\u00a0\u00bb]&nbsp;<br \/>\n[\/et_pb_gallery][\/et_pb_column][et_pb_column type=\u00a0\u00bb1_3&Prime; _builder_version=\u00a0\u00bb3.25&Prime; custom_padding=\u00a0\u00bb|||\u00a0\u00bb custom_padding__hover=\u00a0\u00bb|||\u00a0\u00bb][et_pb_gallery gallery_ids=\u00a0\u00bb2470,2471,2472,2473,2474,2475,2476,2477,2478,2479,2480,2481,2482&Prime; posts_number=\u00a0\u00bb1&Prime; show_pagination=\u00a0\u00bboff\u00a0\u00bb admin_label=\u00a0\u00bbPASTORALE 2016&Prime; _builder_version=\u00a0\u00bb3.0.87&Prime; title_font=\u00a0\u00bbCuprum|on|||\u00a0\u00bb title_text_color=\u00a0\u00bb#0c71c3&Prime; caption_line_height=\u00a0\u00bb14px\u00a0\u00bb caption_line_height_tablet=\u00a0\u00bb\u00a0\u00bb caption_line_height_phone=\u00a0\u00bb\u00a0\u00bb caption_line_height_last_edited=\u00a0\u00bbon|phone\u00a0\u00bb use_border_color=\u00a0\u00bboff\u00a0\u00bb border_color=\u00a0\u00bb#ffffff\u00a0\u00bb border_style=\u00a0\u00bbsolid\u00a0\u00bb][\/et_pb_gallery][et_pb_gallery gallery_ids=\u00a0\u00bb3729,3424,3421,3420,3419,3417,3416,3415,3414,3413,3412,3411,3410,3409,3408,3407,3406,3405,3404,3403,3402,3401,3400,3399,3398,3397,3395,3394,3393,3392,3391,3390,3388,3387,3386,3350,3383,3382,3381,3380,3379,3378,3377,3376,3375,3374,3373,3372,3371,3370,3369,3368,3367,3366,3365,3364,3363,3362,3361,3360,3359,3358,3357,3356,3355,3384,3354,3353,3352&Prime; posts_number=\u00a0\u00bb1&Prime; show_pagination=\u00a0\u00bboff\u00a0\u00bb admin_label=\u00a0\u00bbPROCLAMATION 2015-16&Prime; _builder_version=\u00a0\u00bb3.0.87&Prime; title_font=\u00a0\u00bbCuprum|on|||\u00a0\u00bb title_text_color=\u00a0\u00bb#0c71c3&Prime; caption_font=\u00a0\u00bb|||on|\u00a0\u00bb caption_line_height=\u00a0\u00bb14px\u00a0\u00bb caption_line_height_tablet=\u00a0\u00bb\u00a0\u00bb caption_line_height_phone=\u00a0\u00bb\u00a0\u00bb caption_line_height_last_edited=\u00a0\u00bbon|phone\u00a0\u00bb use_border_color=\u00a0\u00bboff\u00a0\u00bb border_color=\u00a0\u00bb#ffffff\u00a0\u00bb border_style=\u00a0\u00bbsolid\u00a0\u00bb][\/et_pb_gallery][et_pb_gallery gallery_ids=\u00a0\u00bb3773,3772,3771,3770,3769,3797,3796,3795,3794,3793,3792,3791,3790,3789,3788,3787,3786,3785,3784,3783,3782,3781,3779,3778,3777,3776,3774,3767,3768,3766,3764,3763,3765&Prime; posts_number=\u00a0\u00bb1&Prime; show_pagination=\u00a0\u00bboff\u00a0\u00bb zoom_icon_color=\u00a0\u00bb#004080&Prime; admin_label=\u00a0\u00bbPROCLAMATION 2016-17&Prime; _builder_version=\u00a0\u00bb3.0.106&Prime; title_font=\u00a0\u00bbCuprum|on|||\u00a0\u00bb title_text_color=\u00a0\u00bb#0c71c3&Prime; caption_font=\u00a0\u00bb|||on|\u00a0\u00bb caption_line_height=\u00a0\u00bb14px\u00a0\u00bb caption_line_height_tablet=\u00a0\u00bb\u00a0\u00bb caption_line_height_phone=\u00a0\u00bb\u00a0\u00bb caption_line_height_last_edited=\u00a0\u00bbon|phone\u00a0\u00bb border_style=\u00a0\u00bbsolid\u00a0\u00bb][\/et_pb_gallery][et_pb_gallery gallery_ids=\u00a0\u00bb4104,4105,4106,4107,4108,4109,4110,4111,4112,4113,4114,4115,4116,4117,4118,4119,4120,4121,4122,4123,4124,4125,4126,4127,4128&Prime; posts_number=\u00a0\u00bb1&Prime; show_pagination=\u00a0\u00bboff\u00a0\u00bb zoom_icon_color=\u00a0\u00bb#004080&Prime; admin_label=\u00a0\u00bbMALTE 2018&Prime; _builder_version=\u00a0\u00bb3.2.2&Prime; title_font=\u00a0\u00bbCuprum|on|||\u00a0\u00bb title_text_color=\u00a0\u00bb#0c71c3&Prime; title_font_size=\u00a0\u00bb15&Prime; use_border_color=\u00a0\u00bboff\u00a0\u00bb]&nbsp;<br \/>\n[\/et_pb_gallery][et_pb_gallery gallery_ids=\u00a0\u00bb4232,4233,4234,4235,4236,4237,4238,4239,4240,4241,4242&Prime; posts_number=\u00a0\u00bb1&Prime; show_pagination=\u00a0\u00bboff\u00a0\u00bb zoom_icon_color=\u00a0\u00bb#004080&Prime; admin_label=\u00a0\u00bbPROCLAMATION 2017-18&Prime; _builder_version=\u00a0\u00bb3.9&Prime; title_font=\u00a0\u00bbCuprum|on|||\u00a0\u00bb title_text_color=\u00a0\u00bb#0c71c3&Prime; caption_font=\u00a0\u00bb|||on|\u00a0\u00bb caption_line_height=\u00a0\u00bb14px\u00a0\u00bb caption_line_height_tablet=\u00a0\u00bb\u00a0\u00bb caption_line_height_phone=\u00a0\u00bb\u00a0\u00bb caption_line_height_last_edited=\u00a0\u00bbon|phone\u00a0\u00bb border_style=\u00a0\u00bbsolid\u00a0\u00bb][\/et_pb_gallery][\/et_pb_column][\/et_pb_row][\/et_pb_section][et_pb_section fb_built=\u00a0\u00bb1&Prime; custom_padding_last_edited=\u00a0\u00bbon|desktop\u00a0\u00bb admin_label=\u00a0\u00bbBANDEAU VIDEOS\u00a0\u00bb _builder_version=\u00a0\u00bb4.4.6&Prime; background_color=\u00a0\u00bb#004080&Prime; background_image=\u00a0\u00bbhttps:\/\/www.sv-sf.be\/SVXL\/wp-content\/uploads\/2016\/05\/fond_menu.jpg\u00a0\u00bb custom_padding_tablet=\u00a0\u00bb50px|0|50px|0&Prime; custom_padding_phone=\u00a0\u00bb\u00a0\u00bb transparent_background=\u00a0\u00bboff\u00a0\u00bb padding_mobile=\u00a0\u00bboff\u00a0\u00bb][et_pb_row padding_mobile=\u00a0\u00bboff\u00a0\u00bb column_padding_mobile=\u00a0\u00bbon\u00a0\u00bb admin_label=\u00a0\u00bbrow\u00a0\u00bb _builder_version=\u00a0\u00bb3.25&Prime; background_color=\u00a0\u00bbrgba(255,255,255,0)\u00a0\u00bb background_size=\u00a0\u00bbinitial\u00a0\u00bb background_position=\u00a0\u00bbtop_left\u00a0\u00bb background_repeat=\u00a0\u00bbrepeat\u00a0\u00bb][et_pb_column type=\u00a0\u00bb4_4&Prime; _builder_version=\u00a0\u00bb3.25&Prime; background_color=\u00a0\u00bbrgba(255,255,255,0)\u00a0\u00bb custom_padding=\u00a0\u00bb|||\u00a0\u00bb custom_padding__hover=\u00a0\u00bb|||\u00a0\u00bb][et_pb_text admin_label=\u00a0\u00bbVID\u00c9OS\u00a0\u00bb _builder_version=\u00a0\u00bb3.27.4&Prime; text_font=\u00a0\u00bbCuprum|on|||\u00a0\u00bb text_text_color=\u00a0\u00bb#ffffff\u00a0\u00bb text_font_size=\u00a0\u00bb28&Prime; text_line_height=\u00a0\u00bb1.8em\u00a0\u00bb background_color=\u00a0\u00bbrgba(255,255,255,0)\u00a0\u00bb background_size=\u00a0\u00bbinitial\u00a0\u00bb background_position=\u00a0\u00bbtop_left\u00a0\u00bb background_repeat=\u00a0\u00bbrepeat\u00a0\u00bb text_orientation=\u00a0\u00bbcenter\u00a0\u00bb module_alignment=\u00a0\u00bbcenter\u00a0\u00bb custom_margin=\u00a0\u00bb0px||0px|\u00a0\u00bb custom_padding=\u00a0\u00bb0px||0px|\u00a0\u00bb text_font_size_last_edited=\u00a0\u00bboff|phone\u00a0\u00bb use_border_color=\u00a0\u00bboff\u00a0\u00bb]VID\u00c9OS<br \/>\n[\/et_pb_text][\/et_pb_column][\/et_pb_row][\/et_pb_section][et_pb_section fb_built=\u00a0\u00bb1&Prime; custom_padding_last_edited=\u00a0\u00bbon|desktop\u00a0\u00bb admin_label=\u00a0\u00bbAFFICHAGE DES VIDEOS\u00a0\u00bb _builder_version=\u00a0\u00bb4.4.6&Prime; background_color=\u00a0\u00bb#e6e6fa\u00a0\u00bb custom_padding_tablet=\u00a0\u00bb50px|0|50px|0&Prime; custom_padding_phone=\u00a0\u00bb\u00a0\u00bb transparent_background=\u00a0\u00bboff\u00a0\u00bb padding_mobile=\u00a0\u00bboff\u00a0\u00bb][et_pb_row _builder_version=\u00a0\u00bb4.4.6&Prime;][et_pb_column type=\u00a0\u00bb4_4&Prime; _builder_version=\u00a0\u00bb4.4.6&Prime;][et_pb_video src=\u00a0\u00bbhttps:\/\/www.youtube.com\/watch?v=zyn_IFbJtnM&#038;feature=youtu.be\u00a0\u00bb thumbnail_overlay_color=\u00a0\u00bbrgba(0,0,0,0.6)\u00a0\u00bb admin_label=\u00a0\u00bbVIDEO YOUTUBE CORONAVIRUS\u00a0\u00bb _builder_version=\u00a0\u00bb4.4.6&Prime; hover_enabled=\u00a0\u00bb0&Prime; sticky_enabled=\u00a0\u00bb0&Prime;][\/et_pb_video][\/et_pb_column][\/et_pb_row][et_pb_row _builder_version=\u00a0\u00bb4.4.6&Prime;][et_pb_column type=\u00a0\u00bb4_4&Prime; _builder_version=\u00a0\u00bb4.4.6&Prime;][et_pb_divider _builder_version=\u00a0\u00bb4.4.6&Prime;][\/et_pb_divider][\/et_pb_column][\/et_pb_row][et_pb_row column_structure=\u00a0\u00bb1_3,1_3,1_3&Prime; _builder_version=\u00a0\u00bb3.25&Prime; background_size=\u00a0\u00bbinitial\u00a0\u00bb background_position=\u00a0\u00bbtop_left\u00a0\u00bb background_repeat=\u00a0\u00bbrepeat\u00a0\u00bb][et_pb_column type=\u00a0\u00bb1_3&Prime; _builder_version=\u00a0\u00bb3.25&Prime; custom_padding=\u00a0\u00bb|||\u00a0\u00bb custom_padding__hover=\u00a0\u00bb|||\u00a0\u00bb][et_pb_text admin_label=\u00a0\u00bbVIDEO PROCLAMATION 2016-17&Prime; _builder_version=\u00a0\u00bb3.27.4&Prime; text_font=\u00a0\u00bb|on|||\u00a0\u00bb background_color=\u00a0\u00bb#ffffff\u00a0\u00bb background_size=\u00a0\u00bbinitial\u00a0\u00bb background_position=\u00a0\u00bbtop_left\u00a0\u00bb background_repeat=\u00a0\u00bbrepeat\u00a0\u00bb text_orientation=\u00a0\u00bbcenter\u00a0\u00bb module_alignment=\u00a0\u00bbcenter\u00a0\u00bb custom_padding=\u00a0\u00bb5px|5px|5px|5px\u00a0\u00bb custom_padding_tablet=\u00a0\u00bb\u00a0\u00bb custom_padding_phone=\u00a0\u00bb\u00a0\u00bb custom_padding_last_edited=\u00a0\u00bbon|\u00a0\u00bb header_font_size_last_edited=\u00a0\u00bboff|desktop\u00a0\u00bb border_color_all=\u00a0\u00bb#004080&Prime; use_border_color=\u00a0\u00bbon\u00a0\u00bb]<\/p>\n<p style=\"text-align: center;\"><a href=\"https:\/\/www.sv-sf.be\/SVXL\/wp-content\/uploads\/2017\/06\/Film_Proclamation_2016-2017.mpeg\"><img loading=\"lazy\" decoding=\"async\" class=\"alignnone\" src=\"https:\/\/www.sv-sf.be\/SVXL\/wp-content\/uploads\/2017\/06\/Proclamation_2016-2017.jpg\" width=\"213\" height=\"115\" \/><\/a><br \/>\nProclamation Promotion 2016-2017<\/p>\n<p>[\/et_pb_text][\/et_pb_column][et_pb_column type=\u00a0\u00bb1_3&Prime; _builder_version=\u00a0\u00bb3.25&Prime; custom_padding=\u00a0\u00bb|||\u00a0\u00bb custom_padding__hover=\u00a0\u00bb|||\u00a0\u00bb][\/et_pb_column][et_pb_column type=\u00a0\u00bb1_3&Prime; _builder_version=\u00a0\u00bb3.25&Prime; custom_padding=\u00a0\u00bb|||\u00a0\u00bb custom_padding__hover=\u00a0\u00bb|||\u00a0\u00bb][et_pb_text admin_label=\u00a0\u00bbVIDEO PROCLAMATION 2017-18&Prime; _builder_version=\u00a0\u00bb3.27.4&Prime; text_font=\u00a0\u00bb|on|||\u00a0\u00bb background_color=\u00a0\u00bb#ffffff\u00a0\u00bb background_size=\u00a0\u00bbinitial\u00a0\u00bb background_position=\u00a0\u00bbtop_left\u00a0\u00bb background_repeat=\u00a0\u00bbrepeat\u00a0\u00bb text_orientation=\u00a0\u00bbcenter\u00a0\u00bb module_alignment=\u00a0\u00bbcenter\u00a0\u00bb custom_padding=\u00a0\u00bb5px|5px|5px|5px\u00a0\u00bb custom_padding_tablet=\u00a0\u00bb\u00a0\u00bb custom_padding_phone=\u00a0\u00bb\u00a0\u00bb custom_padding_last_edited=\u00a0\u00bbon|\u00a0\u00bb header_font_size_last_edited=\u00a0\u00bboff|desktop\u00a0\u00bb border_color_all=\u00a0\u00bb#004080&Prime; use_border_color=\u00a0\u00bbon\u00a0\u00bb]<\/p>\n<p style=\"text-align: center;\"><a href=\"https:\/\/www.sv-sf.be\/SVXL\/wp-content\/uploads\/2018\/06\/Film_Proclamation_2017-2018.mov\"><img loading=\"lazy\" decoding=\"async\" class=\"alignnone\" src=\"https:\/\/www.sv-sf.be\/SVXL\/wp-content\/uploads\/2018\/06\/Proclamation_2017-2018.jpg\" width=\"213\" height=\"115\" \/><\/a><br \/>\nProclamation Promotion 2017-2018<\/p>\n<p>[\/et_pb_text][\/et_pb_column][\/et_pb_row][\/et_pb_section]<\/p>\n","protected":false},"excerpt":{"rendered":"<p>PHOTOS CHARTE DU DROIT D&rsquo;IMAGE [PDF] LES PHOTOGRAPHIES PR\u00c9SENTES SUR CE SITE INTERNET NE PEUVENT PAS \u00caTRE MODIFI\u00c9ES \u00c0 DES FINS COMMERCIALES OU PUBLICITAIRES, NI COPI\u00c9ES OU REPRODUITES SOUS QUELQUE FORME QUE CE SOIT SANS L&rsquo;AUTORISATION DU PHOTOGRAPHE ET DE L\u2019\u00c9COLE.TOUTE REPRODUCTION OU REPR\u00c9SENTATION D\u2019UNE PHOTOGRAPHIE PAR QUELQUE MOYEN QUE CE SOIT, IMPRIM\u00c9 OU NUM\u00c9RIQUE, [&hellip;]<\/p>\n","protected":false},"author":1,"featured_media":0,"parent":0,"menu_order":0,"comment_status":"closed","ping_status":"closed","template":"","meta":{"_et_pb_use_builder":"on","_et_pb_old_content":"","_et_gb_content_width":"","footnotes":""},"class_list":["post-59","page","type-page","status-publish","hentry"],"_links":{"self":[{"href":"https:\/\/www.sv-sf.be\/SVXL\/index.php?rest_route=\/wp\/v2\/pages\/59","targetHints":{"allow":["GET"]}}],"collection":[{"href":"https:\/\/www.sv-sf.be\/SVXL\/index.php?rest_route=\/wp\/v2\/pages"}],"about":[{"href":"https:\/\/www.sv-sf.be\/SVXL\/index.php?rest_route=\/wp\/v2\/types\/page"}],"author":[{"embeddable":true,"href":"https:\/\/www.sv-sf.be\/SVXL\/index.php?rest_route=\/wp\/v2\/users\/1"}],"replies":[{"embeddable":true,"href":"https:\/\/www.sv-sf.be\/SVXL\/index.php?rest_route=%2Fwp%2Fv2%2Fcomments&post=59"}],"version-history":[{"count":0,"href":"https:\/\/www.sv-sf.be\/SVXL\/index.php?rest_route=\/wp\/v2\/pages\/59\/revisions"}],"wp:attachment":[{"href":"https:\/\/www.sv-sf.be\/SVXL\/index.php?rest_route=%2Fwp%2Fv2%2Fmedia&parent=59"}],"curies":[{"name":"wp","href":"https:\/\/api.w.org\/{rel}","templated":true}]}}